{"id":51,"date":"2026-04-11T20:47:35","date_gmt":"2026-04-11T20:47:35","guid":{"rendered":"https:\/\/ispr.academy\/2026\/?page_id=51"},"modified":"2026-04-11T20:48:16","modified_gmt":"2026-04-11T20:48:16","slug":"registration","status":"publish","type":"page","link":"https:\/\/ispr.academy\/2026\/ispr\/registration\/","title":{"rendered":"Registration"},"content":{"rendered":"\n<figure class=\"wp-block-table\"><table class=\"has-fixed-layout\"><tbody><tr><td>&nbsp;<\/td><td><strong>Early Registration<\/strong><\/td><td><strong>Late Registration<\/strong><\/td><\/tr><tr><td>&nbsp;<\/td><td><strong>(by September 30, 2026)<\/strong><\/td><td><strong>(October 1 \u2013\u00a0October\u00a016, 2026)<\/strong><\/td><\/tr><tr><td><strong>Academician<\/strong><\/td><td>\u20ac .<\/td><td>\u20ac .<\/td><\/tr><tr><td><strong>Student<\/strong><\/td><td>\u20ac .<\/td><td>\u20ac .<\/td><\/tr><tr><td><strong>Each Additional Paper<\/strong><\/td><td>\u20ac .<\/td><td>\u20ac .<\/td><\/tr><\/tbody><\/table><\/figure>\n\n\n\n<p><strong>Registration fee includes:<\/strong><\/p>\n\n\n\n<ul class=\"wp-block-list\">\n<li>Presentation of one paper<\/li>\n\n\n\n<li>Publication of one paper in e-book of\u00a0<strong>Springer<\/strong><strong>Verlag<\/strong>\u00a0in case of early registration (printed book is optional at a discounted\u00a0 price)<\/li>\n\n\n\n<li>Certificate of Presentation<\/li>\n\n\n\n<li>Access to all sessions of symposium<\/li>\n<\/ul>\n\n\n\n<p>At least one of the authors of each accepted paper must register for the symposium.<\/p>\n\n\n\n<hr class=\"wp-block-separator has-alpha-channel-opacity\"\/>\n\n\n\n<p><strong>\u00dcretim Ara\u015ft\u0131rmalar\u0131 Derne\u011fi<\/strong><\/p>\n\n\n\n<p><strong>Hesap numaralar\u0131 ve IBAN no.lar\u0131:<\/strong><\/p>\n\n\n\n<p>TL ACCOUNT: 00158 0072 8789 9097<br>IBAN NO: TR54 00015 00158 0072 8789 9097<\/p>\n\n\n\n<p>USD ACCOUNT: 00158 0480 0070 5412<br>IBAN NO: TR77 00015 00158 0480 0070 5412<\/p>\n\n\n\n<p>EUR ACCOUNT: 00158 0480 0070 5415<br>IBAN NO: TR93 00015 00158 0480 0070 5415<\/p>\n\n\n\n<p>Please send your bank reciepts to our email: ispracademy@gmail.com<\/p>\n\n\n\n<p>Please click here to fill the form for registeration!<\/p>\n","protected":false},"excerpt":{"rendered":"<p>&nbsp; Early Registration Late Registration &nbsp; (by September 30, 2026) (October 1 \u2013\u00a0October\u00a016, 2026) Academician \u20ac . \u20ac . Student \u20ac . \u20ac . Each Additional Paper \u20ac . \u20ac . Registration fee includes: At least one of the authors of each accepted paper must register for the symposium. \u00dcretim Ara\u015ft\u0131rmalar\u0131 Derne\u011fi Hesap numaralar\u0131 ve [&hellip;]<\/p>\n","protected":false},"author":1,"featured_media":0,"parent":25,"menu_order":0,"comment_status":"closed","ping_status":"closed","template":"","meta":{"_uag_custom_page_level_css":"","site-sidebar-layout":"default","site-content-layout":"","ast-site-content-layout":"default","site-content-style":"default","site-sidebar-style":"default","ast-global-header-display":"","ast-banner-title-visibility":"","ast-main-header-display":"","ast-hfb-above-header-display":"","ast-hfb-below-header-display":"","ast-hfb-mobile-header-display":"","site-post-title":"","ast-breadcrumbs-content":"","ast-featured-img":"","footer-sml-layout":"","ast-disable-related-posts":"","theme-transparent-header-meta":"","adv-header-id-meta":"","stick-header-meta":"","header-above-stick-meta":"","header-main-stick-meta":"","header-below-stick-meta":"","astra-migrate-meta-layouts":"default","ast-page-background-enabled":"default","ast-page-background-meta":{"desktop":{"background-color":"","background-image":"","background-repeat":"repeat","background-position":"center center","background-size":"auto","background-attachment":"scroll","background-type":"","background-media":"","overlay-type":"","overlay-color":"","overlay-opacity":"","overlay-gradient":""},"tablet":{"background-color":"","background-image":"","background-repeat":"repeat","background-position":"center center","background-size":"auto","background-attachment":"scroll","background-type":"","background-media":"","overlay-type":"","overlay-color":"","overlay-opacity":"","overlay-gradient":""},"mobile":{"background-color":"","background-image":"","background-repeat":"repeat","background-position":"center center","background-size":"auto","background-attachment":"scroll","background-type":"","background-media":"","overlay-type":"","overlay-color":"","overlay-opacity":"","overlay-gradient":""}},"ast-content-background-meta":{"desktop":{"background-color":"var(--ast-global-color-5)","background-image":"","background-repeat":"repeat","background-position":"center center","background-size":"auto","background-attachment":"scroll","background-type":"","background-media":"","overlay-type":"","overlay-color":"","overlay-opacity":"","overlay-gradient":""},"tablet":{"background-color":"var(--ast-global-color-5)","background-image":"","background-repeat":"repeat","background-position":"center center","background-size":"auto","background-attachment":"scroll","background-type":"","background-media":"","overlay-type":"","overlay-color":"","overlay-opacity":"","overlay-gradient":""},"mobile":{"background-color":"var(--ast-global-color-5)","background-image":"","background-repeat":"repeat","background-position":"center center","background-size":"auto","background-attachment":"scroll","background-type":"","background-media":"","overlay-type":"","overlay-color":"","overlay-opacity":"","overlay-gradient":""}},"footnotes":""},"class_list":["post-51","page","type-page","status-publish","hentry"],"_hostinger_reach_plugin_has_subscription_block":false,"_hostinger_reach_plugin_is_elementor":false,"uagb_featured_image_src":{"full":false,"thumbnail":false,"medium":false,"medium_large":false,"large":false,"1536x1536":false,"2048x2048":false},"uagb_author_info":{"display_name":"emrecebi","author_link":"https:\/\/ispr.academy\/2026\/author\/emrecebi\/"},"uagb_comment_info":0,"uagb_excerpt":"&nbsp; Early Registration Late Registration &nbsp; (by September 30, 2026) (October 1 \u2013\u00a0October\u00a016, 2026) Academician \u20ac . \u20ac . Student \u20ac . \u20ac . Each Additional Paper \u20ac . \u20ac . Registration fee includes: At least one of the authors of each accepted paper must register for the symposium. \u00dcretim Ara\u015ft\u0131rmalar\u0131 Derne\u011fi Hesap numaralar\u0131 ve&hellip;","_links":{"self":[{"href":"https:\/\/ispr.academy\/2026\/wp-json\/wp\/v2\/pages\/51","targetHints":{"allow":["GET"]}}],"collection":[{"href":"https:\/\/ispr.academy\/2026\/wp-json\/wp\/v2\/pages"}],"about":[{"href":"https:\/\/ispr.academy\/2026\/wp-json\/wp\/v2\/types\/page"}],"author":[{"embeddable":true,"href":"https:\/\/ispr.academy\/2026\/wp-json\/wp\/v2\/users\/1"}],"replies":[{"embeddable":true,"href":"https:\/\/ispr.academy\/2026\/wp-json\/wp\/v2\/comments?post=51"}],"version-history":[{"count":1,"href":"https:\/\/ispr.academy\/2026\/wp-json\/wp\/v2\/pages\/51\/revisions"}],"predecessor-version":[{"id":52,"href":"https:\/\/ispr.academy\/2026\/wp-json\/wp\/v2\/pages\/51\/revisions\/52"}],"up":[{"embeddable":true,"href":"https:\/\/ispr.academy\/2026\/wp-json\/wp\/v2\/pages\/25"}],"wp:attachment":[{"href":"https:\/\/ispr.academy\/2026\/wp-json\/wp\/v2\/media?parent=51"}],"curies":[{"name":"wp","href":"https:\/\/api.w.org\/{rel}","templated":true}]}}