{"id":33,"date":"2026-04-11T20:26:16","date_gmt":"2026-04-11T20:26:16","guid":{"rendered":"https:\/\/ispr.academy\/2026\/?page_id=33"},"modified":"2026-04-12T00:27:40","modified_gmt":"2026-04-12T00:27:40","slug":"past-events","status":"publish","type":"page","link":"https:\/\/ispr.academy\/2026\/ispr\/past-events\/","title":{"rendered":"Past Events"},"content":{"rendered":"\n<figure class=\"wp-block-table\"><table class=\"has-fixed-layout\"><tbody><tr><td><strong>Symp<\/strong><\/td><td><strong>Date<\/strong><\/td><td><strong>Hosting University(ies)<\/strong><\/td><td><strong>Symposium Chair(s)<\/strong><\/td><\/tr><tr><td>1<\/td><td>Oct.30-31 1997<\/td><td>\u0130st. Teknik Univ.<br>\u0130stanbul Univ.<\/td><td>A.Toraman (ITU)<br>G.Gen\u00e7y\u0131lmaz (IU)<\/td><\/tr><tr><td>2<\/td><td>Nov. 8-9 2001<\/td><td>\u0130st. Teknik Univ.<br>\u0130stanbul Univ.<\/td><td>A.Toraman (ITU)<br>G.Gen\u00e7y\u0131lmaz (IU)<\/td><\/tr><tr><td>3<\/td><td>Apr. 19-20 2003<\/td><td>\u0130st. Kultur Univ.<\/td><td>G.Gen\u00e7y\u0131lmaz (IKU)<\/td><\/tr><tr><td>4<\/td><td>Oct. 8-10 2004<\/td><td>Konya Sel\u00e7uk Univ.<\/td><td>M.Tekin (SU)<\/td><\/tr><tr><td>5<\/td><td>Nov. 25-27 2005<\/td><td>\u0130st. Ticaret Univ.<\/td><td>S.Birg\u00fcn (ITICU)<\/td><\/tr><tr><td>6<\/td><td>Sep. 22-23 2006<\/td><td>\u0130st. Kultur Univ.<\/td><td>G.Gen\u00e7y\u0131lmaz (IKU)<\/td><\/tr><tr><td>7<\/td><td>Nov. 15-17 2007<\/td><td>Gazi Univ.<\/td><td>S.Erol (GU)<\/td><\/tr><tr><td>8<\/td><td>Oct. 24-25 2008<\/td><td>\u0130st. Kultur Univ. Istanbul Univ.<\/td><td>G.Gen\u00e7y\u0131lmaz (IKU)<br>\u015e.Esnaf (IU)<\/td><\/tr><tr><td>9<\/td><td>Oct. 15-17 2009<\/td><td>Eski\u015fehir Osmangazi \u00dcniv.<\/td><td>N.Y\u00fcz\u00fcg\u00fcll\u00fc (EOU)<\/td><\/tr><tr><td>10<\/td><td>Sep. 15-17 2010<\/td><td>Girne American Univ.<br>\u00dcretim Ara\u015ft\u0131rmalar\u0131 Derne\u011fi (\u00dcAD)<\/td><td>Y.\u00d6ner (GAU)<br>A.Toraman (ITU)<br>G.Gen\u00e7y\u0131lmaz (UAD)<\/td><\/tr><tr><td>11<\/td><td>Jun. 23-24 2011<\/td><td>\u0130st. Ticaret Univ.<\/td><td>S.Birg\u00fcn (\u0130T\u0130CU)<\/td><\/tr><tr><td>12<\/td><td>Sep. 27-29 2012<\/td><td>Gediz Univ.<\/td><td>M.G\u00fcne\u015f (GU)<\/td><\/tr><tr><td>13<\/td><td>Sep. 25-27 2013<\/td><td>Sakarya Univ.<br>Marmara Univ.<\/td><td>O.Torkul (SAU)<br>S.\u00dcmit F\u0131rat (MU)<\/td><\/tr><tr><td>14<\/td><td>Sep. 03-04 2014<\/td><td>Bah\u00e7e\u015fehir Univ.<\/td><td>S.G\u00f6zl\u00fc (BAU)<\/td><\/tr><tr><td>15<\/td><td>Oct. 14-16 2015<\/td><td>Ege Univ.<br>\u00dcretim Ara\u015ft\u0131rmalar\u0131 Derne\u011fi (\u00dcAD)<\/td><td>H. Soyuer (EU)<br>G.Gen\u00e7y\u0131lmaz (UAD)<\/td><\/tr><tr><td>16<\/td><td>Oct. 12-14 2016<\/td><td>\u0130st. Teknik Univ.<br>\u00dcretim Ara\u015ft\u0131rmalar\u0131 Derne\u011fi (\u00dcAD)<\/td><td>F.\u00c7ebi (ITU)<br>G.Gen\u00e7y\u0131lmaz (UAD)<\/td><\/tr><tr><td>17<\/td><td>Sept. 13-15 2017<\/td><td>TU Wien<br>Society for Production Research (SPR)<\/td><td>Numan M. Durakba\u015fa (TU Wien)<br>M. G\u00fcne\u015f Gen\u00e7y\u0131lmaz (SPR)<\/td><\/tr><tr><td>18<\/td><td>Aug. 28-31 2018<\/td><td>TU Wien<br>Society for Production Research (SPR)<\/td><td>Numan M. Durakba\u015fa (TU Wien)<br>M. G\u00fcne\u015f Gen\u00e7y\u0131lmaz (SPR)<\/td><\/tr><tr><td>19<\/td><td>Aug. 28-30 2019<\/td><td>TU Wien<br>Society for Production Research (SPR)<\/td><td>Numan M. Durakba\u015fa (TU Wien)<br>M. G\u00fcne\u015f Gen\u00e7y\u0131lmaz (SPR)<\/td><\/tr><tr><td>20<\/td><td>Sep. 24-27 2020<\/td><td>TU Wien<br>Society for Production Research (SPR)<\/td><td>Numan M. Durakba\u015fa (TU Wien)<br>M. G\u00fcne\u015f Gen\u00e7y\u0131lmaz (SPR)<\/td><\/tr><tr><td>21<\/td><td>Oct. 7-9 2021<\/td><td>TU Wien<br>Society for Production Research (SPR)<\/td><td>Numan M. Durakba\u015fa (TU Wien)<br>M. G\u00fcne\u015f Gen\u00e7y\u0131lmaz (SPR)<\/td><\/tr><tr><td>22<\/td><td>Oct. 6-8 2022<\/td><td>TU Wien<br>Society for Production Research (SPR)<\/td><td>Numan M. Durakba\u015fa (TU Wien)<br>M. G\u00fcne\u015f Gen\u00e7y\u0131lmaz (SPR)<\/td><\/tr><tr><td>23<\/td><td>Oct. 5-7 2023<\/td><td>TU Wien<br>Society for Production Research (SPR)<\/td><td>Numan M. Durakba\u015fa (TU Wien)<br>M. G\u00fcne\u015f Gen\u00e7y\u0131lmaz (SPR)<\/td><\/tr><tr><td>24<\/td><td>Oct. 10-12 2024<\/td><td>TU Wien<br>Society for Production Research (SPR)<\/td><td>Numan M. Durakba\u015fa (TU Wien)<br>M. G\u00fcne\u015f Gen\u00e7y\u0131lmaz (SPR)<\/td><\/tr><tr><td>25<\/td><td>Oct. 09-11 2025<\/td><td>ITU<br>TU Wien<br>Society for Production Research (SPR)<\/td><td>Prof. Dr. Hatice Camg\u00f6z Akda\u011f (ITU)<br>Numan M. Durakba\u015fa (TU Wien)<\/td><\/tr><tr><td>26<\/td><td>Oct. 15-17 2026<\/td><td>International University of Sarajevo<br>TU Wien<br>Society for Production Research (SPR)<\/td><td>Numan M. Durakba\u015fa (TU Wien)<br>Prof. Dr. Ali Osman Ku\u015fakc\u0131 (International University of Sarajevo)<\/td><\/tr><\/tbody><\/table><\/figure>\n","protected":false},"excerpt":{"rendered":"<p>Symp Date Hosting University(ies) Symposium Chair(s) 1 Oct.30-31 1997 \u0130st. Teknik Univ.\u0130stanbul Univ. A.Toraman (ITU)G.Gen\u00e7y\u0131lmaz (IU) 2 Nov. 8-9 2001 \u0130st. Teknik Univ.\u0130stanbul Univ. A.Toraman (ITU)G.Gen\u00e7y\u0131lmaz (IU) 3 Apr. 19-20 2003 \u0130st. Kultur Univ. G.Gen\u00e7y\u0131lmaz (IKU) 4 Oct. 8-10 2004 Konya Sel\u00e7uk Univ. M.Tekin (SU) 5 Nov. 25-27 2005 \u0130st. Ticaret Univ. S.Birg\u00fcn (ITICU) 6 [&hellip;]<\/p>\n","protected":false},"author":1,"featured_media":0,"parent":25,"menu_order":2,"comment_status":"closed","ping_status":"closed","template":"","meta":{"_uag_custom_page_level_css":"","site-sidebar-layout":"default","site-content-layout":"","ast-site-content-layout":"default","site-content-style":"default","site-sidebar-style":"default","ast-global-header-display":"","ast-banner-title-visibility":"","ast-main-header-display":"","ast-hfb-above-header-display":"","ast-hfb-below-header-display":"","ast-hfb-mobile-header-display":"","site-post-title":"","ast-breadcrumbs-content":"","ast-featured-img":"","footer-sml-layout":"","ast-disable-related-posts":"","theme-transparent-header-meta":"","adv-header-id-meta":"","stick-header-meta":"","header-above-stick-meta":"","header-main-stick-meta":"","header-below-stick-meta":"","astra-migrate-meta-layouts":"set","ast-page-background-enabled":"default","ast-page-background-meta":{"desktop":{"background-color":"","background-image":"","background-repeat":"repeat","background-position":"center center","background-size":"auto","background-attachment":"scroll","background-type":"","background-media":"","overlay-type":"","overlay-color":"","overlay-opacity":"","overlay-gradient":""},"tablet":{"background-color":"","background-image":"","background-repeat":"repeat","background-position":"center center","background-size":"auto","background-attachment":"scroll","background-type":"","background-media":"","overlay-type":"","overlay-color":"","overlay-opacity":"","overlay-gradient":""},"mobile":{"background-color":"","background-image":"","background-repeat":"repeat","background-position":"center center","background-size":"auto","background-attachment":"scroll","background-type":"","background-media":"","overlay-type":"","overlay-color":"","overlay-opacity":"","overlay-gradient":""}},"ast-content-background-meta":{"desktop":{"background-color":"var(--ast-global-color-5)","background-image":"","background-repeat":"repeat","background-position":"center center","background-size":"auto","background-attachment":"scroll","background-type":"","background-media":"","overlay-type":"","overlay-color":"","overlay-opacity":"","overlay-gradient":""},"tablet":{"background-color":"var(--ast-global-color-5)","background-image":"","background-repeat":"repeat","background-position":"center center","background-size":"auto","background-attachment":"scroll","background-type":"","background-media":"","overlay-type":"","overlay-color":"","overlay-opacity":"","overlay-gradient":""},"mobile":{"background-color":"var(--ast-global-color-5)","background-image":"","background-repeat":"repeat","background-position":"center center","background-size":"auto","background-attachment":"scroll","background-type":"","background-media":"","overlay-type":"","overlay-color":"","overlay-opacity":"","overlay-gradient":""}},"footnotes":""},"class_list":["post-33","page","type-page","status-publish","hentry"],"_hostinger_reach_plugin_has_subscription_block":false,"_hostinger_reach_plugin_is_elementor":false,"uagb_featured_image_src":{"full":false,"thumbnail":false,"medium":false,"medium_large":false,"large":false,"1536x1536":false,"2048x2048":false},"uagb_author_info":{"display_name":"emrecebi","author_link":"https:\/\/ispr.academy\/2026\/author\/emrecebi\/"},"uagb_comment_info":0,"uagb_excerpt":"Symp Date Hosting University(ies) Symposium Chair(s) 1 Oct.30-31 1997 \u0130st. Teknik Univ.\u0130stanbul Univ. A.Toraman (ITU)G.Gen\u00e7y\u0131lmaz (IU) 2 Nov. 8-9 2001 \u0130st. Teknik Univ.\u0130stanbul Univ. A.Toraman (ITU)G.Gen\u00e7y\u0131lmaz (IU) 3 Apr. 19-20 2003 \u0130st. Kultur Univ. G.Gen\u00e7y\u0131lmaz (IKU) 4 Oct. 8-10 2004 Konya Sel\u00e7uk Univ. M.Tekin (SU) 5 Nov. 25-27 2005 \u0130st. Ticaret Univ. S.Birg\u00fcn (ITICU) 6&hellip;","_links":{"self":[{"href":"https:\/\/ispr.academy\/2026\/wp-json\/wp\/v2\/pages\/33","targetHints":{"allow":["GET"]}}],"collection":[{"href":"https:\/\/ispr.academy\/2026\/wp-json\/wp\/v2\/pages"}],"about":[{"href":"https:\/\/ispr.academy\/2026\/wp-json\/wp\/v2\/types\/page"}],"author":[{"embeddable":true,"href":"https:\/\/ispr.academy\/2026\/wp-json\/wp\/v2\/users\/1"}],"replies":[{"embeddable":true,"href":"https:\/\/ispr.academy\/2026\/wp-json\/wp\/v2\/comments?post=33"}],"version-history":[{"count":4,"href":"https:\/\/ispr.academy\/2026\/wp-json\/wp\/v2\/pages\/33\/revisions"}],"predecessor-version":[{"id":287,"href":"https:\/\/ispr.academy\/2026\/wp-json\/wp\/v2\/pages\/33\/revisions\/287"}],"up":[{"embeddable":true,"href":"https:\/\/ispr.academy\/2026\/wp-json\/wp\/v2\/pages\/25"}],"wp:attachment":[{"href":"https:\/\/ispr.academy\/2026\/wp-json\/wp\/v2\/media?parent=33"}],"curies":[{"name":"wp","href":"https:\/\/api.w.org\/{rel}","templated":true}]}}