{"id":31,"date":"2026-04-11T20:24:08","date_gmt":"2026-04-11T20:24:08","guid":{"rendered":"https:\/\/ispr.academy\/2026\/?page_id=31"},"modified":"2026-04-28T17:06:22","modified_gmt":"2026-04-28T17:06:22","slug":"scientific-committee","status":"publish","type":"page","link":"https:\/\/ispr.academy\/2026\/programme\/committees\/scientific-committee\/","title":{"rendered":"Scientific Committee"},"content":{"rendered":"\n<figure class=\"wp-block-table alignwide is-style-stripes\"><table class=\"has-fixed-layout\"><thead><tr><td><strong>Name &amp; Last Name<\/strong><\/td><td><strong>Affiliation \/ Role<\/strong><\/td><td><strong>Country<\/strong><\/td><\/tr><\/thead><tbody><tr><td><strong>Honorary Chair<\/strong><\/td><td><\/td><td><\/td><\/tr><tr><td>Prof. Dr. Kurt Matyas<\/td><td>TU Wien<\/td><td>Austria<\/td><\/tr><tr><td><strong>Symposium Chairs<\/strong><\/td><td><\/td><td><\/td><\/tr><tr><td>Prof. Dr. Numan M. Durakba\u015fa<\/td><td>TU Wien<\/td><td>Austria<\/td><\/tr><tr><td>Prof. Dr. Ali Osman Ku\u015fakc\u0131<\/td><td>International University of Sarajevo<\/td><td>Bosnia and Herzegovina<\/td><\/tr><tr><td><strong>International Honorary Committee<\/strong><\/td><td><\/td><td><\/td><\/tr><tr><td>Prof. Dr. Albert Weckenmann<\/td><td>Friedrich-Alexander-Universit\u00e4t Erlangen-N\u00fcrnberg<\/td><td>Germany<\/td><\/tr><tr><td>Prof. Dr. Alice E. Smith<\/td><td>Auburn University<\/td><td>USA<\/td><\/tr><tr><td>Prof. Dr. Jerzy A. S\u0142adek<\/td><td>Cracow University of Technology<\/td><td>Poland<\/td><\/tr><tr><td>Prof. Dr. Andrew Kusiak<\/td><td>The University of Iowa<\/td><td>USA<\/td><\/tr><tr><td>Prof. Dr. Daniela Popescu<\/td><td>Technical University of Cluj-Napoca<\/td><td>Romania<\/td><\/tr><tr><td>Prof. Dr. Detlef Gerhard<\/td><td>Ruhr-Universit\u00e4t Bochum<\/td><td>Germany<\/td><\/tr><tr><td>Prof. Dr. Duc Truong Pham<\/td><td>The University of Birmingham<\/td><td>UK<\/td><\/tr><tr><td>Prof. Dr. Friedrich Bleicher<\/td><td>TU Wien<\/td><td>Austria<\/td><\/tr><tr><td>Prof. Dr. Jozef Peterka<\/td><td>Slovak University of Technology<\/td><td>Slovakia<\/td><\/tr><tr><td>Prof. Dr. Lubomir \u0160oo\u0161<\/td><td>Slovak University of Technology in Bratislava<\/td><td>Slovakia<\/td><\/tr><tr><td>Prof. Dr. Sorin Popescu<\/td><td>Technical University of Cluj-Napoca<\/td><td>Romania<\/td><\/tr><tr><td>Prof. Dr. Stanislaw Adamczak<\/td><td>Kielce University of Technology<\/td><td>Poland<\/td><\/tr><tr><td>Prof. Dr. Vidosav Majstorovic<\/td><td>University of Belgrade<\/td><td>Serbia<\/td><\/tr><tr><td>Prof. Dr. G\u00fcl E. Kremer<\/td><td>University of Dayton<\/td><td>USA<\/td><\/tr><tr><td>Prof. Dr. William P., Jr Fisher<\/td><td>University of California, Berkeley<\/td><td>USA<\/td><\/tr><tr><td>Dr. Abhishek Tiwary<\/td><td>De Montfort University<\/td><td>UK<\/td><\/tr><tr><td><strong>International Scientific Committee<\/strong><\/td><td><\/td><td><\/td><\/tr><tr><td>Stanislaw ADAMCZAK<\/td><td><\/td><td>Poland<\/td><\/tr><tr><td>Hatice CAMG\u00d6Z AKDA\u011e<\/td><td><\/td><td>T\u00fcrkiye<\/td><\/tr><tr><td>Abdel Moneim AHMED<\/td><td><\/td><td>UK<\/td><\/tr><tr><td>An\u0131l AKDO\u011eAN<\/td><td><\/td><td>T\u00fcrkiye<\/td><\/tr><tr><td>Kuban ALTINEL<\/td><td><\/td><td>T\u00fcrkiye<\/td><\/tr><tr><td>Tu\u011f\u00e7e APAYDIN<\/td><td><\/td><td>T\u00fcrkiye<\/td><\/tr><tr><td>\u0130lker AR<\/td><td><\/td><td>T\u00fcrkiye<\/td><\/tr><tr><td>Birdo\u011fan BAK\u0130<\/td><td><\/td><td>T\u00fcrkiye<\/td><\/tr><tr><td>Erdal BALABAN<\/td><td><\/td><td>T\u00fcrkiye<\/td><\/tr><tr><td>\u015e\u00fckr\u00fc Alp BARAY<\/td><td><\/td><td>T\u00fcrkiye<\/td><\/tr><tr><td>G\u00f6k\u00e7en BA\u015e<\/td><td><\/td><td>Cyprus<\/td><\/tr><tr><td>Nuri BA\u015eO\u011eLU<\/td><td><\/td><td>T\u00fcrkiye<\/td><\/tr><tr><td>Jorge BAUER<\/td><td><\/td><td>Austria &amp; Argentina<\/td><\/tr><tr><td>Adil BAYKASO\u011eLU<\/td><td><\/td><td>T\u00fcrkiye<\/td><\/tr><tr><td>Erkan BAYRAKTAR<\/td><td><\/td><td>Kuwait<\/td><\/tr><tr><td>\u0130lke BEREKETL\u0130<\/td><td><\/td><td>T\u00fcrkiye<\/td><\/tr><tr><td>Filippo BERTO<\/td><td><\/td><td>Italy<\/td><\/tr><tr><td>Ahmet Korhan B\u0130NARK<\/td><td><\/td><td>T\u00fcrkiye<\/td><\/tr><tr><td>Semra B\u0130RG\u00dcN<\/td><td><\/td><td>T\u00fcrkiye<\/td><\/tr><tr><td>Petr BLECHA<\/td><td><\/td><td>Czech Republic<\/td><\/tr><tr><td>Friedrich BLEICHER<\/td><td><\/td><td>Austria<\/td><\/tr><tr><td>Osman BODUR<\/td><td><\/td><td>Austria<\/td><\/tr><tr><td>H\u00fcr Bersam BOLAT<\/td><td><\/td><td>T\u00fcrkiye<\/td><\/tr><tr><td>Faik Tun\u00e7 BOZBURA<\/td><td><\/td><td>T\u00fcrkiye<\/td><\/tr><tr><td>\u0130smail B\u00d6\u011eREKC\u0130<\/td><td><\/td><td>T\u00fcrkiye<\/td><\/tr><tr><td>Igor BUDAK<\/td><td><\/td><td>Serbia<\/td><\/tr><tr><td>Akif A. BULGAK<\/td><td><\/td><td>Canada<\/td><\/tr><tr><td>Liviu Adrian CRISAN<\/td><td><\/td><td>Romania<\/td><\/tr><tr><td>Franci CUS<\/td><td><\/td><td>Slovenia<\/td><\/tr><tr><td>\u0130lknur \u00c7AVU\u015eO\u011eLU<\/td><td><\/td><td>T\u00fcrkiye<\/td><\/tr><tr><td>Ferhan \u00c7EB\u0130<\/td><td><\/td><td>T\u00fcrkiye<\/td><\/tr><tr><td>Dursun DELEN<\/td><td><\/td><td>USA &amp; T\u00fcrkiye<\/td><\/tr><tr><td>Mehmet DEM\u0130RBA\u011e<\/td><td><\/td><td>UK<\/td><\/tr><tr><td>P\u0131nar DEM\u0130RC\u0130O\u011eLU<\/td><td><\/td><td>T\u00fcrkiye<\/td><\/tr><tr><td>Berna DENG\u0130Z<\/td><td><\/td><td>T\u00fcrkiye<\/td><\/tr><tr><td>T\u00fcrkay DERELI<\/td><td><\/td><td>T\u00fcrkiye<\/td><\/tr><tr><td>Murat D\u0130N\u00c7MEN<\/td><td><\/td><td>T\u00fcrkiye<\/td><\/tr><tr><td>Semih D\u00d6NMEZER<\/td><td><\/td><td>T\u00fcrkiye<\/td><\/tr><tr><td>Mihai DRAGOMIR<\/td><td><\/td><td>Romania<\/td><\/tr><tr><td>\u00c1gota DR\u00c9GELYI-KISS<\/td><td><\/td><td>Hungary<\/td><\/tr><tr><td>B\u00fclent DURMU\u015eO\u011eLU<\/td><td><\/td><td>T\u00fcrkiye<\/td><\/tr><tr><td>Alptekin ERKOLLAR<\/td><td><\/td><td>Austria<\/td><\/tr><tr><td>Serpil EROL<\/td><td><\/td><td>T\u00fcrkiye<\/td><\/tr><tr><td>Ahmet H. ERTA\u015e<\/td><td><\/td><td>T\u00fcrkiye<\/td><\/tr><tr><td>\u015eakir ESNAF<\/td><td><\/td><td>T\u00fcrkiye<\/td><\/tr><tr><td>S. \u00dcmit Oktay FIRAT<\/td><td><\/td><td>T\u00fcrkiye<\/td><\/tr><tr><td>\u00d6mer Sahin GANIYUSUFOGLU<\/td><td><\/td><td>Germany &amp; China<\/td><\/tr><tr><td>S\u0131tk\u0131 G\u00d6ZL\u00dc<\/td><td><\/td><td>T\u00fcrkiye<\/td><\/tr><tr><td>Sorin GROZAV<\/td><td><\/td><td>Romania<\/td><\/tr><tr><td>Kemal G\u00fcven G\u00dcLEN<\/td><td><\/td><td>T\u00fcrkiye<\/td><\/tr><tr><td>Asl\u0131 G\u00dcNAY BULUTSUZ<\/td><td><\/td><td>T\u00fcrkiye<\/td><\/tr><tr><td>A\u015fk\u0131ner G\u00dcNG\u00d6R<\/td><td><\/td><td>T\u00fcrkiye<\/td><\/tr><tr><td>Edita HEKELOV\u00c1<\/td><td><\/td><td>Slovakia<\/td><\/tr><tr><td>Frantisek HOLESOVSKY<\/td><td><\/td><td>Czech Republic<\/td><\/tr><tr><td>Michal HOLUB<\/td><td><\/td><td>Czech Republic<\/td><\/tr><tr><td>Veysi \u0130\u015eLER<\/td><td><\/td><td>T\u00fcrkiye<\/td><\/tr><tr><td>Cengiz KAHRAMAN<\/td><td><\/td><td>T\u00fcrkiye<\/td><\/tr><tr><td>\u0130mdat KARA<\/td><td><\/td><td>T\u00fcrkiye<\/td><\/tr><tr><td>Takayuki KATOKA<\/td><td><\/td><td>Japan<\/td><\/tr><tr><td>Matthias KLUMPP<\/td><td><\/td><td>Italy<\/td><\/tr><tr><td>D\u00fcndar KOCAO\u011eLU<\/td><td><\/td><td>USA<\/td><\/tr><tr><td>Tufan Vehbi KO\u00c7<\/td><td><\/td><td>T\u00fcrkiye<\/td><\/tr><tr><td>Aziz Kemal KONYALIO\u011eLU<\/td><td><\/td><td>T\u00fcrkiye<\/td><\/tr><tr><td>Pavel KOVAC<\/td><td><\/td><td>Serbia<\/td><\/tr><tr><td>Marian KR\u00c1LIK<\/td><td><\/td><td>Slovakia<\/td><\/tr><tr><td>Lukas KR\u00c4UTER<\/td><td><\/td><td>Austria<\/td><\/tr><tr><td>Cemalettin KUBAT<\/td><td><\/td><td>T\u00fcrkiye<\/td><\/tr><tr><td>Ufuk KULA<\/td><td><\/td><td>T\u00fcrkiye<\/td><\/tr><tr><td>Atik KULAKLI<\/td><td><\/td><td>Kuwait<\/td><\/tr><tr><td>Janos KUNDRAK<\/td><td><\/td><td>Hungary<\/td><\/tr><tr><td>Vidosav D. MAJSTOROVIC<\/td><td><\/td><td>Serbia<\/td><\/tr><tr><td>Ildiko MANKOVA<\/td><td><\/td><td>Slovakia<\/td><\/tr><tr><td>Angelos MARKOPOULOS<\/td><td><\/td><td>Greece<\/td><\/tr><tr><td>Martin NOV\u00c1K<\/td><td><\/td><td>Czech Republic<\/td><\/tr><tr><td>Birgit OBERER<\/td><td><\/td><td>Austria<\/td><\/tr><tr><td>Y\u0131ld\u0131r\u0131m OMURTAG<\/td><td><\/td><td>USA<\/td><\/tr><tr><td>Necdet \u00d6Z\u00c7AKAR<\/td><td><\/td><td>T\u00fcrkiye<\/td><\/tr><tr><td>Deniz \u00d6ZDEM\u0130R<\/td><td><\/td><td>T\u00fcrkiye<\/td><\/tr><tr><td>Ahmet Fahri \u00d6ZOK<\/td><td><\/td><td>T\u00fcrkiye<\/td><\/tr><tr><td>Ercan \u00d6ZTEMEL<\/td><td><\/td><td>T\u00fcrkiye<\/td><\/tr><tr><td>Marcela POKUSOV\u00c1<\/td><td><\/td><td>Slovakia<\/td><\/tr><tr><td>G\u00fcnther POSZVEK<\/td><td><\/td><td>Austria<\/td><\/tr><tr><td>Ernst PUCHER<\/td><td><\/td><td>Austria<\/td><\/tr><tr><td>Aysun SA\u011eBA\u015e<\/td><td><\/td><td>T\u00fcrkiye<\/td><\/tr><tr><td>Binnur SA\u011eBA\u015e<\/td><td><\/td><td>T\u00fcrkiye<\/td><\/tr><tr><td>Jose Maria SANZ JUAN<\/td><td><\/td><td>Spain<\/td><\/tr><tr><td>Amir M. SHARIF<\/td><td><\/td><td>UK<\/td><\/tr><tr><td>Arzu G\u00f6nen\u00e7 SORGU\u00c7<\/td><td><\/td><td>T\u00fcrkiye<\/td><\/tr><tr><td>Haluk SOYUER<\/td><td><\/td><td>T\u00fcrkiye<\/td><\/tr><tr><td>Krzysztof STEPIEN<\/td><td><\/td><td>Poland<\/td><\/tr><tr><td>P\u00e9ter TAM\u00c1S<\/td><td><\/td><td>Hungary<\/td><\/tr><tr><td>Bar\u0131\u015f TAN<\/td><td><\/td><td>T\u00fcrkiye<\/td><\/tr><tr><td>Mehmet TANYA\u015e<\/td><td><\/td><td>T\u00fcrkiye<\/td><\/tr><tr><td>Jan TORGERSEN<\/td><td><\/td><td>Germany<\/td><\/tr><tr><td>Orhan TORKUL<\/td><td><\/td><td>T\u00fcrkiye<\/td><\/tr><tr><td>Bahad\u0131r TUNABOYLU<\/td><td><\/td><td>T\u00fcrkiye<\/td><\/tr><tr><td>G\u00fcnd\u00fcz ULUSOY<\/td><td><\/td><td>T\u00fcrkiye<\/td><\/tr><tr><td>Gyula VARGA<\/td><td><\/td><td>Hungary<\/td><\/tr><tr><td>Karol VEL\u00cd\u0160EK<\/td><td><\/td><td>Slovakia<\/td><\/tr><tr><td>John WANG<\/td><td><\/td><td>Singapore<\/td><\/tr><tr><td>Murat YAL\u00c7INTA\u015e<\/td><td><\/td><td>T\u00fcrkiye<\/td><\/tr><tr><td>Mehmet Mutlu YEN\u0130SEY<\/td><td><\/td><td>T\u00fcrkiye<\/td><\/tr><tr><td>Selim ZA\u0130M<\/td><td><\/td><td>T\u00fcrkiye<\/td><\/tr><tr><td>Wojciech ZEBALA<\/td><td><\/td><td>Poland<\/td><\/tr><tr><td>Muammer ZERENLER<\/td><td><\/td><td>T\u00fcrkiye<\/td><\/tr><\/tbody><\/table><\/figure>\n","protected":false},"excerpt":{"rendered":"<p>Name &amp; Last Name Affiliation \/ Role Country Honorary Chair Prof. Dr. Kurt Matyas TU Wien Austria Symposium Chairs Prof. Dr. Numan M. Durakba\u015fa TU Wien Austria Prof. Dr. Ali Osman Ku\u015fakc\u0131 International University of Sarajevo Bosnia and Herzegovina International Honorary Committee Prof. Dr. Albert Weckenmann Friedrich-Alexander-Universit\u00e4t Erlangen-N\u00fcrnberg Germany Prof. Dr. Alice E. Smith Auburn [&hellip;]<\/p>\n","protected":false},"author":1,"featured_media":0,"parent":27,"menu_order":2,"comment_status":"closed","ping_status":"closed","template":"","meta":{"_uag_custom_page_level_css":"","site-sidebar-layout":"default","site-content-layout":"","ast-site-content-layout":"default","site-content-style":"default","site-sidebar-style":"default","ast-global-header-display":"","ast-banner-title-visibility":"","ast-main-header-display":"","ast-hfb-above-header-display":"","ast-hfb-below-header-display":"","ast-hfb-mobile-header-display":"","site-post-title":"","ast-breadcrumbs-content":"","ast-featured-img":"","footer-sml-layout":"","ast-disable-related-posts":"","theme-transparent-header-meta":"","adv-header-id-meta":"","stick-header-meta":"","header-above-stick-meta":"","header-main-stick-meta":"","header-below-stick-meta":"","astra-migrate-meta-layouts":"set","ast-page-background-enabled":"default","ast-page-background-meta":{"desktop":{"background-color":"","background-image":"","background-repeat":"repeat","background-position":"center center","background-size":"auto","background-attachment":"scroll","background-type":"","background-media":"","overlay-type":"","overlay-color":"","overlay-opacity":"","overlay-gradient":""},"tablet":{"background-color":"","background-image":"","background-repeat":"repeat","background-position":"center center","background-size":"auto","background-attachment":"scroll","background-type":"","background-media":"","overlay-type":"","overlay-color":"","overlay-opacity":"","overlay-gradient":""},"mobile":{"background-color":"","background-image":"","background-repeat":"repeat","background-position":"center center","background-size":"auto","background-attachment":"scroll","background-type":"","background-media":"","overlay-type":"","overlay-color":"","overlay-opacity":"","overlay-gradient":""}},"ast-content-background-meta":{"desktop":{"background-color":"var(--ast-global-color-5)","background-image":"","background-repeat":"repeat","background-position":"center center","background-size":"auto","background-attachment":"scroll","background-type":"","background-media":"","overlay-type":"","overlay-color":"","overlay-opacity":"","overlay-gradient":""},"tablet":{"background-color":"var(--ast-global-color-5)","background-image":"","background-repeat":"repeat","background-position":"center center","background-size":"auto","background-attachment":"scroll","background-type":"","background-media":"","overlay-type":"","overlay-color":"","overlay-opacity":"","overlay-gradient":""},"mobile":{"background-color":"var(--ast-global-color-5)","background-image":"","background-repeat":"repeat","background-position":"center center","background-size":"auto","background-attachment":"scroll","background-type":"","background-media":"","overlay-type":"","overlay-color":"","overlay-opacity":"","overlay-gradient":""}},"footnotes":""},"class_list":["post-31","page","type-page","status-publish","hentry"],"_hostinger_reach_plugin_has_subscription_block":false,"_hostinger_reach_plugin_is_elementor":false,"uagb_featured_image_src":{"full":false,"thumbnail":false,"medium":false,"medium_large":false,"large":false,"1536x1536":false,"2048x2048":false},"uagb_author_info":{"display_name":"emrecebi","author_link":"https:\/\/ispr.academy\/2026\/author\/emrecebi\/"},"uagb_comment_info":0,"uagb_excerpt":"Name &amp; Last Name Affiliation \/ Role Country Honorary Chair Prof. Dr. Kurt Matyas TU Wien Austria Symposium Chairs Prof. Dr. Numan M. Durakba\u015fa TU Wien Austria Prof. Dr. Ali Osman Ku\u015fakc\u0131 International University of Sarajevo Bosnia and Herzegovina International Honorary Committee Prof. Dr. Albert Weckenmann Friedrich-Alexander-Universit\u00e4t Erlangen-N\u00fcrnberg Germany Prof. Dr. Alice E. Smith Auburn&hellip;","_links":{"self":[{"href":"https:\/\/ispr.academy\/2026\/wp-json\/wp\/v2\/pages\/31","targetHints":{"allow":["GET"]}}],"collection":[{"href":"https:\/\/ispr.academy\/2026\/wp-json\/wp\/v2\/pages"}],"about":[{"href":"https:\/\/ispr.academy\/2026\/wp-json\/wp\/v2\/types\/page"}],"author":[{"embeddable":true,"href":"https:\/\/ispr.academy\/2026\/wp-json\/wp\/v2\/users\/1"}],"replies":[{"embeddable":true,"href":"https:\/\/ispr.academy\/2026\/wp-json\/wp\/v2\/comments?post=31"}],"version-history":[{"count":8,"href":"https:\/\/ispr.academy\/2026\/wp-json\/wp\/v2\/pages\/31\/revisions"}],"predecessor-version":[{"id":416,"href":"https:\/\/ispr.academy\/2026\/wp-json\/wp\/v2\/pages\/31\/revisions\/416"}],"up":[{"embeddable":true,"href":"https:\/\/ispr.academy\/2026\/wp-json\/wp\/v2\/pages\/27"}],"wp:attachment":[{"href":"https:\/\/ispr.academy\/2026\/wp-json\/wp\/v2\/media?parent=31"}],"curies":[{"name":"wp","href":"https:\/\/api.w.org\/{rel}","templated":true}]}}