{"id":29,"date":"2026-04-11T20:23:59","date_gmt":"2026-04-11T20:23:59","guid":{"rendered":"https:\/\/ispr.academy\/2026\/?page_id=29"},"modified":"2026-04-27T07:00:51","modified_gmt":"2026-04-27T07:00:51","slug":"organizing-committee","status":"publish","type":"page","link":"https:\/\/ispr.academy\/2026\/programme\/committees\/organizing-committee\/","title":{"rendered":"Organizing Committee"},"content":{"rendered":"\n<figure class=\"wp-block-table is-style-stripes\"><table class=\"has-fixed-layout\"><thead><tr><td><strong>Name &amp; Last Name<\/strong><\/td><td><strong>Country<\/strong><\/td><\/tr><\/thead><tbody><tr><td>Numan M. DURAKBASA<\/td><td>Austria<\/td><\/tr><tr><td>Ali Osman Ku\u015fakc\u0131<\/td><td>Bosnia and Herzegovina<\/td><\/tr><tr><td>Y\u0131lmaz G\u00fcr<\/td><td>Bosnia and Herzegovina<\/td><\/tr><tr><td>Erol G\u00dc\u00c7L\u00dc<\/td><td>France<\/td><\/tr><tr><td>G\u00fcl E. KREMER<\/td><td>USA<\/td><\/tr><tr><td>Eva WALCHER<\/td><td>Austria<\/td><\/tr><tr><td>Dursun DELEN<\/td><td>USA, T\u00fcrkiye<\/td><\/tr><tr><td>G\u00fcnther POSZVEK<\/td><td>Austria<\/td><\/tr><tr><td>N\u00fckhet TUN\u00c7B\u0130LEK<\/td><td>Canada<\/td><\/tr><tr><td>Tufan TUN\u00c7B\u0130LEK<\/td><td>Canada<\/td><\/tr><tr><td>Ece SOYUER<\/td><td>Austria<\/td><\/tr><tr><td>Jorge BAUER<\/td><td>Austria, Argentina<\/td><\/tr><tr><td>Lukas KR\u00c4UTER<\/td><td>Austria<\/td><\/tr><tr><td>G\u00f6k\u00e7en BA\u015e<\/td><td>Cyprus<\/td><\/tr><tr><td>Gamze U\u011eUR TUNCER<\/td><td>Austria<\/td><\/tr><tr><td>Osman BODUR<\/td><td>Austria<\/td><\/tr><tr><td>David RIEPL<\/td><td>Austria<\/td><\/tr><tr><td>Selim ZA\u0130M<\/td><td>T\u00fcrkiye<\/td><\/tr><tr><td>Semra B\u0130RG\u00dcN<\/td><td>T\u00fcrkiye<\/td><\/tr><tr><td>Berna DENG\u0130Z<\/td><td>T\u00fcrkiye<\/td><\/tr><tr><td>Serpil EROL<\/td><td>T\u00fcrkiye<\/td><\/tr><tr><td>Kemal G\u00fcven G\u00dcLEN<\/td><td>T\u00fcrkiye<\/td><\/tr><tr><td>Alptekin ERKOLLAR<\/td><td>Austria<\/td><\/tr><tr><td>\u015eakir ESNAF<\/td><td>T\u00fcrkiye<\/td><\/tr><tr><td>\u015e\u00fckr\u00fc Alp BARAY<\/td><td>T\u00fcrkiye<\/td><\/tr><tr><td>Bahad\u0131r TUNABOYLU<\/td><td>T\u00fcrkiye<\/td><\/tr><tr><td>Haluk SOYUER<\/td><td>T\u00fcrkiye<\/td><\/tr><tr><td>Tu\u011f\u00e7e APAYDIN<\/td><td>T\u00fcrkiye<\/td><\/tr><tr><td>Aziz Kemal KONYALIO\u011eLU<\/td><td>T\u00fcrkiye<\/td><\/tr><tr><td>Emine Elif NEBAT\u0130<\/td><td>T\u00fcrkiye<\/td><\/tr><tr><td>Biset TOPRAK<\/td><td>T\u00fcrkiye<\/td><\/tr><tr><td>Ferhan \u00c7EB\u0130<\/td><td>T\u00fcrkiye<\/td><\/tr><tr><td>H\u00fcr Bersam BOLAT<\/td><td>T\u00fcrkiye<\/td><\/tr><tr><td>Pa\u015fa \u00c7\u0130\u00c7EKL\u0130DA\u011e<\/td><td>Australia<\/td><\/tr><tr><td>Muhammed Ali ERDEM<\/td><td>T\u00fcrkiye<\/td><\/tr><\/tbody><\/table><\/figure>\n","protected":false},"excerpt":{"rendered":"<p>Name &amp; Last Name Country Numan M. DURAKBASA Austria Ali Osman Ku\u015fakc\u0131 Bosnia and Herzegovina Y\u0131lmaz G\u00fcr Bosnia and Herzegovina Erol G\u00dc\u00c7L\u00dc France G\u00fcl E. KREMER USA Eva WALCHER Austria Dursun DELEN USA, T\u00fcrkiye G\u00fcnther POSZVEK Austria N\u00fckhet TUN\u00c7B\u0130LEK Canada Tufan TUN\u00c7B\u0130LEK Canada Ece SOYUER Austria Jorge BAUER Austria, Argentina Lukas KR\u00c4UTER Austria G\u00f6k\u00e7en BA\u015e [&hellip;]<\/p>\n","protected":false},"author":1,"featured_media":0,"parent":27,"menu_order":1,"comment_status":"closed","ping_status":"closed","template":"","meta":{"_uag_custom_page_level_css":"","site-sidebar-layout":"default","site-content-layout":"","ast-site-content-layout":"default","site-content-style":"default","site-sidebar-style":"default","ast-global-header-display":"","ast-banner-title-visibility":"","ast-main-header-display":"","ast-hfb-above-header-display":"","ast-hfb-below-header-display":"","ast-hfb-mobile-header-display":"","site-post-title":"","ast-breadcrumbs-content":"","ast-featured-img":"","footer-sml-layout":"","ast-disable-related-posts":"","theme-transparent-header-meta":"","adv-header-id-meta":"","stick-header-meta":"","header-above-stick-meta":"","header-main-stick-meta":"","header-below-stick-meta":"","astra-migrate-meta-layouts":"set","ast-page-background-enabled":"default","ast-page-background-meta":{"desktop":{"background-color":"","background-image":"","background-repeat":"repeat","background-position":"center center","background-size":"auto","background-attachment":"scroll","background-type":"","background-media":"","overlay-type":"","overlay-color":"","overlay-opacity":"","overlay-gradient":""},"tablet":{"background-color":"","background-image":"","background-repeat":"repeat","background-position":"center center","background-size":"auto","background-attachment":"scroll","background-type":"","background-media":"","overlay-type":"","overlay-color":"","overlay-opacity":"","overlay-gradient":""},"mobile":{"background-color":"","background-image":"","background-repeat":"repeat","background-position":"center center","background-size":"auto","background-attachment":"scroll","background-type":"","background-media":"","overlay-type":"","overlay-color":"","overlay-opacity":"","overlay-gradient":""}},"ast-content-background-meta":{"desktop":{"background-color":"var(--ast-global-color-5)","background-image":"","background-repeat":"repeat","background-position":"center center","background-size":"auto","background-attachment":"scroll","background-type":"","background-media":"","overlay-type":"","overlay-color":"","overlay-opacity":"","overlay-gradient":""},"tablet":{"background-color":"var(--ast-global-color-5)","background-image":"","background-repeat":"repeat","background-position":"center center","background-size":"auto","background-attachment":"scroll","background-type":"","background-media":"","overlay-type":"","overlay-color":"","overlay-opacity":"","overlay-gradient":""},"mobile":{"background-color":"var(--ast-global-color-5)","background-image":"","background-repeat":"repeat","background-position":"center center","background-size":"auto","background-attachment":"scroll","background-type":"","background-media":"","overlay-type":"","overlay-color":"","overlay-opacity":"","overlay-gradient":""}},"footnotes":""},"class_list":["post-29","page","type-page","status-publish","hentry"],"_hostinger_reach_plugin_has_subscription_block":false,"_hostinger_reach_plugin_is_elementor":false,"uagb_featured_image_src":{"full":false,"thumbnail":false,"medium":false,"medium_large":false,"large":false,"1536x1536":false,"2048x2048":false},"uagb_author_info":{"display_name":"emrecebi","author_link":"https:\/\/ispr.academy\/2026\/author\/emrecebi\/"},"uagb_comment_info":0,"uagb_excerpt":"Name &amp; Last Name Country Numan M. DURAKBASA Austria Ali Osman Ku\u015fakc\u0131 Bosnia and Herzegovina Y\u0131lmaz G\u00fcr Bosnia and Herzegovina Erol G\u00dc\u00c7L\u00dc France G\u00fcl E. KREMER USA Eva WALCHER Austria Dursun DELEN USA, T\u00fcrkiye G\u00fcnther POSZVEK Austria N\u00fckhet TUN\u00c7B\u0130LEK Canada Tufan TUN\u00c7B\u0130LEK Canada Ece SOYUER Austria Jorge BAUER Austria, Argentina Lukas KR\u00c4UTER Austria G\u00f6k\u00e7en BA\u015e&hellip;","_links":{"self":[{"href":"https:\/\/ispr.academy\/2026\/wp-json\/wp\/v2\/pages\/29","targetHints":{"allow":["GET"]}}],"collection":[{"href":"https:\/\/ispr.academy\/2026\/wp-json\/wp\/v2\/pages"}],"about":[{"href":"https:\/\/ispr.academy\/2026\/wp-json\/wp\/v2\/types\/page"}],"author":[{"embeddable":true,"href":"https:\/\/ispr.academy\/2026\/wp-json\/wp\/v2\/users\/1"}],"replies":[{"embeddable":true,"href":"https:\/\/ispr.academy\/2026\/wp-json\/wp\/v2\/comments?post=29"}],"version-history":[{"count":7,"href":"https:\/\/ispr.academy\/2026\/wp-json\/wp\/v2\/pages\/29\/revisions"}],"predecessor-version":[{"id":412,"href":"https:\/\/ispr.academy\/2026\/wp-json\/wp\/v2\/pages\/29\/revisions\/412"}],"up":[{"embeddable":true,"href":"https:\/\/ispr.academy\/2026\/wp-json\/wp\/v2\/pages\/27"}],"wp:attachment":[{"href":"https:\/\/ispr.academy\/2026\/wp-json\/wp\/v2\/media?parent=29"}],"curies":[{"name":"wp","href":"https:\/\/api.w.org\/{rel}","templated":true}]}}