{"id":88,"date":"2025-02-24T20:53:13","date_gmt":"2025-02-24T20:53:13","guid":{"rendered":"https:\/\/ispr.academy\/2025\/?page_id=88"},"modified":"2025-09-29T21:45:57","modified_gmt":"2025-09-29T21:45:57","slug":"keynote-speakers","status":"publish","type":"page","link":"https:\/\/ispr.academy\/2025\/programme\/keynote-speakers\/","title":{"rendered":"Keynote Speakers"},"content":{"rendered":"\n<p><strong>Opening Keynote Speech<\/strong><\/p>\n\n\n\n<p><a href=\"https:\/\/www.csgb.gov.tr\/bakanlik\/bakanlik-yoneticileri\/bakan-yardimcisi-prof-dr-lutfihak-alpkan\/\"><strong>Prof. Dr. L\u00fctfihak Alpkan<\/strong><\/a><\/p>\n\n\n\n<figure class=\"wp-block-image size-full\"><img loading=\"lazy\" decoding=\"async\" width=\"375\" height=\"377\" src=\"https:\/\/ispr.academy\/2025\/wp-content\/uploads\/2025\/09\/LA.png\" alt=\"\" class=\"wp-image-434\" srcset=\"https:\/\/ispr.academy\/2025\/wp-content\/uploads\/2025\/09\/LA.png 375w, https:\/\/ispr.academy\/2025\/wp-content\/uploads\/2025\/09\/LA-298x300.png 298w, https:\/\/ispr.academy\/2025\/wp-content\/uploads\/2025\/09\/LA-150x150.png 150w\" sizes=\"auto, (max-width: 375px) 100vw, 375px\" \/><\/figure>\n\n\n\n<p>Deputy Minister of Labour and Social Security, T\u00fcrkiye<\/p>\n\n\n\n<p><a href=\"https:\/\/www.researchgate.net\/profile\/Daniela-Popescu-9\"><strong>Prof. Dr. Daniela Popescu<\/strong><\/a><\/p>\n\n\n\n<figure class=\"wp-block-image size-full\"><img loading=\"lazy\" decoding=\"async\" width=\"346\" height=\"348\" src=\"https:\/\/ispr.academy\/2025\/wp-content\/uploads\/2025\/09\/DP.png\" alt=\"\" class=\"wp-image-441\" srcset=\"https:\/\/ispr.academy\/2025\/wp-content\/uploads\/2025\/09\/DP.png 346w, https:\/\/ispr.academy\/2025\/wp-content\/uploads\/2025\/09\/DP-298x300.png 298w, https:\/\/ispr.academy\/2025\/wp-content\/uploads\/2025\/09\/DP-150x150.png 150w\" sizes=\"auto, (max-width: 346px) 100vw, 346px\" \/><\/figure>\n\n\n\n<p>Vice Rector for University Management and Relations with the Economic Environment, TU Cluj-Napoca, Romania<\/p>\n\n\n\n<p><strong>Keynote Forum 1<\/strong><\/p>\n\n\n\n<p><a href=\"https:\/\/scholar.google.com.tr\/citations?hl=de&amp;user=PoSDKbAAAAAJ&amp;view_op=list_works&amp;sortby=pubdate\"><strong>Prof. Dr. Birgit Oberer<\/strong><\/a><\/p>\n\n\n\n<figure class=\"wp-block-image size-full is-resized\"><img loading=\"lazy\" decoding=\"async\" width=\"330\" height=\"332\" src=\"https:\/\/ispr.academy\/2025\/wp-content\/uploads\/2025\/09\/BO.png\" alt=\"\" class=\"wp-image-440\" style=\"width:355px;height:auto\" srcset=\"https:\/\/ispr.academy\/2025\/wp-content\/uploads\/2025\/09\/BO.png 330w, https:\/\/ispr.academy\/2025\/wp-content\/uploads\/2025\/09\/BO-298x300.png 298w, https:\/\/ispr.academy\/2025\/wp-content\/uploads\/2025\/09\/BO-150x150.png 150w\" sizes=\"auto, (max-width: 330px) 100vw, 330px\" \/><\/figure>\n\n\n\n<p>Research and Projects, ETCOP Institute for Interdisciplinary Research, Austria<\/p>\n\n\n\n<p><a href=\"https:\/\/www.linkedin.com\/in\/dr-y%C3%BCksel-yal%C3%A7%C4%B1n-a12666a7\/?originalSubdomain=tr\"><strong>Dr. Y\u00fcksel Yal\u00e7\u0131n<\/strong><\/a><strong><\/strong><\/p>\n\n\n\n<figure class=\"wp-block-image size-full is-resized\"><img loading=\"lazy\" decoding=\"async\" width=\"404\" height=\"404\" src=\"https:\/\/ispr.academy\/2025\/wp-content\/uploads\/2025\/09\/YY.jpg\" alt=\"\" class=\"wp-image-438\" style=\"width:355px;height:auto\" srcset=\"https:\/\/ispr.academy\/2025\/wp-content\/uploads\/2025\/09\/YY.jpg 404w, https:\/\/ispr.academy\/2025\/wp-content\/uploads\/2025\/09\/YY-300x300.jpg 300w, https:\/\/ispr.academy\/2025\/wp-content\/uploads\/2025\/09\/YY-150x150.jpg 150w\" sizes=\"auto, (max-width: 404px) 100vw, 404px\" \/><\/figure>\n\n\n\n<p>General Manager of \u0130stanbul Energy-\u0130seta\u015f, T\u00fcrkiye<\/p>\n\n\n\n<p><strong>Keynote Forum 2<\/strong><\/p>\n\n\n\n<p><a href=\"https:\/\/www.birmingham.ac.uk\/staff\/profiles\/mechanical\/pham-duc\"><strong>Prof. Dr. Duc T. Pham<\/strong><\/a><\/p>\n\n\n\n<figure class=\"wp-block-image size-full is-resized\"><img loading=\"lazy\" decoding=\"async\" width=\"330\" height=\"332\" src=\"https:\/\/ispr.academy\/2025\/wp-content\/uploads\/2025\/09\/DTP.png\" alt=\"\" class=\"wp-image-442\" style=\"width:363px;height:auto\" srcset=\"https:\/\/ispr.academy\/2025\/wp-content\/uploads\/2025\/09\/DTP.png 330w, https:\/\/ispr.academy\/2025\/wp-content\/uploads\/2025\/09\/DTP-298x300.png 298w, https:\/\/ispr.academy\/2025\/wp-content\/uploads\/2025\/09\/DTP-150x150.png 150w\" sizes=\"auto, (max-width: 330px) 100vw, 330px\" \/><\/figure>\n\n\n\n<p>Birmingham University, UK<\/p>\n\n\n\n<p><a href=\"https:\/\/scholar.google.com\/citations?user=wtNAj88AAAAJ&amp;hl=en\"><strong>Prof. Dr. William P. Fisher<\/strong><\/a><\/p>\n\n\n\n<figure class=\"wp-block-image size-full\"><img loading=\"lazy\" decoding=\"async\" width=\"330\" height=\"332\" src=\"https:\/\/ispr.academy\/2025\/wp-content\/uploads\/2025\/09\/WPF.png\" alt=\"\" class=\"wp-image-436\" srcset=\"https:\/\/ispr.academy\/2025\/wp-content\/uploads\/2025\/09\/WPF.png 330w, https:\/\/ispr.academy\/2025\/wp-content\/uploads\/2025\/09\/WPF-298x300.png 298w, https:\/\/ispr.academy\/2025\/wp-content\/uploads\/2025\/09\/WPF-150x150.png 150w\" sizes=\"auto, (max-width: 330px) 100vw, 330px\" \/><\/figure>\n\n\n\n<p>University of California, Berkeley, California, USA<\/p>\n\n\n\n<p><strong>Keynote Forum 3<\/strong><\/p>\n\n\n\n<p><a href=\"https:\/\/www.researchgate.net\/profile\/Jorge-Bauer\"><strong>Prof. Dr. Ing. Jorge Bauer<\/strong><\/a><\/p>\n\n\n\n<figure class=\"wp-block-image size-full\"><img loading=\"lazy\" decoding=\"async\" width=\"330\" height=\"332\" src=\"https:\/\/ispr.academy\/2025\/wp-content\/uploads\/2025\/09\/JB.png\" alt=\"\" class=\"wp-image-433\" srcset=\"https:\/\/ispr.academy\/2025\/wp-content\/uploads\/2025\/09\/JB.png 330w, https:\/\/ispr.academy\/2025\/wp-content\/uploads\/2025\/09\/JB-298x300.png 298w, https:\/\/ispr.academy\/2025\/wp-content\/uploads\/2025\/09\/JB-150x150.png 150w\" sizes=\"auto, (max-width: 330px) 100vw, 330px\" \/><\/figure>\n\n\n\n<p>TU Wien, Austria &amp; UTN-FRBA Buenos Aires, Argentina<\/p>\n\n\n\n<p><a href=\"https:\/\/www.researchgate.net\/profile\/Guel-Kremer\"><strong>Prof. Dr. G\u00fcl E. Kremer<\/strong><\/a><\/p>\n\n\n\n<figure class=\"wp-block-image size-full\"><img loading=\"lazy\" decoding=\"async\" width=\"330\" height=\"332\" src=\"https:\/\/ispr.academy\/2025\/wp-content\/uploads\/2025\/09\/GEK.png\" alt=\"\" class=\"wp-image-432\" srcset=\"https:\/\/ispr.academy\/2025\/wp-content\/uploads\/2025\/09\/GEK.png 330w, https:\/\/ispr.academy\/2025\/wp-content\/uploads\/2025\/09\/GEK-298x300.png 298w, https:\/\/ispr.academy\/2025\/wp-content\/uploads\/2025\/09\/GEK-150x150.png 150w\" sizes=\"auto, (max-width: 330px) 100vw, 330px\" \/><\/figure>\n\n\n\n<p>School of Engineering, University of Dayton, Ohio, USA<\/p>\n\n\n\n<p><strong>Special Session<\/strong><\/p>\n\n\n\n<p><a href=\"https:\/\/www.linkedin.com\/in\/prof-h-c-dr-ing-%C3%B6mer-sahin-ganiyusufoglu-2bab42a\/\"><strong>Dr. Ing. \u00d6mer Ganiyusufo\u011flu<\/strong><\/a><\/p>\n\n\n\n<figure class=\"wp-block-image size-full\"><img loading=\"lazy\" decoding=\"async\" width=\"330\" height=\"332\" src=\"https:\/\/ispr.academy\/2025\/wp-content\/uploads\/2025\/09\/OG.png\" alt=\"\" class=\"wp-image-435\" srcset=\"https:\/\/ispr.academy\/2025\/wp-content\/uploads\/2025\/09\/OG.png 330w, https:\/\/ispr.academy\/2025\/wp-content\/uploads\/2025\/09\/OG-298x300.png 298w, https:\/\/ispr.academy\/2025\/wp-content\/uploads\/2025\/09\/OG-150x150.png 150w\" sizes=\"auto, (max-width: 330px) 100vw, 330px\" \/><\/figure>\n\n\n\n<p>Industrial Development Consultant, QIAP \u2013 Qingdao International Academician Park, China<\/p>\n\n\n\n<p><a href=\"https:\/\/scholar.google.com\/citations?user=GlLLrBgAAAAJ&amp;hl=en&amp;oi=ao\"><strong>Prof. Dr. Andrew Kusiak<\/strong><\/a><\/p>\n\n\n\n<figure class=\"wp-block-image size-full\"><img loading=\"lazy\" decoding=\"async\" width=\"330\" height=\"332\" src=\"https:\/\/ispr.academy\/2025\/wp-content\/uploads\/2025\/09\/AK.png\" alt=\"\" class=\"wp-image-439\" srcset=\"https:\/\/ispr.academy\/2025\/wp-content\/uploads\/2025\/09\/AK.png 330w, https:\/\/ispr.academy\/2025\/wp-content\/uploads\/2025\/09\/AK-298x300.png 298w, https:\/\/ispr.academy\/2025\/wp-content\/uploads\/2025\/09\/AK-150x150.png 150w\" sizes=\"auto, (max-width: 330px) 100vw, 330px\" \/><\/figure>\n\n\n\n<p>The University of Iowa, Iowa, USA<\/p>\n","protected":false},"excerpt":{"rendered":"<p>Opening Keynote Speech Prof. Dr. L\u00fctfihak Alpkan Deputy Minister of Labour and Social Security, T\u00fcrkiye Prof. Dr. Daniela Popescu Vice Rector for University Management and Relations with the Economic Environment, TU Cluj-Napoca, Romania Keynote Forum 1 Prof. Dr. Birgit Oberer Research and&#8230;<\/p>\n","protected":false},"author":1,"featured_media":0,"parent":65,"menu_order":3,"comment_status":"closed","ping_status":"closed","template":"","meta":{"footnotes":""},"class_list":["post-88","page","type-page","status-publish","hentry"],"_links":{"self":[{"href":"https:\/\/ispr.academy\/2025\/wp-json\/wp\/v2\/pages\/88","targetHints":{"allow":["GET"]}}],"collection":[{"href":"https:\/\/ispr.academy\/2025\/wp-json\/wp\/v2\/pages"}],"about":[{"href":"https:\/\/ispr.academy\/2025\/wp-json\/wp\/v2\/types\/page"}],"author":[{"embeddable":true,"href":"https:\/\/ispr.academy\/2025\/wp-json\/wp\/v2\/users\/1"}],"replies":[{"embeddable":true,"href":"https:\/\/ispr.academy\/2025\/wp-json\/wp\/v2\/comments?post=88"}],"version-history":[{"count":4,"href":"https:\/\/ispr.academy\/2025\/wp-json\/wp\/v2\/pages\/88\/revisions"}],"predecessor-version":[{"id":447,"href":"https:\/\/ispr.academy\/2025\/wp-json\/wp\/v2\/pages\/88\/revisions\/447"}],"up":[{"embeddable":true,"href":"https:\/\/ispr.academy\/2025\/wp-json\/wp\/v2\/pages\/65"}],"wp:attachment":[{"href":"https:\/\/ispr.academy\/2025\/wp-json\/wp\/v2\/media?parent=88"}],"curies":[{"name":"wp","href":"https:\/\/api.w.org\/{rel}","templated":true}]}}