{"id":79,"date":"2025-02-24T20:48:31","date_gmt":"2025-02-24T20:48:31","guid":{"rendered":"https:\/\/ispr.academy\/2025\/?page_id=79"},"modified":"2025-09-24T21:27:44","modified_gmt":"2025-09-24T21:27:44","slug":"scientific-committee","status":"publish","type":"page","link":"https:\/\/ispr.academy\/2025\/programme\/committees\/scientific-committee\/","title":{"rendered":"Scientific Committee"},"content":{"rendered":"\n<h2 class=\"wp-block-heading\"><strong>Honorary Chair<\/strong><\/h2>\n\n\n\n<h5 class=\"wp-block-heading\">Prof. Dr. Hasan Mandal, \u0130stanbul Technical University, Turkiye<\/h5>\n\n\n\n<h5 class=\"wp-block-heading\">Prof.Dr.Kurt Matyas, TU Wien, Austria<\/h5>\n\n\n\n<h2 class=\"wp-block-heading\"><strong>Symposium Chairs<\/strong><\/h2>\n\n\n\n<h6 class=\"wp-block-heading\">Prof. Dr. Hatice Camg\u00f6z Akda\u011f, ITU, T\u00fcrkiye<\/h6>\n\n\n\n<h6 class=\"wp-block-heading\">Prof. Dr. Numan M. Durakba\u015fa TU Wien, Austria<\/h6>\n\n\n\n<h2 class=\"wp-block-heading\"><strong>International Honorary Committee<\/strong><\/h2>\n\n\n\n<h6 class=\"wp-block-heading\">Prof. Dr. Albert Weckenmann<\/h6>\n\n\n\n<blockquote class=\"wp-block-quote is-layout-flow wp-block-quote-is-layout-flow\">\n<p>Friedrich-Alexander-Universit\u00e4t Erlangen-N\u00fcrnberg, Germany<\/p>\n<\/blockquote>\n\n\n\n<h6 class=\"wp-block-heading\">Prof. Dr. Alice E. Smith<\/h6>\n\n\n\n<blockquote class=\"wp-block-quote is-layout-flow wp-block-quote-is-layout-flow\">\n<p>Joe W. Forehand\/Accenture Distinguished ProfessorDepartment of Industrial and Systems Engineering andDepartment of Computer Science and Software Engineering, Auburn University, USA<\/p>\n<\/blockquote>\n\n\n\n<h6 class=\"wp-block-heading\">Prof. Dr. Jerzy A. S\u0142adek<\/h6>\n\n\n\n<blockquote class=\"wp-block-quote is-layout-flow wp-block-quote-is-layout-flow\">\n<p>Faculty of Mechanical Engineering, Cracow University of Technology, Poland<\/p>\n<\/blockquote>\n\n\n\n<h6 class=\"wp-block-heading\">Prof. Dr. Andrew Kusiak<\/h6>\n\n\n\n<blockquote class=\"wp-block-quote is-layout-flow wp-block-quote-is-layout-flow\">\n<p>Department of Mechanical and Industrial Engineering College Of Engineering, The University of Iowa, USA<\/p>\n<\/blockquote>\n\n\n\n<h6 class=\"wp-block-heading\">Prof. Dr. Daniela Popescu<\/h6>\n\n\n\n<blockquote class=\"wp-block-quote is-layout-flow wp-block-quote-is-layout-flow\">\n<p>Technical University of Cluj-Napoca, Romania<\/p>\n<\/blockquote>\n\n\n\n<h6 class=\"wp-block-heading\">Prof. Dr. Detlef Gerhard<\/h6>\n\n\n\n<blockquote class=\"wp-block-quote is-layout-flow wp-block-quote-is-layout-flow\">\n<p>Ruhr-Universit\u00e4t Bochum, Germany<\/p>\n<\/blockquote>\n\n\n\n<h6 class=\"wp-block-heading\">Prof. Dr. Duc Truong Pham<\/h6>\n\n\n\n<blockquote class=\"wp-block-quote is-layout-flow wp-block-quote-is-layout-flow\">\n<p>Department of Mechanical Engineering, School of Engineering, College of Engineering and Physical Sciences, The University of Birmingham, UK<\/p>\n<\/blockquote>\n\n\n\n<h6 class=\"wp-block-heading\">Prof. Dr. Friedrich Bleicher<\/h6>\n\n\n\n<blockquote class=\"wp-block-quote is-layout-flow wp-block-quote-is-layout-flow\">\n<p>TU Wien, Austria<\/p>\n<\/blockquote>\n\n\n\n<h6 class=\"wp-block-heading\">Prof. Dr. Jozef Peterka<\/h6>\n\n\n\n<blockquote class=\"wp-block-quote is-layout-flow wp-block-quote-is-layout-flow\">\n<p>Slovak University of Technology, Slovakia<\/p>\n<\/blockquote>\n\n\n\n<h6 class=\"wp-block-heading\">Prof. Dr. Lubomir \u0160oo\u0161<\/h6>\n\n\n\n<blockquote class=\"wp-block-quote is-layout-flow wp-block-quote-is-layout-flow\">\n<p>Slovak University of Technology in Bratislava, Slovakia<\/p>\n<\/blockquote>\n\n\n\n<h6 class=\"wp-block-heading\">Prof. Dr. Sorin Popescu<\/h6>\n\n\n\n<blockquote class=\"wp-block-quote is-layout-flow wp-block-quote-is-layout-flow\">\n<p>Technical University of Cluj-Napoca, Romania<\/p>\n<\/blockquote>\n\n\n\n<h6 class=\"wp-block-heading\">Prof. Dr. Stanislaw Adamczak<\/h6>\n\n\n\n<blockquote class=\"wp-block-quote is-layout-flow wp-block-quote-is-layout-flow\">\n<p>Kielce University of Technology, Poland<\/p>\n<\/blockquote>\n\n\n\n<h6 class=\"wp-block-heading\">Prof. Dr. Vidosav Majstorovic<\/h6>\n\n\n\n<blockquote class=\"wp-block-quote is-layout-flow wp-block-quote-is-layout-flow\">\n<p>University of Belgrade, Serbia<\/p>\n<\/blockquote>\n\n\n\n<h6 class=\"wp-block-heading\">Prof. Dr. G\u00fcl E. Kremer<\/h6>\n\n\n\n<blockquote class=\"wp-block-quote is-layout-flow wp-block-quote-is-layout-flow\">\n<p>Dean, Faculty of Engineering, University of Dayton, USA<\/p>\n<\/blockquote>\n\n\n\n<h6 class=\"wp-block-heading\">Prof. Dr. William P., Jr Fisher<\/h6>\n\n\n\n<blockquote class=\"wp-block-quote is-layout-flow wp-block-quote-is-layout-flow\">\n<p>Graduate School of Education, University of California, Berkeley, USA<\/p>\n\n\n\n<h6 class=\"wp-block-heading\">Dr Abhishek Tiwary<\/h6>\n\n\n\n<blockquote class=\"wp-block-quote is-layout-flow wp-block-quote-is-layout-flow\">\n<p>School of Engineering and Sustainable Development, De Montfort University, UK<br><\/p>\n<\/blockquote>\n<\/blockquote>\n\n\n\n<p><strong>International Scientific Committiee<\/strong><\/p>\n\n\n\n<figure class=\"wp-block-table\"><table class=\"has-fixed-layout\"><tbody><tr><td>Stanislaw ADAMCZAK&nbsp;&nbsp;&nbsp; Poland<\/td><\/tr><tr><td>Hatice CAMG\u00d6Z AKDA\u011e&nbsp;&nbsp;&nbsp; T\u00fcrkiye<\/td><\/tr><tr><td>Abdel Moneim AHMED&nbsp;&nbsp;&nbsp; UK<\/td><\/tr><tr><td>An\u0131l AKDO\u011eAN&nbsp;&nbsp;&nbsp; T\u00fcrkiye<\/td><\/tr><tr><td>Kuban ALTINEL&nbsp;&nbsp;&nbsp; T\u00fcrkiye<\/td><\/tr><tr><td>Tu\u011f\u00e7e APAYDIN&nbsp; T\u00fcrkiye<\/td><\/tr><tr><td>\u0130lker AR&nbsp;&nbsp;&nbsp; T\u00fcrkiye<\/td><\/tr><tr><td>Birdo\u011fan BAK\u0130&nbsp; T\u00fcrkiye<\/td><\/tr><tr><td>Erdal BALABAN&nbsp;&nbsp; T\u00fcrkiye<\/td><\/tr><tr><td>\u015e\u00fckr\u00fc Alp&nbsp; BARAY&nbsp;&nbsp;&nbsp; T\u00fcrkiye<\/td><\/tr><tr><td>G\u00f6k\u00e7en BA\u015e&nbsp;&nbsp; Cyprus<\/td><\/tr><tr><td>Nuri BA\u015eO\u011eLU&nbsp;&nbsp; T\u00fcrkiye<\/td><\/tr><tr><td>Jorge BAUER&nbsp;&nbsp; Austria &amp; Argentina<\/td><\/tr><tr><td>Adil&nbsp; BAYKASO\u011eLU&nbsp;&nbsp; T\u00fcrkiye<\/td><\/tr><tr><td>Erkan&nbsp; BAYRAKTAR&nbsp;&nbsp; Kuwait<\/td><\/tr><tr><td>\u0130lke BEREKETL\u0130&nbsp;&nbsp; T\u00fcrkiye<\/td><\/tr><tr><td>Filippo BERTO&nbsp;&nbsp; Italy<\/td><\/tr><tr><td>Ahmet Korhan B\u0130NARK&nbsp;&nbsp; T\u00fcrkiye<\/td><\/tr><tr><td>Semra B\u0130RG\u00dcN&nbsp; T\u00fcrkiye<\/td><\/tr><tr><td>Petr&nbsp; BLECHA&nbsp;&nbsp; Czech Republic<\/td><\/tr><tr><td>Friedrich&nbsp; BLEICHER&nbsp;&nbsp; Austria<\/td><\/tr><tr><td>Osman BODUR&nbsp;&nbsp; Austria<\/td><\/tr><tr><td>H\u00fcr Bersam BOLAT&nbsp;&nbsp; T\u00fcrkiye<\/td><\/tr><tr><td>Faik Tun\u00e7&nbsp; BOZBURA&nbsp;&nbsp; T\u00fcrkiye<\/td><\/tr><tr><td>\u0130smail B\u00d6\u011eREKC\u0130&nbsp;&nbsp;&nbsp; T\u00fcrkiye<\/td><\/tr><tr><td>Igor&nbsp; BUDAK&nbsp;&nbsp; Serbia<\/td><\/tr><tr><td>Akif A. BULGAK&nbsp;&nbsp; Canada<\/td><\/tr><tr><td>Liviu Adrian CRISAN&nbsp;&nbsp; Romania<\/td><\/tr><tr><td>Franci CUS&nbsp;&nbsp; Slovenia<\/td><\/tr><tr><td>\u0130lknur \u00c7AVU\u015eO\u011eLU&nbsp;&nbsp;&nbsp;&nbsp; T\u00fcrkiye<\/td><\/tr><tr><td>Ferhan&nbsp; \u00c7EB\u0130&nbsp;&nbsp; T\u00fcrkiye<\/td><\/tr><tr><td>Dursun DELEN&nbsp;&nbsp; USA &amp; T\u00fcrkiye<\/td><\/tr><tr><td>Mehmet DEM\u0130RBA\u011e&nbsp;&nbsp; UK<\/td><\/tr><tr><td>P\u0131nar DEM\u0130RC\u0130O\u011eLU&nbsp;&nbsp;&nbsp; T\u00fcrkiye<\/td><\/tr><tr><td>Berna&nbsp; DENG\u0130Z&nbsp;&nbsp; T\u00fcrkiye<\/td><\/tr><tr><td>T\u00fcrkay&nbsp; DEREL\u0130&nbsp;&nbsp; T\u00fcrkiye<\/td><\/tr><tr><td>Murat D\u0130N\u00c7MEN&nbsp;&nbsp; T\u00fcrkiye<\/td><\/tr><tr><td>Mihai DRAGOMIR&nbsp;&nbsp; Romania<\/td><\/tr><tr><td>\u00c1gota DR\u00c9GELYI-KISS&nbsp;&nbsp; Hungary<\/td><\/tr><tr><td>Numan M. Durakba\u015fa&nbsp;&nbsp;&nbsp; Austria<\/td><\/tr><tr><td>B\u00fclent&nbsp; DURMU\u015eO\u011eLU&nbsp;&nbsp; T\u00fcrkiye<\/td><\/tr><tr><td>Alptekin&nbsp; ERKOLLAR&nbsp;&nbsp; Austria<\/td><\/tr><tr><td>Serpil EROL&nbsp; T\u00fcrkiye<\/td><\/tr><tr><td>Ahmet H.&nbsp; ERTA\u015e&nbsp;&nbsp; T\u00fcrkiye<\/td><\/tr><tr><td>\u015eakir&nbsp; ESNAF&nbsp;&nbsp; T\u00fcrkiye<\/td><\/tr><tr><td>S. \u00dcmit Oktay&nbsp; FIRAT&nbsp;&nbsp; T\u00fcrkiye<\/td><\/tr><tr><td>\u00d6mer Sahin GANIYUSUFOGLU&nbsp; Germany &amp; China<\/td><\/tr><tr><td>Detlef&nbsp; GERHARD&nbsp;&nbsp; Germany<\/td><\/tr><tr><td>S\u0131tk\u0131&nbsp; G\u00d6ZL\u00dc&nbsp;&nbsp; T\u00fcrkiye<\/td><\/tr><tr><td>Sorin&nbsp; GROZAV&nbsp;&nbsp; Romania<\/td><\/tr><tr><td>Kemal G\u00fcven G\u00dcLEN&nbsp; T\u00fcrkiye<\/td><\/tr><tr><td>Asl\u0131 G\u00dcNAY BULUTSUZ&nbsp;&nbsp; T\u00fcrkiye<\/td><\/tr><tr><td>A\u015fk\u0131ner G\u00dcNG\u00d6R&nbsp;&nbsp; T\u00fcrkiye<\/td><\/tr><tr><td>Edita HEKELOV\u00c1&nbsp;&nbsp; Slovakia<\/td><\/tr><tr><td>Frantisek HOLESOVSKY&nbsp;&nbsp; Czech Republic<\/td><\/tr><tr><td>Michal HOLUB&nbsp; Czech Republic<\/td><\/tr><tr><td>Veysi&nbsp; \u0130\u015eLER&nbsp;&nbsp; T\u00fcrkiye<\/td><\/tr><tr><td>Cengiz&nbsp; KAHRAMAN&nbsp;&nbsp; T\u00fcrkiye<\/td><\/tr><tr><td>\u0130mdat KARA&nbsp;&nbsp; T\u00fcrkiye<\/td><\/tr><tr><td>Takayuki KATOKA&nbsp;&nbsp; Japan<\/td><\/tr><tr><td>Matthias&nbsp; KLUMPP&nbsp;&nbsp; Italy<\/td><\/tr><tr><td>D\u00fcndar&nbsp; KOCAO\u011eLU&nbsp;&nbsp; USA<\/td><\/tr><tr><td>Tufan Vehbi KO\u00c7&nbsp;&nbsp; T\u00fcrkiye<\/td><\/tr><tr><td>Aziz Kemal KONYALIO\u011eLU&nbsp; T\u00fcrkiye<\/td><\/tr><tr><td>Pavel KOVAC&nbsp;&nbsp; Serbia<\/td><\/tr><tr><td>Marian KR\u00c1LIK&nbsp;&nbsp; Slovakia<\/td><\/tr><tr><td>Lukas&nbsp; KR\u00c4UTER&nbsp;&nbsp; Austria<\/td><\/tr><tr><td>Cemalettin&nbsp; KUBAT&nbsp;&nbsp; T\u00fcrkiye<\/td><\/tr><tr><td>Ufuk KULA&nbsp;&nbsp; T\u00fcrkiye<\/td><\/tr><tr><td>Atik KULAKLI&nbsp;&nbsp; Kuwait<\/td><\/tr><tr><td>Janos KUNDRAK&nbsp;&nbsp; Hungary<\/td><\/tr><tr><td>Andrew KUSIAK&nbsp;&nbsp; USA<\/td><\/tr><tr><td>Vidosav D. MAJSTOROVIC&nbsp;&nbsp; Serbia<\/td><\/tr><tr><td>Ildiko MANKOVA&nbsp;&nbsp; Slovakia<\/td><\/tr><tr><td>Angelos MARKOPOULOS&nbsp;&nbsp; Greece<\/td><\/tr><tr><td>Kurt&nbsp; MATYAS&nbsp;&nbsp; Austria<\/td><\/tr><tr><td>Martin NOV\u00c1K&nbsp;&nbsp; Czech Republic<\/td><\/tr><tr><td>Birgit OBERER&nbsp;&nbsp; Austria<\/td><\/tr><tr><td>Y\u0131ld\u0131r\u0131m&nbsp; OMURTAG&nbsp;&nbsp; USA<\/td><\/tr><tr><td>Necdet&nbsp; \u00d6Z\u00c7AKAR&nbsp;&nbsp; T\u00fcrkiye<\/td><\/tr><tr><td>Deniz \u00d6ZDEM\u0130R&nbsp;&nbsp; T\u00fcrkiye<\/td><\/tr><tr><td>Ahmet Fahri&nbsp; \u00d6ZOK&nbsp;&nbsp; T\u00fcrkiye<\/td><\/tr><tr><td>Ercan&nbsp; \u00d6ZTEMEL&nbsp;&nbsp; T\u00fcrkiye<\/td><\/tr><tr><td>Jozef PETERKA&nbsp;&nbsp; Slovakia<\/td><\/tr><tr><td>Marcela POKUSOV\u00c1&nbsp;&nbsp; Slovakia<\/td><\/tr><tr><td>Sorin POPESCU&nbsp;&nbsp; Romania<\/td><\/tr><tr><td>Daniela POPESCU&nbsp;&nbsp; Romania<\/td><\/tr><tr><td>G\u00fcnther POSZVEK&nbsp;&nbsp; Austria<\/td><\/tr><tr><td>Ernst PUCHER&nbsp;&nbsp; Austria<\/td><\/tr><tr><td>Aysun SA\u011eBA\u015e&nbsp;&nbsp; T\u00fcrkiye<\/td><\/tr><tr><td>Binnur SA\u011eBA\u015e&nbsp;&nbsp; T\u00fcrkiye<\/td><\/tr><tr><td>Jose Maria SANZ JUAN&nbsp;&nbsp; Spain<\/td><\/tr><tr><td>Amir M.&nbsp; SHARIF&nbsp;&nbsp; UK<\/td><\/tr><tr><td>\u013dubom\u00edr \u0160OO\u0160&nbsp;&nbsp; Slovakia<\/td><\/tr><tr><td>Arzu G\u00f6nen\u00e7&nbsp; SORGU\u00c7&nbsp; T\u00fcrkiye<\/td><\/tr><tr><td>Haluk SOYUER&nbsp; T\u00fcrkiye<\/td><\/tr><tr><td>Krzysztof&nbsp; STEPIEN&nbsp;&nbsp; Poland<\/td><\/tr><tr><td>P\u00e9ter TAM\u00c1S&nbsp;&nbsp; Hungary<\/td><\/tr><tr><td>Bar\u0131\u015f&nbsp; TAN&nbsp;&nbsp; T\u00fcrkiye<\/td><\/tr><tr><td>Mehmet&nbsp; TANYA\u015e&nbsp;&nbsp; T\u00fcrkiye<\/td><\/tr><tr><td>Jan TORGERSEN&nbsp;&nbsp; Germany<\/td><\/tr><tr><td>Orhan&nbsp; TORKUL&nbsp;&nbsp; T\u00fcrkiye<\/td><\/tr><tr><td>Bahad\u0131r&nbsp; TUNABOYLU&nbsp;&nbsp; T\u00fcrkiye<\/td><\/tr><tr><td>G\u00fcnd\u00fcz&nbsp; ULUSOY&nbsp;&nbsp; T\u00fcrkiye<\/td><\/tr><tr><td>Gyula VARGA&nbsp;&nbsp; Hungary<\/td><\/tr><tr><td>Karol VEL\u00cd\u0160EK&nbsp;&nbsp; Slovakia<\/td><\/tr><tr><td>John&nbsp; WANG&nbsp;&nbsp; Singapore<\/td><\/tr><tr><td>Albert Weckenmann&nbsp; Germany<\/td><\/tr><tr><td>Murat YAL\u00c7INTA\u015e&nbsp;&nbsp; T\u00fcrkiye<\/td><\/tr><tr><td>Mehmet Mutlu&nbsp; YEN\u0130SEY&nbsp; T\u00fcrkiye<\/td><\/tr><tr><td>Mehmet Emin YURCI&nbsp;&nbsp; T\u00fcrkiye<\/td><\/tr><tr><td>Selim ZA\u0130M &nbsp;&nbsp;T\u00fcrkiye<\/td><\/tr><tr><td>Wojciech ZEBALA&nbsp;&nbsp; Poland<\/td><\/tr><tr><td>Muammer ZERENLER&nbsp;&nbsp; T\u00fcrkiye<\/td><\/tr><\/tbody><\/table><\/figure>\n","protected":false},"excerpt":{"rendered":"<p>Honorary Chair Prof. Dr. Hasan Mandal, \u0130stanbul Technical University, Turkiye Prof.Dr.Kurt Matyas, TU Wien, Austria Symposium Chairs Prof. Dr. Hatice Camg\u00f6z Akda\u011f, ITU, T\u00fcrkiye Prof. Dr. Numan M. Durakba\u015fa TU Wien, Austria International Honorary Committee Prof. Dr. Albert Weckenmann Friedrich-Alexander-Universit\u00e4t Erlangen-N\u00fcrnberg, Germany&#8230;<\/p>\n","protected":false},"author":1,"featured_media":0,"parent":75,"menu_order":2,"comment_status":"closed","ping_status":"closed","template":"","meta":{"footnotes":""},"class_list":["post-79","page","type-page","status-publish","hentry"],"_links":{"self":[{"href":"https:\/\/ispr.academy\/2025\/wp-json\/wp\/v2\/pages\/79","targetHints":{"allow":["GET"]}}],"collection":[{"href":"https:\/\/ispr.academy\/2025\/wp-json\/wp\/v2\/pages"}],"about":[{"href":"https:\/\/ispr.academy\/2025\/wp-json\/wp\/v2\/types\/page"}],"author":[{"embeddable":true,"href":"https:\/\/ispr.academy\/2025\/wp-json\/wp\/v2\/users\/1"}],"replies":[{"embeddable":true,"href":"https:\/\/ispr.academy\/2025\/wp-json\/wp\/v2\/comments?post=79"}],"version-history":[{"count":10,"href":"https:\/\/ispr.academy\/2025\/wp-json\/wp\/v2\/pages\/79\/revisions"}],"predecessor-version":[{"id":426,"href":"https:\/\/ispr.academy\/2025\/wp-json\/wp\/v2\/pages\/79\/revisions\/426"}],"up":[{"embeddable":true,"href":"https:\/\/ispr.academy\/2025\/wp-json\/wp\/v2\/pages\/75"}],"wp:attachment":[{"href":"https:\/\/ispr.academy\/2025\/wp-json\/wp\/v2\/media?parent=79"}],"curies":[{"name":"wp","href":"https:\/\/api.w.org\/{rel}","templated":true}]}}