{"id":77,"date":"2025-02-24T20:48:20","date_gmt":"2025-02-24T20:48:20","guid":{"rendered":"https:\/\/ispr.academy\/2025\/?page_id=77"},"modified":"2025-09-24T21:26:50","modified_gmt":"2025-09-24T21:26:50","slug":"organizing-committee","status":"publish","type":"page","link":"https:\/\/ispr.academy\/2025\/programme\/committees\/organizing-committee\/","title":{"rendered":"Organizing Committee"},"content":{"rendered":"\n<figure class=\"wp-block-table\"><table class=\"has-fixed-layout\"><tbody><tr><td>Hatice CAMG\u00d6Z AKDA\u011e&nbsp;&nbsp; T\u00fcrkiye<\/td><\/tr><tr><td>Numan M. DURAKBASA Austria<\/td><\/tr><tr><td>Erol G\u00dc\u00c7L\u00dc&nbsp; France<\/td><\/tr><tr><td>G\u00fcl E. KREMER USA<\/td><\/tr><tr><td>Eva WALCHER Austria<\/td><\/tr><tr><td>Dursun DELEN&nbsp; USA, T\u00fcrkiye<\/td><\/tr><tr><td>G\u00fcnther POSZVEK&nbsp; Austria<\/td><\/tr><tr><td>N\u00fckhet TUN\u00c7B\u0130LEK&nbsp;&nbsp; Canada<\/td><\/tr><tr><td>Tufan TUN\u00c7B\u0130LEK&nbsp; Canada<\/td><\/tr><tr><td>Ece SOYUER Austria<\/td><\/tr><tr><td>Jorge BAUER&nbsp; Austria, Argentina<\/td><\/tr><tr><td>Lukas KR\u00c4UTER Austria<\/td><\/tr><tr><td>G\u00f6k\u00e7en BA\u015e&nbsp;&nbsp; Cyprus<\/td><\/tr><tr><td>Gamze U\u011eUR TUNCER Austria<\/td><\/tr><tr><td>Osman BODUR&nbsp; Austria<\/td><\/tr><tr><td>David RIEPL&nbsp; Austria<\/td><\/tr><tr><td>Selim ZA\u0130M&nbsp; T\u00fcrkiye<\/td><\/tr><tr><td>Semra B\u0130RG\u00dcN T\u00fcrkiye<\/td><\/tr><tr><td>Berna&nbsp; DENG\u0130Z&nbsp; T\u00fcrkiye<\/td><\/tr><tr><td>Serpil EROL T\u00fcrkiye<\/td><\/tr><tr><td>Kemal G\u00fcven G\u00dcLEN T\u00fcrkiye<\/td><\/tr><tr><td>Alptekin&nbsp; ERKOLLAR&nbsp; Austria<\/td><\/tr><tr><td>\u015eakir ESNAF T\u00fcrkiye<\/td><\/tr><tr><td>\u015e\u00fckr\u00fc Alp&nbsp; BARAY&nbsp;&nbsp; T\u00fcrkiye<\/td><\/tr><tr><td>Bahad\u0131r TUNABOYLU T\u00fcrkiye<\/td><\/tr><tr><td>Haluk SOYUER T\u00fcrkiye<\/td><\/tr><tr><td>Tu\u011f\u00e7e APAYDIN T\u00fcrkiye<\/td><\/tr><tr><td>Aziz Kemal KONYALIO\u011eLU T\u00fcrkiye<\/td><\/tr><tr><td>Emine Elif NEBAT\u0130 T\u00fcrkiye<\/td><\/tr><tr><td>Biset TOPRAK T\u00fcrkiye<\/td><\/tr><tr><td>Ferhan&nbsp; \u00c7EB\u0130&nbsp; T\u00fcrkiye<\/td><\/tr><tr><td>H\u00fcr Bersam BOLAT&nbsp;&nbsp; T\u00fcrkiye<\/td><\/tr><tr><td>Pa\u015fa \u00c7\u0130\u00c7EKL\u0130DA\u011e Australia<\/td><\/tr><tr><td>Mehmet G\u00dcDELEK T\u00fcrkiye<\/td><\/tr><tr><td>Muhammed Ali ERDEM T\u00fcrkiye<\/td><\/tr><tr><td>O\u011fuz Y\u00dcCEL T\u00fcrkiye<\/td><\/tr><\/tbody><\/table><\/figure>\n","protected":false},"excerpt":{"rendered":"<p>Hatice CAMG\u00d6Z AKDA\u011e&nbsp;&nbsp; T\u00fcrkiye Numan M. DURAKBASA Austria Erol G\u00dc\u00c7L\u00dc&nbsp; France G\u00fcl E. KREMER USA Eva WALCHER Austria Dursun DELEN&nbsp; USA, T\u00fcrkiye G\u00fcnther POSZVEK&nbsp; Austria N\u00fckhet TUN\u00c7B\u0130LEK&nbsp;&nbsp; Canada Tufan TUN\u00c7B\u0130LEK&nbsp; Canada Ece SOYUER Austria Jorge BAUER&nbsp; Austria, Argentina Lukas KR\u00c4UTER Austria G\u00f6k\u00e7en&#8230;<\/p>\n","protected":false},"author":1,"featured_media":0,"parent":75,"menu_order":1,"comment_status":"closed","ping_status":"closed","template":"","meta":{"footnotes":""},"class_list":["post-77","page","type-page","status-publish","hentry"],"_links":{"self":[{"href":"https:\/\/ispr.academy\/2025\/wp-json\/wp\/v2\/pages\/77","targetHints":{"allow":["GET"]}}],"collection":[{"href":"https:\/\/ispr.academy\/2025\/wp-json\/wp\/v2\/pages"}],"about":[{"href":"https:\/\/ispr.academy\/2025\/wp-json\/wp\/v2\/types\/page"}],"author":[{"embeddable":true,"href":"https:\/\/ispr.academy\/2025\/wp-json\/wp\/v2\/users\/1"}],"replies":[{"embeddable":true,"href":"https:\/\/ispr.academy\/2025\/wp-json\/wp\/v2\/comments?post=77"}],"version-history":[{"count":3,"href":"https:\/\/ispr.academy\/2025\/wp-json\/wp\/v2\/pages\/77\/revisions"}],"predecessor-version":[{"id":425,"href":"https:\/\/ispr.academy\/2025\/wp-json\/wp\/v2\/pages\/77\/revisions\/425"}],"up":[{"embeddable":true,"href":"https:\/\/ispr.academy\/2025\/wp-json\/wp\/v2\/pages\/75"}],"wp:attachment":[{"href":"https:\/\/ispr.academy\/2025\/wp-json\/wp\/v2\/media?parent=77"}],"curies":[{"name":"wp","href":"https:\/\/api.w.org\/{rel}","templated":true}]}}