{"id":73,"date":"2025-02-24T20:47:39","date_gmt":"2025-02-24T20:47:39","guid":{"rendered":"https:\/\/ispr.academy\/2025\/?page_id=73"},"modified":"2025-08-14T20:11:20","modified_gmt":"2025-08-14T20:11:20","slug":"venue","status":"publish","type":"page","link":"https:\/\/ispr.academy\/2025\/location\/venue\/","title":{"rendered":"Venue"},"content":{"rendered":"\n<figure class=\"wp-block-image size-full\"><img loading=\"lazy\" decoding=\"async\" width=\"768\" height=\"640\" src=\"https:\/\/ispr.academy\/2025\/wp-content\/uploads\/2025\/08\/1000345555.webp\" alt=\"\" class=\"wp-image-416\" srcset=\"https:\/\/ispr.academy\/2025\/wp-content\/uploads\/2025\/08\/1000345555.webp 768w, https:\/\/ispr.academy\/2025\/wp-content\/uploads\/2025\/08\/1000345555-300x250.webp 300w\" sizes=\"auto, (max-width: 768px) 100vw, 768px\" \/><\/figure>\n\n\n\n<p><strong>Mustafa Kemal Auditorium<\/strong><\/p>\n\n\n\n<p>The <strong>Ministry of National Defense (MSB) Ma\u00e7ka Armory Building<\/strong> on the <strong>\u0130T\u00dc Ma\u00e7ka Campus<\/strong> currently serves as the <strong>Faculty of Business Administration<\/strong>. Within this building, the <strong>Mustafa Kemal Auditorium<\/strong> has long been a focal point of interest due to its <strong>architectural design<\/strong> and <strong>historical significance<\/strong>.<\/p>\n\n\n\n<p>Constructed between <strong>1964 and 1965<\/strong> (originally named <strong>Ma\u00e7ka G Auditorium<\/strong>), the <strong>Mustafa Kemal Auditorium<\/strong> was designed by <strong>Prof. Nezih Eldem<\/strong>, a faculty member of the <strong>\u0130T\u00dc Faculty of Architecture<\/strong>. With a seating capacity of <strong>596<\/strong>, the auditorium spans <strong>600 m\u00b2<\/strong> and includes a <strong>foyer area of 333 m\u00b2<\/strong>, which is suitable for <strong>exhibitions and catering services<\/strong>.<\/p>\n\n\n\n<p>Renowned for its <strong>acoustic excellence<\/strong>, the <strong>Mustafa Kemal Auditorium<\/strong> has hosted numerous <strong>concerts, scientific conferences, meetings, theater performances, and dance shows<\/strong>.<\/p>\n\n\n\n<p><strong>ADDRESS<\/strong><\/p>\n\n\n\n<p>\u0130T\u00dc Mustafa Kemal Auditorium<br>Ministry of National Defense (MSB), Ma\u00e7ka Armory Building<br>Ma\u00e7ka Campus<br>34357 Ma\u00e7ka, \u0130STANBUL<\/p>\n\n\n\n<hr class=\"wp-block-separator has-alpha-channel-opacity\"\/>\n\n\n\n<p><\/p>\n\n\n\n<p><iframe src=\"https:\/\/www.google.com\/maps\/embed?pb=!1m18!1m12!1m3!1d6018.274739937498!2d28.990769084840345!3d41.0441249433477!2m3!1f0!2f0!3f0!3m2!1i1024!2i768!4f13.1!3m3!1m2!1s0x14cab774c51a6db3%3A0xb3e7fbe06419f4c3!2zxLBUw5wgTWHDp2thIEthbXDDvHPDvA!5e0!3m2!1str!2str!4v1753814199349!5m2!1str!2str\" width=\"600\" height=\"450\" style=\"border:0;\" allowfullscreen=\"\" loading=\"lazy\" referrerpolicy=\"no-referrer-when-downgrade\"><\/iframe><\/p>\n\n\n\n<p><\/p>\n\n\n\n<p><\/p>\n","protected":false},"excerpt":{"rendered":"<p>Mustafa Kemal Auditorium The Ministry of National Defense (MSB) Ma\u00e7ka Armory Building on the \u0130T\u00dc Ma\u00e7ka Campus currently serves as the Faculty of Business Administration. Within this building, the Mustafa Kemal Auditorium has long been a focal point of interest due to&#8230;<\/p>\n","protected":false},"author":1,"featured_media":0,"parent":69,"menu_order":2,"comment_status":"closed","ping_status":"closed","template":"","meta":{"footnotes":""},"class_list":["post-73","page","type-page","status-publish","hentry"],"_links":{"self":[{"href":"https:\/\/ispr.academy\/2025\/wp-json\/wp\/v2\/pages\/73","targetHints":{"allow":["GET"]}}],"collection":[{"href":"https:\/\/ispr.academy\/2025\/wp-json\/wp\/v2\/pages"}],"about":[{"href":"https:\/\/ispr.academy\/2025\/wp-json\/wp\/v2\/types\/page"}],"author":[{"embeddable":true,"href":"https:\/\/ispr.academy\/2025\/wp-json\/wp\/v2\/users\/1"}],"replies":[{"embeddable":true,"href":"https:\/\/ispr.academy\/2025\/wp-json\/wp\/v2\/comments?post=73"}],"version-history":[{"count":6,"href":"https:\/\/ispr.academy\/2025\/wp-json\/wp\/v2\/pages\/73\/revisions"}],"predecessor-version":[{"id":417,"href":"https:\/\/ispr.academy\/2025\/wp-json\/wp\/v2\/pages\/73\/revisions\/417"}],"up":[{"embeddable":true,"href":"https:\/\/ispr.academy\/2025\/wp-json\/wp\/v2\/pages\/69"}],"wp:attachment":[{"href":"https:\/\/ispr.academy\/2025\/wp-json\/wp\/v2\/media?parent=73"}],"curies":[{"name":"wp","href":"https:\/\/api.w.org\/{rel}","templated":true}]}}