{"id":71,"date":"2025-02-24T20:47:30","date_gmt":"2025-02-24T20:47:30","guid":{"rendered":"https:\/\/ispr.academy\/2025\/?page_id=71"},"modified":"2025-07-29T19:52:26","modified_gmt":"2025-07-29T19:52:26","slug":"accommodation","status":"publish","type":"page","link":"https:\/\/ispr.academy\/2025\/location\/accommodation\/","title":{"rendered":"Accommodation"},"content":{"rendered":"\n<p>\u0130T\u00dc Sosyal Tesisleri (Istanbul Technical University, Social Facility&amp; Macka Hotel) <strong>as a choice<\/strong>:<\/p>\n\n\n<p><iframe loading=\"lazy\" style=\"border: 0;\" src=\"https:\/\/www.google.com\/maps\/embed?pb=!1m18!1m12!1m3!1d3009.0583013734076!2d28.992962575747004!3d41.045854117110764!2m3!1f0!2f0!3f0!3m2!1i1024!2i768!4f13.1!3m3!1m2!1s0x14cab765a1d329f1%3A0x77923e1fb930d7bd!2s%C4%B0T%C3%9C%20Sosyal%20Tesisleri!5e0!3m2!1str!2str!4v1753812766210!5m2!1str!2str\" width=\"600\" height=\"450\" allowfullscreen=\"allowfullscreen\"><\/iframe><\/p>\n\n\n<p>For more information, you can check web-site: <a href=\"https:\/\/itusosyaltesisleri.com\/\"><strong>https:\/\/itusosyaltesisleri.com\/<\/strong><\/a><\/p>\n\n\n\n<p>For <strong>Reservation<\/strong>, you may click below:<\/p>\n\n\n\n<figure class=\"wp-block-embed is-type-wp-embed is-provider-i-t-sosyal-tesisleri-i-t-1773 wp-block-embed-i-t-sosyal-tesisleri-i-t-1773\"><div class=\"wp-block-embed__wrapper\">\n<blockquote class=\"wp-embedded-content\" data-secret=\"bkOe1i20Sk\"><a href=\"https:\/\/itusosyaltesisleri.com\/otel-rezervasyon\/\">Otel Rezervasyon<\/a><\/blockquote><iframe loading=\"lazy\" class=\"wp-embedded-content\" sandbox=\"allow-scripts\" security=\"restricted\" style=\"position: absolute; visibility: hidden;\" title=\"&#8220;Otel Rezervasyon&#8221; &#8212; \u0130T\u00dc Sosyal Tesisleri | \u0130T\u00dc 1773\" src=\"https:\/\/itusosyaltesisleri.com\/otel-rezervasyon\/embed\/#?secret=ZXEVaWlR2C#?secret=bkOe1i20Sk\" data-secret=\"bkOe1i20Sk\" width=\"600\" height=\"338\" frameborder=\"0\" marginwidth=\"0\" marginheight=\"0\" scrolling=\"no\"><\/iframe>\n<\/div><\/figure>\n","protected":false},"excerpt":{"rendered":"<p>\u0130T\u00dc Sosyal Tesisleri (Istanbul Technical University, Social Facility&amp; Macka Hotel) as a choice: For more information, you can check web-site: https:\/\/itusosyaltesisleri.com\/ For Reservation, you may click below:<\/p>\n","protected":false},"author":1,"featured_media":0,"parent":69,"menu_order":1,"comment_status":"closed","ping_status":"closed","template":"","meta":{"footnotes":""},"class_list":["post-71","page","type-page","status-publish","hentry"],"_links":{"self":[{"href":"https:\/\/ispr.academy\/2025\/wp-json\/wp\/v2\/pages\/71","targetHints":{"allow":["GET"]}}],"collection":[{"href":"https:\/\/ispr.academy\/2025\/wp-json\/wp\/v2\/pages"}],"about":[{"href":"https:\/\/ispr.academy\/2025\/wp-json\/wp\/v2\/types\/page"}],"author":[{"embeddable":true,"href":"https:\/\/ispr.academy\/2025\/wp-json\/wp\/v2\/users\/1"}],"replies":[{"embeddable":true,"href":"https:\/\/ispr.academy\/2025\/wp-json\/wp\/v2\/comments?post=71"}],"version-history":[{"count":7,"href":"https:\/\/ispr.academy\/2025\/wp-json\/wp\/v2\/pages\/71\/revisions"}],"predecessor-version":[{"id":375,"href":"https:\/\/ispr.academy\/2025\/wp-json\/wp\/v2\/pages\/71\/revisions\/375"}],"up":[{"embeddable":true,"href":"https:\/\/ispr.academy\/2025\/wp-json\/wp\/v2\/pages\/69"}],"wp:attachment":[{"href":"https:\/\/ispr.academy\/2025\/wp-json\/wp\/v2\/media?parent=71"}],"curies":[{"name":"wp","href":"https:\/\/api.w.org\/{rel}","templated":true}]}}