{"id":251,"date":"2025-06-20T22:16:57","date_gmt":"2025-06-20T22:16:57","guid":{"rendered":"https:\/\/ispr.academy\/2025\/?page_id=251"},"modified":"2025-06-20T22:27:04","modified_gmt":"2025-06-20T22:27:04","slug":"prof-dr-ayhan-toraman","status":"publish","type":"page","link":"https:\/\/ispr.academy\/2025\/ispr\/institutions\/sfpr\/prof-dr-ayhan-toraman\/","title":{"rendered":"Prof. Dr. Ayhan Toraman"},"content":{"rendered":"\n<p> \u2026Bug\u00fcn bir Mal, bir Hizmet ya da bir Fikir \u00fcretin \u2026(UAS 1997\/ISPR 1997)\u0130lk \u00dcretim Ara\u015ft\u0131rmalar\u0131 Sempozyumunun (UAS 1997) temas\u0131n\u0131 olu\u015fturan bu g\u00f6r\u00fc\u015f, insanl\u0131\u011f\u0131n yarat\u0131l\u0131\u015f amac\u0131n\u0131n \u201c\u00dcretim\u201d oldu\u011funu savunan ve   \u00fcretimi bir ya\u015fam felsefesi olarak  \u00e7evresindekilere de a\u015f\u0131lamay\u0131 gaye edinen  \u00e7ok de\u011ferli Hocam\u0131z Profes\u00f6r Doktor Ayhan Toraman\u2019 \u0131n ifadesidir. \u201c\u00dcretim\u201di yaymak ve felsefesini benimsetmek amac\u0131yla G\u00fcne\u015f GEN\u00c7YILMAZ ile birlikte yola \u00e7\u0131karak \u00fcretim ara\u015ft\u0131rmalar\u0131 sempozyumlar\u0131na \u00f6nc\u00fcl\u00fck eden ve ilk sempozyumu d\u00fczenleyen hocam\u0131z   \u00dcretim Ara\u015ft\u0131rmalar\u0131 Derne\u011fi&#8217;nin de kurucular\u0131 aras\u0131ndad\u0131r. Prof. Dr. Ayhan Toraman 1938 y\u0131l\u0131nda Kars\u2019ta d\u00fcnyaya gelmi\u015f, orta ve lise \u00f6\u011frenimini Kars ve Erzurum\u2019da tamamlad\u0131ktan sonra 1962 y\u0131l\u0131nda \u0130stanbul Universitesi \u0130ktisat Fak\u00fcltesinde \u0130\u015fletme Maliye B\u00f6l\u00fcm\u00fcnde lisans e\u011fitimine ba\u015flam\u0131\u015ft\u0131r.   USA Nebraska \u00dcniversitesinde y\u00fcksek lisans , \u0130stanbul \u00dcniversitesi Say\u0131sal Y\u00f6ntemler Anabilim Dal\u0131 alt\u0131nda Ekonometri bilim dal\u0131nda doktoras\u0131n\u0131  tamamlam\u0131\u015ft\u0131r. Doktora \u00f6ncesinde West Virginia \u00fcniversitesinde \u00e7al\u0131\u015fan Ayhan Toraman  akademik kariyerine \u0130stanbul \u00dcniversitesinde Do\u00e7ent olarak devam etmi\u015f, 1981&#8217;de atand\u0131\u011f\u0131 \u0130stanbul Teknik \u00dcniversitesi  \u0130\u015fletme M\u00fchendisli\u011fi Fak\u00fcltesinde \u00dcretim Y\u00f6netimi ve Kantitatif Analizler K\u00fcrs\u00fcs\u00fcnde \u00dcretim Planlama Bilim Dal\u0131nda Profes\u00f6r olarak  s\u00fcrd\u00fcrm\u00fc\u015f ve 2005 y\u0131l\u0131nda bu b\u00f6l\u00fcmden emekli olmu\u015ftur.Akademik ya\u015fam\u0131 s\u0131ras\u0131nda  \u00e7ok say\u0131da lisans, y\u00fcksek lisans ve doktora \u00f6\u011frencisini yeti\u015ftiren, tezlerini y\u00fcr\u00fcten, \u00e7ok say\u0131da akademisyenin ve i\u015f insan\u0131n\u0131n  yeti\u015fmesine destek olan  Ayhan Toraman e\u011fitim-\u00f6\u011fretim faaliyetlerini farkl\u0131 \u00fcniversitelerde,  kurumlarda ve sanayi kurulu\u015flar\u0131nda da s\u00fcrd\u00fcrm\u00fc\u015ft\u00fcr.  Ulusal ve uluslararas\u0131 alanda bildiri, makale, kitap, kitap \u00e7evirisi gibi  yay\u0131nlarla da bilim d\u00fcnyas\u0131na ve y\u00fcr\u00fctt\u00fc\u011f\u00fc \u00e7ok say\u0131da projelerle topluma ve  kurumuna \u00f6nemli katk\u0131larda bulunmu\u015ftur. Bu katk\u0131s\u0131n\u0131 Fak\u00fclte Dekanl\u0131\u011f\u0131, Yay\u0131n Komisyonu Ba\u015fkanl\u0131\u011f\u0131, UY-Gar Merkezi kurulu \u00fcyeli\u011fi gibi \u00fcstlendi\u011fi idari g\u00f6revlerle ve y\u00fcr\u00fctt\u00fc\u011f\u00fc toplumsal ve sosyal  projeler ile de devam ettirmi\u015ftir. Ayhan Toraman \u0130stanbul \u00dcniversitesi Talebe Birli\u011fi Ba\u015fkan\u0131, T\u00fcrkiye Milli Gen\u00e7lik Te\u015fkilat\u0131 y\u00f6netim kurulu \u00fcyeli\u011fi,  Nebraska T\u00fcrk Talebe Cemiyeti Ba\u015fkanl\u0131\u011f\u0131, T\u00fcrk istatistik Derne\u011fi \u00fcyesi gibi \u00e7e\u015fitli etkinliklerle sosyal ve siyasal ya\u015fam\u0131n i\u00e7inde aktif olarak rol oynam\u0131\u015ft\u0131r . Ayr\u0131ca T\u00fcrk gen\u00e7li\u011fine Hizmet Vakf\u0131, \u0130stanbul E\u011fitim ve Okul Yapt\u0131rma Derne\u011fi, Ar\u0131k\u00f6y Konut Yap\u0131 Kooperatifi gibi kurucusu oldu\u011fu Dernek ve Vak\u0131flar arac\u0131l\u0131\u011f\u0131yla edindi\u011fi  bilgi birikimini \u00e7evresindekilerle payla\u015farak  topluma faydaya d\u00f6n\u00fc\u015ft\u00fcrm\u00fc\u015ft\u00fcr.  Sevginin payla\u015ft\u0131k\u00e7a \u00e7o\u011falaca\u011f\u0131 post\u00fclasi ile sevgisini ve enerjisini daima \u00e7evresindekileri g\u00fc\u00e7 vermek i\u00e7in kullanan Ayhan TORAMAN\u2019\u0131n bilim ve siyaset alan\u0131nda ya\u015fad\u0131klar\u0131n\u0131 anlatt\u0131\u011f\u0131 kitaplar\u0131 da bulunmaktad\u0131r. \u201c\u00d6zg\u00fcrl\u00fc\u011f\u00fcmden \u00d6d\u00fcn Vermedim\u201d ba\u015fl\u0131kl\u0131  son yay\u0131n\u0131nda \u2026\u00dclkemi, mesle\u011fimi ve \u00f6\u011frencilerimi \u00e7ok ama \u00e7ok seviyorum\u2026 diyerek kitab\u0131n\u0131 ve \u00f6z\u00fcnde ya\u015fam\u0131n\u0131 da \u00f6zetleyen,  \u201c\u00fcretim\u201de g\u00f6n\u00fcl vermi\u015f hocam\u0131z Prof. Dr. Ayhan TORAMAN\u2019 \u0131 bizim de \u00e7ok sevdi\u011fimizi belirterek sevgi, sayg\u0131 ve rahmetle an\u0131yoruz.\u2026Produce a Good, a Service or an Idea Today\u2026 (UAS 1997\/ISPR 1997)This view, which constitutes the theme of the first Production Research Symposium (UAS 1997), is the expression of our very valuable teacher, Professor Ayhan Toraman, who defended that the purpose of humanity\u2019s creation was \u201cProduction\u201d and aimed to instill production as a philosophy of life in those around him. Our teacher, who pioneered production research symposiums and organized the first symposium together with G\u00fcne\u015f GEN\u00c7YILMAZ in order to spread \u201cProduction\u201d and have its philosophy adopted, is also among the founders of the Production Research Association.Prof. Dr. Ayhan Toraman was born in Kars in 1938, completed his middle and high school education in Kars and Erzurum, and started his undergraduate education in the Department of Business Administration and Finance at Istanbul University Faculty of Economics in 1962. He completed his postgraduate education at the University of Nebraska, USA; He completed his PhD in Econometrics under the Department of Numerical Methods at Istanbul University.Ayhan Toraman, who worked at West Virginia University before his PhD, continued his academic career as an Associate Professor at Istanbul University, and in 1981 he was appointed as a Professor of Production Management and Quantitative Analysis at the Department of Production Management of Istanbul Technical University Faculty of Management Engineering, and retired from this department in 2005.Ayhan Toraman, who trained many undergraduate, graduate and doctoral students, conducted their theses, and supported the training of many academics and business people during his academic life, also continued his education and training activities at different universities, institutions and industrial organizations. He made significant contributions to the scientific world with publications such as national and international proceedings, articles, books, and book translations, and to society and his institution with the numerous projects he carried out. He continued this contribution with administrative duties such as Dean of the Faculty, Head of the Publications Commission, and UY-Gar Center board membership, and with the social and community projects he carried out.Ayhan Toraman has played an active role in social and political life with various activities such as the President of Istanbul University Student Union, Board Member of Turkish National Youth Organization, President of Nebraska Turkish Student Association, and member of Turkish Statistical Association. He has also transformed the knowledge he has gained through the associations and foundations he founded such as Turkish Youth Service Foundation, Istanbul Education and School Construction Association, and Ar\u0131k\u00f6y Housing Construction Cooperative into a benefit for the society by sharing it with those around him. Ayhan TORAMAN, who always uses his love and energy to empower those around him with the postulate that love increases when shared, also has books in which he tells about his experiences in the fields of science and politics. In his last publication titled \u201cI Did Not Compromise on My Freedom\u201d, he summarizes his book and essentially his life by saying \u201cI love my country, my profession and my students very, very much\u2026\u201d and we remember our teacher Prof. Dr. Ayhan TORAMAN, who devoted himself to \u201cproduction\u201d, with love, respect and mercy, stating that we also love him very much. <\/p>\n","protected":false},"excerpt":{"rendered":"<p>\u2026Bug\u00fcn bir Mal, bir Hizmet ya da bir Fikir \u00fcretin \u2026(UAS 1997\/ISPR 1997)\u0130lk \u00dcretim Ara\u015ft\u0131rmalar\u0131 Sempozyumunun (UAS 1997) temas\u0131n\u0131 olu\u015fturan bu g\u00f6r\u00fc\u015f, insanl\u0131\u011f\u0131n yarat\u0131l\u0131\u015f amac\u0131n\u0131n \u201c\u00dcretim\u201d oldu\u011funu savunan ve \u00fcretimi bir ya\u015fam felsefesi olarak \u00e7evresindekilere de a\u015f\u0131lamay\u0131 gaye edinen \u00e7ok de\u011ferli Hocam\u0131z&#8230;<\/p>\n","protected":false},"author":1,"featured_media":0,"parent":55,"menu_order":1,"comment_status":"closed","ping_status":"closed","template":"","meta":{"footnotes":""},"class_list":["post-251","page","type-page","status-publish","hentry"],"_links":{"self":[{"href":"https:\/\/ispr.academy\/2025\/wp-json\/wp\/v2\/pages\/251","targetHints":{"allow":["GET"]}}],"collection":[{"href":"https:\/\/ispr.academy\/2025\/wp-json\/wp\/v2\/pages"}],"about":[{"href":"https:\/\/ispr.academy\/2025\/wp-json\/wp\/v2\/types\/page"}],"author":[{"embeddable":true,"href":"https:\/\/ispr.academy\/2025\/wp-json\/wp\/v2\/users\/1"}],"replies":[{"embeddable":true,"href":"https:\/\/ispr.academy\/2025\/wp-json\/wp\/v2\/comments?post=251"}],"version-history":[{"count":1,"href":"https:\/\/ispr.academy\/2025\/wp-json\/wp\/v2\/pages\/251\/revisions"}],"predecessor-version":[{"id":252,"href":"https:\/\/ispr.academy\/2025\/wp-json\/wp\/v2\/pages\/251\/revisions\/252"}],"up":[{"embeddable":true,"href":"https:\/\/ispr.academy\/2025\/wp-json\/wp\/v2\/pages\/55"}],"wp:attachment":[{"href":"https:\/\/ispr.academy\/2025\/wp-json\/wp\/v2\/media?parent=251"}],"curies":[{"name":"wp","href":"https:\/\/api.w.org\/{rel}","templated":true}]}}