{"id":14,"date":"2025-02-20T13:32:01","date_gmt":"2025-02-20T13:32:01","guid":{"rendered":"https:\/\/ispr.academy\/2025\/?page_id=14"},"modified":"2025-07-29T20:46:02","modified_gmt":"2025-07-29T20:46:02","slug":"contact","status":"publish","type":"page","link":"https:\/\/ispr.academy\/2025\/contact\/","title":{"rendered":"Contact"},"content":{"rendered":"\n<figure class=\"wp-block-table\"><table class=\"has-fixed-layout\"><tbody><tr><td>Primary e-mail adress: <a href=\"mailto:ispracademy@gmail.com\">ispracademy@gmail.com<\/a><\/td><\/tr><tr><td>Alternative e-mail adress: <a href=\"mailto:ispr@ispr.academy\">ispr@ispr.academy<\/a><\/td><\/tr><tr><td>Asist. Prof. Tu\u011f\u00e7e Apayd\u0131n: <a href=\"mailto:t.beldek@iku.edu.tr\">t.beldek@iku.edu.tr<\/a><\/td><\/tr><tr><td>Dr. Aziz Kemal Konyal\u0131o\u011flu: <a href=\"mailto:konyalioglua@itu.edu.tr\">konyalioglua@itu.edu.tr<\/a><\/td><\/tr><tr><td>Res. Asst. O\u011fuz Y\u00fccel: <a href=\"mailto:yucelog@itu.edu.tr\">yucelog@itu.edu.tr<\/a><\/td><\/tr><\/tbody><\/table><\/figure>\n","protected":false},"excerpt":{"rendered":"<p>Primary e-mail adress: ispracademy@gmail.com Alternative e-mail adress: ispr@ispr.academy Asist. Prof. Tu\u011f\u00e7e Apayd\u0131n: t.beldek@iku.edu.tr Dr. Aziz Kemal Konyal\u0131o\u011flu: konyalioglua@itu.edu.tr Res. Asst. O\u011fuz Y\u00fccel: yucelog@itu.edu.tr<\/p>\n","protected":false},"author":1,"featured_media":0,"parent":0,"menu_order":6,"comment_status":"closed","ping_status":"closed","template":"","meta":{"footnotes":""},"class_list":["post-14","page","type-page","status-publish","hentry"],"_links":{"self":[{"href":"https:\/\/ispr.academy\/2025\/wp-json\/wp\/v2\/pages\/14","targetHints":{"allow":["GET"]}}],"collection":[{"href":"https:\/\/ispr.academy\/2025\/wp-json\/wp\/v2\/pages"}],"about":[{"href":"https:\/\/ispr.academy\/2025\/wp-json\/wp\/v2\/types\/page"}],"author":[{"embeddable":true,"href":"https:\/\/ispr.academy\/2025\/wp-json\/wp\/v2\/users\/1"}],"replies":[{"embeddable":true,"href":"https:\/\/ispr.academy\/2025\/wp-json\/wp\/v2\/comments?post=14"}],"version-history":[{"count":3,"href":"https:\/\/ispr.academy\/2025\/wp-json\/wp\/v2\/pages\/14\/revisions"}],"predecessor-version":[{"id":382,"href":"https:\/\/ispr.academy\/2025\/wp-json\/wp\/v2\/pages\/14\/revisions\/382"}],"wp:attachment":[{"href":"https:\/\/ispr.academy\/2025\/wp-json\/wp\/v2\/media?parent=14"}],"curies":[{"name":"wp","href":"https:\/\/api.w.org\/{rel}","templated":true}]}}