{"id":61,"date":"2023-11-30T07:39:50","date_gmt":"2023-11-30T07:39:50","guid":{"rendered":"https:\/\/ispr.academy\/2024\/?page_id=61"},"modified":"2024-10-05T13:09:22","modified_gmt":"2024-10-05T13:09:22","slug":"contact","status":"publish","type":"page","link":"https:\/\/ispr.academy\/2024\/contact\/","title":{"rendered":"Contact"},"content":{"rendered":"\n<figure class=\"wp-block-table\"><table class=\"has-fixed-layout\"><tbody><tr><td>Primary e-mail adress:   <a href=\"mailto:ispracademy@gmail.com\">ispracademy@gmail.com<\/a><\/td><\/tr><tr><td>Alternative e-mail adress:  <a href=\"mailto:ispr@ispr.academy\">ispr@ispr.academy<\/a><\/td><\/tr><tr><td>Dr. Tu\u011f\u00e7e Apayd\u0131n:          <a href=\"mailto:t.beldek@iku.edu.tr\">t.beldek@iku.edu.tr<\/a><\/td><\/tr><\/tbody><\/table><\/figure>\n","protected":false},"excerpt":{"rendered":"<p>Primary e-mail adress: ispracademy@gmail.com Alternative e-mail adress: ispr@ispr.academy Dr. Tu\u011f\u00e7e Apayd\u0131n: t.beldek@iku.edu.tr<\/p>\n","protected":false},"author":1,"featured_media":0,"parent":0,"menu_order":6,"comment_status":"closed","ping_status":"closed","template":"page-template\/right-template.php","meta":{"footnotes":""},"class_list":["post-61","page","type-page","status-publish","hentry"],"_links":{"self":[{"href":"https:\/\/ispr.academy\/2024\/wp-json\/wp\/v2\/pages\/61","targetHints":{"allow":["GET"]}}],"collection":[{"href":"https:\/\/ispr.academy\/2024\/wp-json\/wp\/v2\/pages"}],"about":[{"href":"https:\/\/ispr.academy\/2024\/wp-json\/wp\/v2\/types\/page"}],"author":[{"embeddable":true,"href":"https:\/\/ispr.academy\/2024\/wp-json\/wp\/v2\/users\/1"}],"replies":[{"embeddable":true,"href":"https:\/\/ispr.academy\/2024\/wp-json\/wp\/v2\/comments?post=61"}],"version-history":[{"count":6,"href":"https:\/\/ispr.academy\/2024\/wp-json\/wp\/v2\/pages\/61\/revisions"}],"predecessor-version":[{"id":236,"href":"https:\/\/ispr.academy\/2024\/wp-json\/wp\/v2\/pages\/61\/revisions\/236"}],"wp:attachment":[{"href":"https:\/\/ispr.academy\/2024\/wp-json\/wp\/v2\/media?parent=61"}],"curies":[{"name":"wp","href":"https:\/\/api.w.org\/{rel}","templated":true}]}}