{"id":39,"date":"2023-11-30T07:36:40","date_gmt":"2023-11-30T07:36:40","guid":{"rendered":"https:\/\/ispr.academy\/2024\/?page_id=39"},"modified":"2024-10-05T14:20:23","modified_gmt":"2024-10-05T14:20:23","slug":"keynote-speakers","status":"publish","type":"page","link":"https:\/\/ispr.academy\/2024\/programme\/keynote-speakers\/","title":{"rendered":"Keynote Speakers"},"content":{"rendered":"\n<div class=\"wp-block-columns is-layout-flex wp-container-core-columns-is-layout-1 wp-block-columns-is-layout-flex\">\n<div class=\"wp-block-column is-layout-flow wp-block-column-is-layout-flow\"><div class=\"wp-block-image\">\n<figure class=\"aligncenter size-full is-resized\"><img loading=\"lazy\" decoding=\"async\" width=\"300\" height=\"300\" src=\"https:\/\/ispr.academy\/2024\/wp-content\/uploads\/2024\/10\/matyas-300x300-1.webp\" alt=\"\" class=\"wp-image-298\" style=\"width:162px;height:auto\" srcset=\"https:\/\/ispr.academy\/2024\/wp-content\/uploads\/2024\/10\/matyas-300x300-1.webp 300w, https:\/\/ispr.academy\/2024\/wp-content\/uploads\/2024\/10\/matyas-300x300-1-150x150.webp 150w, https:\/\/ispr.academy\/2024\/wp-content\/uploads\/2024\/10\/matyas-300x300-1-100x100.webp 100w\" sizes=\"auto, (max-width: 300px) 100vw, 300px\" \/><\/figure><\/div>\n\n\n<div class=\"wp-block-group is-style-plain\"><div class=\"wp-block-group__inner-container is-layout-flow wp-block-group-is-layout-flow\">\n<p class=\"has-text-align-center\"><strong><a href=\"https:\/\/tiss.tuwien.ac.at\/person\/139234.html?suchtext=matyas\">Prof. Kurt Matyas<\/a><\/strong><\/p>\n\n\n\n<p><\/p>\n\n\n\n<p class=\"has-text-align-center\">Vice Rector for Academic Affairs<br>Vienna University of Technology, Austria<\/p>\n<\/div><\/div>\n\n\n\n<p><\/p>\n\n\n\n<p>  <\/p>\n\n\n<div class=\"wp-block-image\">\n<figure class=\"aligncenter size-full is-resized\"><img loading=\"lazy\" decoding=\"async\" width=\"300\" height=\"300\" src=\"https:\/\/ispr.academy\/2024\/wp-content\/uploads\/2024\/10\/popescu-300x300-2.webp\" alt=\"\" class=\"wp-image-330\" style=\"width:173px;height:auto\" srcset=\"https:\/\/ispr.academy\/2024\/wp-content\/uploads\/2024\/10\/popescu-300x300-2.webp 300w, https:\/\/ispr.academy\/2024\/wp-content\/uploads\/2024\/10\/popescu-300x300-2-150x150.webp 150w, https:\/\/ispr.academy\/2024\/wp-content\/uploads\/2024\/10\/popescu-300x300-2-100x100.webp 100w\" sizes=\"auto, (max-width: 300px) 100vw, 300px\" \/><\/figure><\/div>\n\n\n<p class=\"has-text-align-center\"><strong><a href=\"https:\/\/tiss.tuwien.ac.at\/person\/139234.html?suchtext=matyas\"><strong><a href=\"https:\/\/www.researchgate.net\/profile\/Daniela-Popescu-9\">Prof. Daniela Popescu<\/a><\/strong><\/a><\/strong><\/p>\n\n\n\n<p><\/p>\n\n\n\n<p class=\"has-text-align-center\">Vice Rector<br>Technical University of Cluj-Napoca, Romania<\/p>\n\n\n<div class=\"wp-block-image\">\n<figure class=\"aligncenter size-full is-resized\"><img loading=\"lazy\" decoding=\"async\" width=\"300\" height=\"300\" src=\"https:\/\/ispr.academy\/2024\/wp-content\/uploads\/2024\/10\/drgani-300x300-1.webp\" alt=\"\" class=\"wp-image-301\" style=\"width:165px;height:auto\" srcset=\"https:\/\/ispr.academy\/2024\/wp-content\/uploads\/2024\/10\/drgani-300x300-1.webp 300w, https:\/\/ispr.academy\/2024\/wp-content\/uploads\/2024\/10\/drgani-300x300-1-150x150.webp 150w, https:\/\/ispr.academy\/2024\/wp-content\/uploads\/2024\/10\/drgani-300x300-1-100x100.webp 100w\" sizes=\"auto, (max-width: 300px) 100vw, 300px\" \/><\/figure><\/div>\n\n\n<p class=\"has-text-align-center\"><strong><a href=\"https:\/\/ispr.academy\/2022\/wp-content\/uploads\/2022\/06\/Dr.-Gani-Biological-Sketch-.pdf\" data-type=\"link\" data-id=\"https:\/\/ispr.academy\/2022\/wp-content\/uploads\/2022\/06\/Dr.-Gani-Biological-Sketch-.pdf\">\u00d6mer Sahin Ganiyusufoglu<\/a><\/strong><\/p>\n\n\n\n<p>QIAP \u2013 Qingdao Inernational Academician Park<br>Industrial Development Consultant, China<\/p>\n\n\n\n<p class=\"has-text-align-center\"><\/p>\n\n\n\n<p class=\"has-text-align-center\"><strong><a href=\"https:\/\/www.researchgate.net\/profile\/Daniela-Popescu-9\"><\/a><\/strong><\/p>\n\n\n<div class=\"wp-block-image\">\n<figure class=\"aligncenter size-full is-resized\"><img loading=\"lazy\" decoding=\"async\" width=\"360\" height=\"280\" src=\"https:\/\/ispr.academy\/2024\/wp-content\/uploads\/2024\/10\/Dr_Hasan_Ozcelik.jpg\" alt=\"\" class=\"wp-image-302\" style=\"width:193px;height:auto\" srcset=\"https:\/\/ispr.academy\/2024\/wp-content\/uploads\/2024\/10\/Dr_Hasan_Ozcelik.jpg 360w, https:\/\/ispr.academy\/2024\/wp-content\/uploads\/2024\/10\/Dr_Hasan_Ozcelik-300x233.jpg 300w\" sizes=\"auto, (max-width: 360px) 100vw, 360px\" \/><\/figure><\/div>\n\n\n<p class=\"has-text-align-center\"><strong><strong><a href=\"https:\/\/www.kgk.gov.tr\/PersonProfile\/59\/DR--HASAN-O%CC%88ZC%CC%A7ELI%CC%87K\">Dr. Hasan \u00d6z\u00e7elik<\/a><\/strong><\/strong><\/p>\n\n\n\n<p class=\"has-text-align-center\">Chair of Public Oversight Accounting and Auditing Standarts Authority<\/p>\n\n\n\n<p class=\"has-text-align-center\"><\/p>\n\n\n\n<p class=\"has-text-align-center\"><strong><a href=\"https:\/\/www.researchgate.net\/profile\/Daniela-Popescu-9\"><\/a><\/strong><\/p>\n\n\n<div class=\"wp-block-image\">\n<figure class=\"aligncenter size-full is-resized\"><img loading=\"lazy\" decoding=\"async\" width=\"512\" height=\"512\" src=\"https:\/\/ispr.academy\/2024\/wp-content\/uploads\/2024\/10\/Jorge-Bauer.jpg\" alt=\"\" class=\"wp-image-303\" style=\"width:161px;height:auto\" srcset=\"https:\/\/ispr.academy\/2024\/wp-content\/uploads\/2024\/10\/Jorge-Bauer.jpg 512w, https:\/\/ispr.academy\/2024\/wp-content\/uploads\/2024\/10\/Jorge-Bauer-300x300.jpg 300w, https:\/\/ispr.academy\/2024\/wp-content\/uploads\/2024\/10\/Jorge-Bauer-150x150.jpg 150w, https:\/\/ispr.academy\/2024\/wp-content\/uploads\/2024\/10\/Jorge-Bauer-100x100.jpg 100w\" sizes=\"auto, (max-width: 512px) 100vw, 512px\" \/><\/figure><\/div>\n\n\n<p class=\"has-text-align-center\"><strong><strong><a href=\"https:\/\/www.researchgate.net\/profile\/Jorge-Bauer\">Prof. Jorge Bauer<\/a><\/strong><\/strong><\/p>\n\n\n\n<p class=\"has-text-align-center\">TU Wien, UTN&amp;FRBA Buenos Aires<\/p>\n\n\n\n<pre class=\"wp-block-code\"><code><\/code><\/pre>\n<\/div>\n\n\n\n<div class=\"wp-block-column is-layout-flow wp-block-column-is-layout-flow\"><div class=\"wp-block-image\">\n<figure class=\"aligncenter size-full is-resized\"><img loading=\"lazy\" decoding=\"async\" width=\"300\" height=\"300\" src=\"https:\/\/ispr.academy\/2024\/wp-content\/uploads\/2024\/10\/alice-300x300-1.webp\" alt=\"\" class=\"wp-image-304\" style=\"width:163px;height:auto\" srcset=\"https:\/\/ispr.academy\/2024\/wp-content\/uploads\/2024\/10\/alice-300x300-1.webp 300w, https:\/\/ispr.academy\/2024\/wp-content\/uploads\/2024\/10\/alice-300x300-1-150x150.webp 150w, https:\/\/ispr.academy\/2024\/wp-content\/uploads\/2024\/10\/alice-300x300-1-100x100.webp 100w\" sizes=\"auto, (max-width: 300px) 100vw, 300px\" \/><\/figure><\/div>\n\n\n<div class=\"wp-block-group\"><div class=\"wp-block-group__inner-container is-layout-flow wp-block-group-is-layout-flow\">\n<p class=\"has-text-align-center\"><a href=\"https:\/\/www.eng.auburn.edu\/~aesmith\/\"><strong>Prof. Alice E. Smith<\/strong><\/a><\/p>\n\n\n\n<p class=\"has-text-align-center\">Joe W. Forehand\/Accenture Distinguished Professor<br>Department of Industrial and Systems Engineering Auburn University, USA<\/p>\n\n\n\n<p><\/p>\n<\/div><\/div>\n\n\n\n<p><\/p>\n\n\n\n<p class=\"has-text-align-center\"><strong><a href=\"https:\/\/www.researchgate.net\/profile\/Daniela-Popescu-9\"><\/a><\/strong><\/p>\n\n\n<div class=\"wp-block-image\">\n<figure class=\"aligncenter size-full is-resized\"><img loading=\"lazy\" decoding=\"async\" width=\"300\" height=\"300\" src=\"https:\/\/ispr.academy\/2024\/wp-content\/uploads\/2024\/10\/kusiak1-300x300-1.webp\" alt=\"\" class=\"wp-image-305\" style=\"width:167px;height:auto\" srcset=\"https:\/\/ispr.academy\/2024\/wp-content\/uploads\/2024\/10\/kusiak1-300x300-1.webp 300w, https:\/\/ispr.academy\/2024\/wp-content\/uploads\/2024\/10\/kusiak1-300x300-1-150x150.webp 150w, https:\/\/ispr.academy\/2024\/wp-content\/uploads\/2024\/10\/kusiak1-300x300-1-100x100.webp 100w\" sizes=\"auto, (max-width: 300px) 100vw, 300px\" \/><\/figure><\/div>\n\n\n<p class=\"has-text-align-center\"><strong><a href=\"https:\/\/engineering.uiowa.edu\/people\/andrew-kusiak\"><strong>Prof. Andrew Kusiak<\/strong><\/a><\/strong><\/p>\n\n\n\n<p>Industrial and Systems Engineering<br>University of Iowa Informatics Initiative, USA<\/p>\n\n\n\n<p class=\"has-text-align-center\"><\/p>\n\n\n\n<p class=\"has-text-align-center\"><strong><a href=\"https:\/\/www.researchgate.net\/profile\/Daniela-Popescu-9\"><\/a><a href=\"https:\/\/engineering.uiowa.edu\/people\/andrew-kusiak\"><\/a><\/strong><\/p>\n\n\n<div class=\"wp-block-image\">\n<figure class=\"aligncenter size-full is-resized\"><img loading=\"lazy\" decoding=\"async\" width=\"300\" height=\"300\" src=\"https:\/\/ispr.academy\/2024\/wp-content\/uploads\/2024\/10\/fisher-300x300-1.webp\" alt=\"\" class=\"wp-image-306\" style=\"width:161px;height:auto\" srcset=\"https:\/\/ispr.academy\/2024\/wp-content\/uploads\/2024\/10\/fisher-300x300-1.webp 300w, https:\/\/ispr.academy\/2024\/wp-content\/uploads\/2024\/10\/fisher-300x300-1-150x150.webp 150w, https:\/\/ispr.academy\/2024\/wp-content\/uploads\/2024\/10\/fisher-300x300-1-100x100.webp 100w\" sizes=\"auto, (max-width: 300px) 100vw, 300px\" \/><\/figure><\/div>\n\n\n<p class=\"has-text-align-center\"><strong><strong><a href=\"https:\/\/scholar.google.com\/citations?user=wtNAj88AAAAJ&amp;hl=en\" target=\"_blank\" rel=\"noreferrer noopener\"><strong>Prof. William P. Fisher<\/strong><\/a><\/strong><\/strong><\/p>\n\n\n\n<p class=\"has-text-align-center\">Research Associate, BEAR Center, Graduate School of Education University of California, Berkeley<\/p>\n\n\n\n<p class=\"has-text-align-center\"><\/p>\n\n\n\n<p class=\"has-text-align-center\"><strong><a href=\"https:\/\/www.researchgate.net\/profile\/Daniela-Popescu-9\"><\/a><strong><a href=\"https:\/\/www.kgk.gov.tr\/PersonProfile\/59\/DR--HASAN-O%CC%88ZC%CC%A7ELI%CC%87K\"><\/a><\/strong><\/strong><\/p>\n\n\n<div class=\"wp-block-image\">\n<figure class=\"aligncenter size-full is-resized\"><img loading=\"lazy\" decoding=\"async\" width=\"157\" height=\"192\" src=\"https:\/\/ispr.academy\/2024\/wp-content\/uploads\/2024\/10\/secil-yildiz-edited.png\" alt=\"\" class=\"wp-image-308\" style=\"width:119px;height:auto\"\/><\/figure><\/div>\n\n\n<p class=\"has-text-align-center\"><strong><strong><strong><a href=\"https:\/\/kalkinmavks.com.tr\/Secil-Kizilkaya-Yildiz.php\">Se\u00e7il Y\u0131ld\u0131z<\/a><\/strong><\/strong><\/strong><\/p>\n\n\n\n<p class=\"has-text-align-center\">Executive Vice President of Development Investment Bank of T\u00fcrkiye<\/p>\n\n\n\n<p class=\"has-text-align-center\"><\/p>\n\n\n\n<p class=\"has-text-align-center\"><strong><a href=\"https:\/\/www.researchgate.net\/profile\/Daniela-Popescu-9\"><\/a><\/strong><\/p>\n\n\n<div class=\"wp-block-image\">\n<figure class=\"aligncenter size-full is-resized\"><img loading=\"lazy\" decoding=\"async\" width=\"100\" height=\"135\" src=\"https:\/\/ispr.academy\/2024\/wp-content\/uploads\/2024\/10\/DemirAG.jpg\" alt=\"\" class=\"wp-image-309\" style=\"width:113px;height:auto\"\/><\/figure><\/div>\n\n\n<p class=\"has-text-align-center\"><strong><strong><a href=\"https:\/\/scholar.google.com.tr\/citations?user=hkocJnoAAAAJ&amp;hl=tr\">Assoc. Prof. Ali G\u00f6khan Demir<\/a><\/strong><\/strong><\/p>\n\n\n\n<p class=\"has-text-align-center\">Department of Mechanical Engineering, Politecnico di Milano<\/p>\n<\/div>\n\n\n\n<div class=\"wp-block-column is-layout-flow wp-block-column-is-layout-flow\"><div class=\"wp-block-image\">\n<figure class=\"aligncenter size-full is-resized\"><img loading=\"lazy\" decoding=\"async\" width=\"300\" height=\"300\" src=\"https:\/\/ispr.academy\/2024\/wp-content\/uploads\/2024\/10\/kremer-300x300-1.webp\" alt=\"\" class=\"wp-image-310\" style=\"width:161px;height:auto\" srcset=\"https:\/\/ispr.academy\/2024\/wp-content\/uploads\/2024\/10\/kremer-300x300-1.webp 300w, https:\/\/ispr.academy\/2024\/wp-content\/uploads\/2024\/10\/kremer-300x300-1-150x150.webp 150w, https:\/\/ispr.academy\/2024\/wp-content\/uploads\/2024\/10\/kremer-300x300-1-100x100.webp 100w\" sizes=\"auto, (max-width: 300px) 100vw, 300px\" \/><\/figure><\/div>\n\n\n<div class=\"wp-block-group\"><div class=\"wp-block-group__inner-container is-layout-flow wp-block-group-is-layout-flow\">\n<p class=\"has-text-align-center\"><a href=\"https:\/\/udayton.edu\/directory\/engineering\/deans_office\/kremer-g%C3%BCl-e.php\"><strong>Prof. G\u00fcl E. Kremer<\/strong><\/a><\/p>\n\n\n\n<p><\/p>\n\n\n\n<p class=\"has-text-align-center\">Dean, School of Engineering University of Dayton, USA<\/p>\n\n\n\n<p><\/p>\n<\/div><\/div>\n\n\n\n<p><\/p>\n\n\n\n<p class=\"has-text-align-center\"><strong><a href=\"https:\/\/www.researchgate.net\/profile\/Daniela-Popescu-9\"><\/a><a href=\"https:\/\/engineering.uiowa.edu\/people\/andrew-kusiak\"><\/a><\/strong><\/p>\n\n\n<div class=\"wp-block-image\">\n<figure class=\"aligncenter size-full is-resized\"><img loading=\"lazy\" decoding=\"async\" width=\"300\" height=\"300\" src=\"https:\/\/ispr.academy\/2024\/wp-content\/uploads\/2024\/10\/pham1-300x300-1.webp\" alt=\"\" class=\"wp-image-311\" style=\"width:161px;height:auto\" srcset=\"https:\/\/ispr.academy\/2024\/wp-content\/uploads\/2024\/10\/pham1-300x300-1.webp 300w, https:\/\/ispr.academy\/2024\/wp-content\/uploads\/2024\/10\/pham1-300x300-1-150x150.webp 150w, https:\/\/ispr.academy\/2024\/wp-content\/uploads\/2024\/10\/pham1-300x300-1-100x100.webp 100w\" sizes=\"auto, (max-width: 300px) 100vw, 300px\" \/><\/figure><\/div>\n\n\n<p class=\"has-text-align-center\"><strong><strong><a href=\"https:\/\/www.birmingham.ac.uk\/staff\/profiles\/mechanical\/pham-duc.aspx\"><strong>Prof. Duc Pham<\/strong><\/a><\/strong><\/strong><\/p>\n\n\n\n<p>Department of Mechanical Engineering<br>The University of Birmingham, UK<\/p>\n\n\n\n<p class=\"has-text-align-center\"><\/p>\n\n\n\n<p class=\"has-text-align-center\"><strong><a href=\"https:\/\/www.researchgate.net\/profile\/Daniela-Popescu-9\"><\/a><a href=\"https:\/\/engineering.uiowa.edu\/people\/andrew-kusiak\"><\/a><\/strong><\/p>\n\n\n<div class=\"wp-block-image\">\n<figure class=\"aligncenter size-full is-resized\"><img loading=\"lazy\" decoding=\"async\" width=\"300\" height=\"300\" src=\"https:\/\/ispr.academy\/2024\/wp-content\/uploads\/2024\/10\/birgit-300x300-1.webp\" alt=\"\" class=\"wp-image-312\" style=\"width:162px;height:auto\" srcset=\"https:\/\/ispr.academy\/2024\/wp-content\/uploads\/2024\/10\/birgit-300x300-1.webp 300w, https:\/\/ispr.academy\/2024\/wp-content\/uploads\/2024\/10\/birgit-300x300-1-150x150.webp 150w, https:\/\/ispr.academy\/2024\/wp-content\/uploads\/2024\/10\/birgit-300x300-1-100x100.webp 100w\" sizes=\"auto, (max-width: 300px) 100vw, 300px\" \/><\/figure><\/div>\n\n\n<p class=\"has-text-align-center\"><strong><strong><a href=\"https:\/\/scholar.google.com.tr\/citations?hl=de&amp;user=PoSDKbAAAAAJ&amp;view_op=list_works&amp;sortby=pubdate\"><strong>Prof. Birgit Oberer<\/strong><\/a><\/strong><\/strong><\/p>\n\n\n\n<p class=\"has-text-align-center\">International Society of Engineering Pedagogy (IGIP), Austria<\/p>\n\n\n\n<p class=\"has-text-align-center\"><\/p>\n\n\n\n<p class=\"has-text-align-center\"><strong><a href=\"https:\/\/www.researchgate.net\/profile\/Daniela-Popescu-9\"><\/a><\/strong><\/p>\n\n\n<div class=\"wp-block-image\">\n<figure class=\"aligncenter size-full is-resized\"><img loading=\"lazy\" decoding=\"async\" width=\"296\" height=\"296\" src=\"https:\/\/ispr.academy\/2024\/wp-content\/uploads\/2024\/10\/ags-300x300-1.png\" alt=\"\" class=\"wp-image-313\" style=\"width:152px;height:auto\" srcset=\"https:\/\/ispr.academy\/2024\/wp-content\/uploads\/2024\/10\/ags-300x300-1.png 296w, https:\/\/ispr.academy\/2024\/wp-content\/uploads\/2024\/10\/ags-300x300-1-150x150.png 150w, https:\/\/ispr.academy\/2024\/wp-content\/uploads\/2024\/10\/ags-300x300-1-100x100.png 100w\" sizes=\"auto, (max-width: 296px) 100vw, 296px\" \/><\/figure><\/div>\n\n\n<p class=\"has-text-align-center\"><strong><strong><a href=\"https:\/\/avesis.metu.edu.tr\/arzug\">Prof. Dr. Arzu G\u00f6nen\u00e7 Sorgu\u00e7<\/a><\/strong><\/strong><\/p>\n\n\n\n<p class=\"has-text-align-center\">Middle East Technical University<\/p>\n\n\n\n<p><\/p>\n<\/div>\n<\/div>\n","protected":false},"excerpt":{"rendered":"<p>Prof. Kurt Matyas Vice Rector for Academic AffairsVienna University of Technology, Austria Prof. Daniela Popescu Vice RectorTechnical University of Cluj-Napoca, Romania \u00d6mer Sahin Ganiyusufoglu QIAP \u2013 Qingdao Inernational Academician ParkIndustrial Development Consultant, China Dr. Hasan \u00d6z\u00e7elik Chair of Public Oversight Accounting and Auditing Standarts Authority Prof. Jorge Bauer TU Wien, UTN&amp;FRBA Buenos Aires Prof. Alice [&hellip;]<\/p>\n","protected":false},"author":1,"featured_media":0,"parent":31,"menu_order":2,"comment_status":"closed","ping_status":"closed","template":"page-template\/right-template.php","meta":{"footnotes":""},"class_list":["post-39","page","type-page","status-publish","hentry"],"_links":{"self":[{"href":"https:\/\/ispr.academy\/2024\/wp-json\/wp\/v2\/pages\/39","targetHints":{"allow":["GET"]}}],"collection":[{"href":"https:\/\/ispr.academy\/2024\/wp-json\/wp\/v2\/pages"}],"about":[{"href":"https:\/\/ispr.academy\/2024\/wp-json\/wp\/v2\/types\/page"}],"author":[{"embeddable":true,"href":"https:\/\/ispr.academy\/2024\/wp-json\/wp\/v2\/users\/1"}],"replies":[{"embeddable":true,"href":"https:\/\/ispr.academy\/2024\/wp-json\/wp\/v2\/comments?post=39"}],"version-history":[{"count":25,"href":"https:\/\/ispr.academy\/2024\/wp-json\/wp\/v2\/pages\/39\/revisions"}],"predecessor-version":[{"id":332,"href":"https:\/\/ispr.academy\/2024\/wp-json\/wp\/v2\/pages\/39\/revisions\/332"}],"up":[{"embeddable":true,"href":"https:\/\/ispr.academy\/2024\/wp-json\/wp\/v2\/pages\/31"}],"wp:attachment":[{"href":"https:\/\/ispr.academy\/2024\/wp-json\/wp\/v2\/media?parent=39"}],"curies":[{"name":"wp","href":"https:\/\/api.w.org\/{rel}","templated":true}]}}