{"id":37,"date":"2023-11-30T07:36:17","date_gmt":"2023-11-30T07:36:17","guid":{"rendered":"https:\/\/ispr.academy\/2024\/?page_id=37"},"modified":"2024-10-06T12:57:43","modified_gmt":"2024-10-06T12:57:43","slug":"organizing-committee","status":"publish","type":"page","link":"https:\/\/ispr.academy\/2024\/programme\/committees\/organizing-committee\/","title":{"rendered":"Organizing Committee"},"content":{"rendered":"\n<p><strong>Selim ZA\u0130M<\/strong>\u00a0T\u00fcrkiye<br><strong>Erol G\u00dc\u00c7L\u00dc<\/strong>\u00a0Austria<br><strong>Semra B\u0130RG\u00dcN<\/strong>\u00a0T\u00fcrkiye<br><strong>Berna DENG\u0130Z<\/strong>\u00a0T\u00fcrkiye<br><strong>Serpil EROL<\/strong>\u00a0T\u00fcrkiye<br><strong>Kemal G\u00fcven G\u00dcLEN<\/strong>\u00a0T\u00fcrkiye<br><strong>Alptekin ERKOLLAR<\/strong>\u00a0T\u00fcrkiye<br><strong>G\u00fcl E. KREMER<\/strong>\u00a0USA<br><strong>Eva WALCHER<\/strong>\u00a0Austria<br><strong>Ferhan \u00c7EB\u0130<\/strong>\u00a0T\u00fcrkiye<br><strong>Dursun DELEN\u00a0\u00a0<\/strong>USA<br><strong>G\u00fcnther POSZVEK<\/strong>\u00a0 Austria<br><strong>\u015eakir ESNAF<\/strong>\u00a0T\u00fcrkiye<br><strong>Alp BARAY<\/strong>\u00a0\u00a0 T\u00fcrkiye<br><strong>Bahad\u0131r TUNABOYLU<\/strong>\u00a0T\u00fcrkiye<br><strong>Hatice CAMG\u00d6Z AKDA\u011e\u00a0<\/strong>\u00a0T\u00fcrkiye<br><strong>Haluk SOYUER<\/strong>\u00a0T\u00fcrkiye<br><strong>H\u00fcr Bersam BOLAT\u00a0<\/strong>\u00a0 T\u00fcrkiye<br><strong>N\u00fckhet TUN\u00c7B\u0130LEK\u00a0<\/strong>\u00a0 Canada<br><strong>Tufan TUN\u00c7B\u0130LEK<\/strong>\u00a0 Canada<br><strong>Ece SOYUER<\/strong>\u00a0Austria<br><strong>Jorge BAUER<\/strong>\u00a0Austria<br><strong>Tu\u011f\u00e7e APAYDIN<\/strong> T\u00fcrkiye<br><strong>Kemal KONYALIO\u011eLU<\/strong>\u00a0UK<br><strong>Lukas KR\u00c4UTER<\/strong>\u00a0Austria<br><strong>G\u00f6k\u00e7en BA\u015e<\/strong>\u00a0Austria<br><strong>Emine Elif NEBAT\u0130<\/strong>\u00a0T\u00fcrkiye<br><strong>Gamze U\u011eUR TUNCER<\/strong> Austria<br><strong>Oskar MAYER<\/strong>\u00a0Austria<br><strong>Biset TOPRAK<\/strong>\u00a0T\u00fcrkiye<br><strong>Osman BODUR<\/strong>\u00a0Austria<br><strong>Pa\u015fa \u00c7\u0130\u00c7EKL\u0130DA\u011e<\/strong>\u00a0T\u00fcrkiye<br><strong>David RIEPL<\/strong>\u00a0Austria<br><strong>Mehmet G\u00dcDELEK<\/strong>\u00a0T\u00fcrkiye<\/p>\n","protected":false},"excerpt":{"rendered":"<p>Selim ZA\u0130M\u00a0T\u00fcrkiyeErol G\u00dc\u00c7L\u00dc\u00a0AustriaSemra B\u0130RG\u00dcN\u00a0T\u00fcrkiyeBerna DENG\u0130Z\u00a0T\u00fcrkiyeSerpil EROL\u00a0T\u00fcrkiyeKemal G\u00fcven G\u00dcLEN\u00a0T\u00fcrkiyeAlptekin ERKOLLAR\u00a0T\u00fcrkiyeG\u00fcl E. KREMER\u00a0USAEva WALCHER\u00a0AustriaFerhan \u00c7EB\u0130\u00a0T\u00fcrkiyeDursun DELEN\u00a0\u00a0USAG\u00fcnther POSZVEK\u00a0 Austria\u015eakir ESNAF\u00a0T\u00fcrkiyeAlp BARAY\u00a0\u00a0 T\u00fcrkiyeBahad\u0131r TUNABOYLU\u00a0T\u00fcrkiyeHatice CAMG\u00d6Z AKDA\u011e\u00a0\u00a0T\u00fcrkiyeHaluk SOYUER\u00a0T\u00fcrkiyeH\u00fcr Bersam BOLAT\u00a0\u00a0 T\u00fcrkiyeN\u00fckhet TUN\u00c7B\u0130LEK\u00a0\u00a0 CanadaTufan TUN\u00c7B\u0130LEK\u00a0 CanadaEce SOYUER\u00a0AustriaJorge BAUER\u00a0AustriaTu\u011f\u00e7e APAYDIN T\u00fcrkiyeKemal KONYALIO\u011eLU\u00a0UKLukas KR\u00c4UTER\u00a0AustriaG\u00f6k\u00e7en BA\u015e\u00a0AustriaEmine Elif NEBAT\u0130\u00a0T\u00fcrkiyeGamze U\u011eUR TUNCER AustriaOskar MAYER\u00a0AustriaBiset TOPRAK\u00a0T\u00fcrkiyeOsman BODUR\u00a0AustriaPa\u015fa \u00c7\u0130\u00c7EKL\u0130DA\u011e\u00a0T\u00fcrkiyeDavid RIEPL\u00a0AustriaMehmet G\u00dcDELEK\u00a0T\u00fcrkiye<\/p>\n","protected":false},"author":1,"featured_media":0,"parent":33,"menu_order":2,"comment_status":"closed","ping_status":"closed","template":"page-template\/right-template.php","meta":{"footnotes":""},"class_list":["post-37","page","type-page","status-publish","hentry"],"_links":{"self":[{"href":"https:\/\/ispr.academy\/2024\/wp-json\/wp\/v2\/pages\/37","targetHints":{"allow":["GET"]}}],"collection":[{"href":"https:\/\/ispr.academy\/2024\/wp-json\/wp\/v2\/pages"}],"about":[{"href":"https:\/\/ispr.academy\/2024\/wp-json\/wp\/v2\/types\/page"}],"author":[{"embeddable":true,"href":"https:\/\/ispr.academy\/2024\/wp-json\/wp\/v2\/users\/1"}],"replies":[{"embeddable":true,"href":"https:\/\/ispr.academy\/2024\/wp-json\/wp\/v2\/comments?post=37"}],"version-history":[{"count":2,"href":"https:\/\/ispr.academy\/2024\/wp-json\/wp\/v2\/pages\/37\/revisions"}],"predecessor-version":[{"id":340,"href":"https:\/\/ispr.academy\/2024\/wp-json\/wp\/v2\/pages\/37\/revisions\/340"}],"up":[{"embeddable":true,"href":"https:\/\/ispr.academy\/2024\/wp-json\/wp\/v2\/pages\/33"}],"wp:attachment":[{"href":"https:\/\/ispr.academy\/2024\/wp-json\/wp\/v2\/media?parent=37"}],"curies":[{"name":"wp","href":"https:\/\/api.w.org\/{rel}","templated":true}]}}