{"id":60,"date":"2023-01-08T10:34:06","date_gmt":"2023-01-08T10:34:06","guid":{"rendered":"https:\/\/ispr.academy\/2023\/?page_id=60"},"modified":"2023-07-10T13:10:17","modified_gmt":"2023-07-10T10:10:17","slug":"accomodation","status":"publish","type":"page","link":"https:\/\/ispr.academy\/2023\/location\/accomodation\/","title":{"rendered":"Accomodation"},"content":{"rendered":"\r\n<p><\/p>\r\n<p><strong>ADORA GOLF RESORT BELEK \/ ANTALYA<\/strong><\/p>\r\n<p>\r\n\r\n<\/p>\r\n<p><strong>(5 * All Inclusive)<\/strong><\/p>\r\n<p>\r\n\r\n<\/p>\r\n<p>\r\n\r\n<\/p>\r\n<p>Double Room per Night\u00a0 \u00a0 \u00a0 \u00a0 \u00a0 \u00a0\u20ac 220<\/p>\r\n<p>\r\n\r\n<\/p>\r\n<p>Single Room\u00a0 per Night\u00a0 \u00a0 \u00a0 \u00a0 \u00a0 \u00a0 \u20ac 165<\/p>\r\n<p>Triple Room\u00a0 per Night\u00a0\u00a0\u00a0\u00a0\u00a0\u00a0\u00a0\u00a0\u00a0\u00a0\u00a0\u00a0 \u20ac 300<\/p>\r\n<p>\r\n\r\n<\/p>\r\n<p>(All prices are VAT included)<\/p>\r\n<p>\r\n\r\n<\/p>\r\n<p><strong>TRANSFER DETAILS\u00a0<\/strong><\/p>\r\n<p>\r\n\r\n<\/p>\r\n<p>Antalya Airport \u2013 Adora Golf Resort Belek\u00a0 \u00a0 \u00a0 One-Way<\/p>\r\n<p>\r\n\r\n<\/p>\r\n<p>1 person\u00a0 \u00a0 \u00a0 \u00a0 \u00a0 \u00a0 \u00a0 \u00a0 \u00a0 \u00a0 \u00a0 \u00a0 \u20ac 30<\/p>\r\n<p>\r\n\r\n<\/p>\r\n<p>\r\n\r\n<\/p>\r\n<p>For reservation, please get in touch with\u00a0<strong><em>Mr. Sadi Y\u0131ld\u0131r\u0131m (+90 5324978075)<\/em><\/strong> at <b>sadiyildirim@colmenyatravel.com<\/b> by 31 August 2023. Prepayment of \u20ac 100 is required during reservation.<\/p>\r\n","protected":false},"excerpt":{"rendered":"<p>ADORA GOLF RESORT BELEK \/ ANTALYA (5 * All Inclusive) Double Room per Night\u00a0 \u00a0 \u00a0 \u00a0 \u00a0 \u00a0\u20ac 220 Single Room\u00a0 per Night\u00a0 \u00a0 \u00a0 \u00a0 \u00a0 \u00a0 \u20ac 165 Triple Room\u00a0 per Night\u00a0\u00a0\u00a0\u00a0\u00a0\u00a0\u00a0\u00a0\u00a0\u00a0\u00a0\u00a0 \u20ac 300 (All prices are VAT included) TRANSFER DETAILS\u00a0 Antalya Airport \u2013 Adora Golf Resort Belek\u00a0 \u00a0 \u00a0 One-Way 1 [&hellip;]<\/p>\n","protected":false},"author":1,"featured_media":0,"parent":58,"menu_order":1,"comment_status":"closed","ping_status":"closed","template":"","meta":{"footnotes":""},"class_list":["post-60","page","type-page","status-publish","hentry"],"_links":{"self":[{"href":"https:\/\/ispr.academy\/2023\/wp-json\/wp\/v2\/pages\/60","targetHints":{"allow":["GET"]}}],"collection":[{"href":"https:\/\/ispr.academy\/2023\/wp-json\/wp\/v2\/pages"}],"about":[{"href":"https:\/\/ispr.academy\/2023\/wp-json\/wp\/v2\/types\/page"}],"author":[{"embeddable":true,"href":"https:\/\/ispr.academy\/2023\/wp-json\/wp\/v2\/users\/1"}],"replies":[{"embeddable":true,"href":"https:\/\/ispr.academy\/2023\/wp-json\/wp\/v2\/comments?post=60"}],"version-history":[{"count":9,"href":"https:\/\/ispr.academy\/2023\/wp-json\/wp\/v2\/pages\/60\/revisions"}],"predecessor-version":[{"id":404,"href":"https:\/\/ispr.academy\/2023\/wp-json\/wp\/v2\/pages\/60\/revisions\/404"}],"up":[{"embeddable":true,"href":"https:\/\/ispr.academy\/2023\/wp-json\/wp\/v2\/pages\/58"}],"wp:attachment":[{"href":"https:\/\/ispr.academy\/2023\/wp-json\/wp\/v2\/media?parent=60"}],"curies":[{"name":"wp","href":"https:\/\/api.w.org\/{rel}","templated":true}]}}