{"id":5,"date":"2023-01-07T14:27:39","date_gmt":"2023-01-07T14:27:39","guid":{"rendered":"https:\/\/ispr.academy\/2023\/?page_id=5"},"modified":"2023-10-02T06:39:25","modified_gmt":"2023-10-02T03:39:25","slug":"welcome","status":"publish","type":"page","link":"https:\/\/ispr.academy\/2023\/","title":{"rendered":"Welcome"},"content":{"rendered":"\r\n<h3 class=\"wp-block-heading\" style=\"text-align: center;\"><\/h3>\r\n<h3 class=\"wp-block-heading\" style=\"text-align: center;\"><em><strong>Important Dates<\/strong><\/em><\/h3>\r\n\t\t<div class=\"wpsm_service_b_row\" id=\"wpsm_service_b_row_318\">\r\n\t\t\t    <div class=\"wpsm_row\">\r\n        <style>\r\n\t\t\t.wpsm_row{\r\n\t\t\t\toverflow:hidden;\r\n\t\t\t\tdisplay:block;\r\n\t\t\t\twidth:100%;\r\n\t\t\t}\r\n\t\t\t.wpsm_service_b_row{ \r\n\t\t\t\toverflow:hidden;\r\n\t\t\t\tdisplay:block;\r\n\t\t\t\twidth:100%;\r\n\t\t\t\tborder:0px solid #ddd;\r\n\t\t\t\tmargin-bottom:20px;\r\n\t\t\t}\r\n\t\t\t\t\r\n\t\t #wpsm_service_b_row_318 .wpsm_serviceBox{\r\n\t\t\tpadding: 20px 10px 20px 10px;\r\n\t\t\ttext-align: center;\r\n\t\t\ttransition: all 0.3s ease 0s;\r\n\t\t   background:#1e73be;\r\n\t\t\tmargin-bottom:30px;\r\n\t\t}\r\n\t\t \r\n\t\t #wpsm_service_b_row_318 .wpsm_serviceBox .wpsm_service-icon i{\r\n\t\t\tfont-size: 60px;\r\n\t\t\t color: #000000 !important;\r\n\t\t}\r\n\t\t #wpsm_service_b_row_318 .wpsm_serviceBox .wpsm_service-content h3{\r\n\t\t   color: #ffb300 !important;\r\n\t\t\tfont-size: 21px !important;\r\n\t\t\tfont-weight: 600;\r\n\t\t\t\t\t\tfont-family:'Open Sans' !important;\r\n\t\t\t\t\t   clear:inherit !important;\r\n\t\t\tline-height:1.4 !important;\r\n\t\t\tmargin-top:10px !important;\r\n\t\t\tmargin-bottom:0px !important;\r\n\t\t}\r\n\t\t #wpsm_service_b_row_318 .wpsm_serviceBox .wpsm_service-content p{\r\n\t\t   color:#ffffff !important;\r\n\t\t\tfont-size: 22px !important;\r\n\t\t\tline-height:1.4 !important;\r\n\t\t\t\t\t\tfont-family:'Open Sans' !important;\r\n\t\t\t\t\t\tmargin-top:10px !important;\r\n\t\t\tmargin-bottom:0px !important;\r\n\t\t\t\r\n\t\t\t\r\n\t\t}\r\n\t\t #wpsm_service_b_row_318 .wpsm_serviceBox .wpsm_read_more{\r\n\t\t   margin-top:15px;\r\n\t\t   color: #4c4c4c !important;\r\n\t\t\tfont-size: 16px !important;\r\n\t\t   background:#ffffff;\r\n\t\t\tborder: 2px solid #ffffff;\r\n\t\t\ttext-decoration: none;\r\n\t\t\tdisplay: inline-block;\r\n\t\t\tpadding: 7px 10px;\r\n\t\t   border-radius: 0;\r\n\t\t\tfont-weight: normal;\r\n\t\t\t\t\t\tfont-family:'Open Sans' !important;\r\n\t\t\t\t\t}\r\n\t\t#wpsm_service_b_row_318 .owl-dots{\r\n\t\t\t\t\t\tdisplay: none;\r\n\t\t\t\t\t}\r\n\t\t#wpsm_service_b_row_318 .owl-dots span\r\n\t\t{\r\n\t\t\tbackground:#1e73be;\r\n\t\t}\r\n\r\n\t\t#wpsm_service_b_row_318 .owl-dot.active span{\r\n\t\t\tbackground:#dd9933;\r\n\t\t}\r\n\r\n\t\t#wpsm_service_b_row_318 .owl-dot:hover span{\r\n\t\t\tbackground:#dd9933;\r\n\t\t}\r\n\t\t\r\n\r\n\t\t\t\t\r\n\t\t<\/style>\r\n\t\t<div id=\"wpsm-carousel-318\" class=\"wpsm-service-owl-carousel\">\r\n\t\t\t\t\t\t\r\n\t\t\t\t\t<div class=\"wpsm_serviceBox\">\r\n\t\t\t\t\t\t\t\t\t\t\t\t\t<div class=\"wpsm_service-icon\">\r\n\t\t\t\t\t\t\t\t<i class=\"fa fa-calendar-check-o\"><\/i>\r\n\t\t\t\t\t\t\t<\/div>\r\n\t\t\t\t\t\t\t\t\t\t\t\t<div class=\"wpsm_service-content\">\r\n\t\t\t\t\t\t\t<h3>Abstracts Submission Deadline<\/h3>\r\n\t\t\t\t\t\t\t<p>\r\n\t\t\t\t\t\t\t\tMarch. 1, 2023\t\t\t\t\t\t\t<\/p>\r\n\t\t\t\t\t\t<\/div>\r\n\t\t\t\t\t\t\t\t\t\t\t<\/div>\r\n\t\t\t\t\t\t\t\t\r\n\t\t\t\t\t<div class=\"wpsm_serviceBox\">\r\n\t\t\t\t\t\t\t\t\t\t\t\t\t<div class=\"wpsm_service-icon\">\r\n\t\t\t\t\t\t\t\t<i class=\"fa fa-calendar-check-o\"><\/i>\r\n\t\t\t\t\t\t\t<\/div>\r\n\t\t\t\t\t\t\t\t\t\t\t\t<div class=\"wpsm_service-content\">\r\n\t\t\t\t\t\t\t<h3>Abstract Acceptance Notification<\/h3>\r\n\t\t\t\t\t\t\t<p>\r\n\t\t\t\t\t\t\t\tMarch. 15, 2023\t\t\t\t\t\t\t<\/p>\r\n\t\t\t\t\t\t<\/div>\r\n\t\t\t\t\t\t\t\t\t\t\t<\/div>\r\n\t\t\t\t\t\t\t\t\r\n\t\t\t\t\t<div class=\"wpsm_serviceBox\">\r\n\t\t\t\t\t\t\t\t\t\t\t\t\t<div class=\"wpsm_service-icon\">\r\n\t\t\t\t\t\t\t\t<i class=\"fa fa-calendar-check-o\"><\/i>\r\n\t\t\t\t\t\t\t<\/div>\r\n\t\t\t\t\t\t\t\t\t\t\t\t<div class=\"wpsm_service-content\">\r\n\t\t\t\t\t\t\t<h3>Full Paper Submission Deadline<\/h3>\r\n\t\t\t\t\t\t\t<p>\r\n\t\t\t\t\t\t\t\tAugust. 31, 2023\t\t\t\t\t\t\t<\/p>\r\n\t\t\t\t\t\t<\/div>\r\n\t\t\t\t\t\t\t\t\t\t\t<\/div>\r\n\t\t\t\t\t\t\t\t\r\n\t\t\t\t\t<div class=\"wpsm_serviceBox\">\r\n\t\t\t\t\t\t\t\t\t\t\t\t\t<div class=\"wpsm_service-icon\">\r\n\t\t\t\t\t\t\t\t<i class=\"fa fa-calendar-check-o\"><\/i>\r\n\t\t\t\t\t\t\t<\/div>\r\n\t\t\t\t\t\t\t\t\t\t\t\t<div class=\"wpsm_service-content\">\r\n\t\t\t\t\t\t\t<h3>Full Paper Acceptance Notification<\/h3>\r\n\t\t\t\t\t\t\t<p>\r\n\t\t\t\t\t\t\t\tSeptember. 10, 2023\t\t\t\t\t\t\t<\/p>\r\n\t\t\t\t\t\t<\/div>\r\n\t\t\t\t\t\t\t\t\t\t\t<\/div>\r\n\t\t\t\t    \t\t\r\n    <\/div>\r\n<\/div>\r\n<script>\r\njQuery(document).ready(function() {\r\n\t  var PostId = '318';\r\n\t  PostId = '#wpsm-carousel-'+PostId;\r\n\t  var owl = jQuery(PostId);\r\n\t  owl.owlCarousel({\r\n\t\tresponsiveClass:true,\r\n\t\t\r\n\t\tloop: true,\r\n\t\tmargin: 20,\t\t\t\t\r\n\t\tautoplay: true,\r\n\t\trewindNav : false,\r\n\t\tautoplayTimeout: 5000,\r\n\t\t\r\n        autoplaySpeed: 500,\t\t\t\t\r\n\t\tautoplayHoverPause: true,\t\t\r\n\t\tresponsive: {\r\n\t\t  0: {\r\n\t\t\titems: 1\r\n\t\t  },\r\n\t\t  500: {\r\n\t\t\titems: 2\r\n\t\t  },\r\n\t\t  767: {\r\n\t\t\titems: 2\r\n\t\t  },\r\n\t\t  992: {\r\n\t\t\titems: 3\r\n\t\t  },\r\n\t\t  1000: {\r\n\t\t\titems:4\t\t  }\r\n\t\t}\r\n\t  });\r\n\t  \r\n})\r\n<\/script>   \t\t<\/div>\r\n\t\t\r\n\t\r\n<h2><strong>Welcome and Invitation<\/strong>\r\n\r\n<\/h2>\r\n<h4 style=\"text-align: left;\">The International Symposium for Production Research 2023 (ISPR2023)<\/h4>\r\n<p>The 23th International Symposium for Production Research (ISPR2023) will be held from 5 to 7 October 2023 in <strong>hybrid form, face-to-face and virtual with the participants and speakers who will come to Antalya-T\u00fcrkiye on the first day, and virtually in the presentation sessions on the subsequent days.<\/strong>\r\n\r\n<\/p>\r\n<p>The Programme Committee for the ISPR2023 is seeking for best practices and case studies in all aspects of production and operations management.\r\n\r\n<\/p>\r\n<p>The main goal of the symposium is to bring researchers, scientists and experts from universities, companies, institutions, communities, agencies, associations and societies together to provide them a unique platform for sharing their ideas as well as the recent developments on production\/operations management and technology.\r\n\r\n<\/p>\r\n<p>Since 2010 world is discussing the fourth industrial revolution, Industry 4.0. Enormous developments in science and technology are leading us unavoidably to a change in business practices whose magnitude cannot be predicted. With the aid of IoT, a huge transformation is expected in the production area. In the previous five symposiums, the mottos were declared as \u201cImpacts of Industry 4.0 on Production Systems\u201d, \u201cCases of Industry 4.0 Applications\u201d, \u201cDigital Conversion on the way to Industry 4.0\u201d , \u201cDigitizing Production System.\u201d and \u201cTowards Industry 5.0\u201d. This year\u2019s motto has been determined as \u201c Industrial Engineering in the Industry 4.0 Era \u201c<\/p>\r\n<p>Special sessions, invited speakers, poster and oral presentations will be included in the symposium\u2019s program.<\/p>\r\n<p>We kindly invite you to submit your papers and proposals for the sessions on production and operations research areas, together with papers around \u201c<strong>Industrial Engineering in the Industry 4.0 Era<\/strong>\u201d.<\/p>\r\n<p style=\"text-align: left;\">We particularly welcome the papers of researchers from various engineering fields on the \u201c<strong>Industrial Engineering in the Industry 4.0 Era <\/strong>\u201dand \u00a0encourage multidisciplinary teams to submit their papers to ISPR2023.<\/p>\r\n<p style=\"text-align: left;\">We look forward to seeing you in Antalya!\r\n\r\n<\/p>\r\n<p>\r\n\r\n<\/p>\r\n<figure class=\"wp-block-table\">\r\n<table>\r\n<tbody>\r\n<tr>\r\n<td>\r\n<p style=\"text-align: center;\"><strong>Prof. Dr. M. G\u00fcne\u015f Gen\u00e7y\u0131lmaz<\/strong><\/p>\r\n<p style=\"text-align: center;\">Society for Production Research<\/p>\r\n<\/td>\r\n<td>\r\n<p style=\"text-align: center;\"><strong>Prof. Dr. M. Numan Durakba\u015fa<\/strong><\/p>\r\n<p style=\"text-align: center;\">TU Wien<\/p>\r\n<p style=\"text-align: center;\">(Vienna University of Technology)<\/p>\r\n<\/td>\r\n<\/tr>\r\n<\/tbody>\r\n<\/table>\r\n<\/figure>\r\n<h2><\/h2>\r\n<!-- \/wp:table -->","protected":false},"excerpt":{"rendered":"<p>Important Dates Welcome and Invitation The International Symposium for Production Research 2023 (ISPR2023) The 23th International Symposium for Production Research (ISPR2023) will be held from 5 to 7 October 2023 in hybrid form, face-to-face and virtual with the participants and speakers who will come to Antalya-T\u00fcrkiye on the first day, and virtually in the presentation [&hellip;]<\/p>\n","protected":false},"author":1,"featured_media":0,"parent":0,"menu_order":1,"comment_status":"closed","ping_status":"closed","template":"page-template\/custom-front-page.php","meta":{"footnotes":""},"class_list":["post-5","page","type-page","status-publish","hentry"],"_links":{"self":[{"href":"https:\/\/ispr.academy\/2023\/wp-json\/wp\/v2\/pages\/5","targetHints":{"allow":["GET"]}}],"collection":[{"href":"https:\/\/ispr.academy\/2023\/wp-json\/wp\/v2\/pages"}],"about":[{"href":"https:\/\/ispr.academy\/2023\/wp-json\/wp\/v2\/types\/page"}],"author":[{"embeddable":true,"href":"https:\/\/ispr.academy\/2023\/wp-json\/wp\/v2\/users\/1"}],"replies":[{"embeddable":true,"href":"https:\/\/ispr.academy\/2023\/wp-json\/wp\/v2\/comments?post=5"}],"version-history":[{"count":29,"href":"https:\/\/ispr.academy\/2023\/wp-json\/wp\/v2\/pages\/5\/revisions"}],"predecessor-version":[{"id":443,"href":"https:\/\/ispr.academy\/2023\/wp-json\/wp\/v2\/pages\/5\/revisions\/443"}],"wp:attachment":[{"href":"https:\/\/ispr.academy\/2023\/wp-json\/wp\/v2\/media?parent=5"}],"curies":[{"name":"wp","href":"https:\/\/api.w.org\/{rel}","templated":true}]}}