{"id":40,"date":"2023-01-08T10:04:01","date_gmt":"2023-01-08T10:04:01","guid":{"rendered":"https:\/\/ispr.academy\/2023\/?page_id=40"},"modified":"2023-09-27T19:43:34","modified_gmt":"2023-09-27T16:43:34","slug":"scientific-committee","status":"publish","type":"page","link":"https:\/\/ispr.academy\/2023\/programme\/committees\/scientific-committee\/","title":{"rendered":"Scientific Committee"},"content":{"rendered":"<table width=\"629\">\n<tbody>\n<tr>\n<td width=\"629\">\n<h2><strong>Honorary Chair<\/strong><\/h2>\n<\/td>\n<\/tr>\n<tr>\n<td width=\"629\"><\/td>\n<\/tr>\n<tr>\n<td width=\"629\"><strong>Prof.Dr.Kurt Matyas<\/strong><\/td>\n<\/tr>\n<tr>\n<td width=\"629\">Vice Rector for Academic Affairs<\/td>\n<\/tr>\n<tr>\n<td width=\"629\">TU Wien, Austria<\/td>\n<\/tr>\n<tr>\n<td width=\"629\"><\/td>\n<\/tr>\n<tr>\n<td width=\"629\">\n<h2><strong>Symposium Chairs<\/strong><\/h2>\n<\/td>\n<\/tr>\n<tr>\n<td width=\"629\"><\/td>\n<\/tr>\n<tr>\n<td width=\"629\"><strong>Numan M. Durakba\u015fa<\/strong> \u00a0 Austria<\/td>\n<\/tr>\n<tr>\n<td width=\"629\"><strong>M. G\u00fcne\u015f Gen\u00e7y\u0131lmaz<\/strong> \u00a0 T\u00fcrkiye<\/td>\n<\/tr>\n<tr>\n<td width=\"629\"><\/td>\n<\/tr>\n<tr>\n<td width=\"629\">\n<h2><strong>International Honorary Committee<\/strong><\/h2>\n<\/td>\n<\/tr>\n<tr>\n<td width=\"629\"><\/td>\n<\/tr>\n<tr>\n<td width=\"629\"><strong>Prof. Dr. Albert Weckenmann<\/strong><\/td>\n<\/tr>\n<tr>\n<td width=\"629\">Friedrich-Alexander-Universit\u00e4t Erlangen-N\u00fcrnberg, Germany<\/td>\n<\/tr>\n<tr>\n<td width=\"629\"><strong>Prof. Dr. Alice E. Smith<\/strong><\/td>\n<\/tr>\n<tr>\n<td width=\"629\">Joe W. Forehand\/Accenture Distinguished ProfessorDepartment of Industrial and Systems Engineering andDepartment of Computer Science and Software Engineering, Auburn University, USA<\/td>\n<\/tr>\n<tr>\n<td width=\"629\"><strong>Prof. Dr. Jerzy A. S\u0142adek<\/strong><\/td>\n<\/tr>\n<tr>\n<td width=\"629\">Faculty of Mechanical Engineering, Cracow University of Technology, Poland<\/td>\n<\/tr>\n<tr>\n<td width=\"629\"><strong>Prof. Dr. Andrew Kusiak<\/strong><\/td>\n<\/tr>\n<tr>\n<td width=\"629\">Department of Mechanical and Industrial Engineering College Of Engineering, The University of Iowa, USA<\/td>\n<\/tr>\n<tr>\n<td width=\"629\"><strong>Prof. Dr.\u00a0Daniela Popescu<\/strong><\/td>\n<\/tr>\n<tr>\n<td width=\"629\">Technical University of Cluj-Napoca, Romania<\/td>\n<\/tr>\n<tr>\n<td width=\"629\"><strong>Prof. Dr. Detlef Gerhard<\/strong><\/td>\n<\/tr>\n<tr>\n<td width=\"629\">Ruhr-Universit\u00e4t Bochum, Germany<\/td>\n<\/tr>\n<tr>\n<td width=\"629\"><strong>Prof. Dr. Duc Truong Pham<\/strong><\/td>\n<\/tr>\n<tr>\n<td width=\"629\">Department of Mechanical Engineering,\u00a0School of Engineering,\u00a0College of Engineering and Physical Sciences, The University of Birmingham, UK<\/td>\n<\/tr>\n<tr>\n<td width=\"629\"><strong>Prof. Dr.\u00a0Friedrich Bleicher<\/strong><\/td>\n<\/tr>\n<tr>\n<td width=\"629\">TU Wien, Austria<\/td>\n<\/tr>\n<tr>\n<td width=\"629\"><strong>Prof. Dr.\u00a0Jozef Peterka<\/strong><\/td>\n<\/tr>\n<tr>\n<td width=\"629\">Slovak University\u00a0of Technology, Slovakia<\/td>\n<\/tr>\n<tr>\n<td width=\"629\"><strong>Prof. Dr. Lubomir\u00a0\u0160oo\u0161<\/strong><\/td>\n<\/tr>\n<tr>\n<td width=\"629\">Slovak University\u00a0of Technology in\u00a0Bratislava, Slovakia<\/td>\n<\/tr>\n<tr>\n<td width=\"629\"><strong>Prof. Dr.\u00a0Sorin Popescu<\/strong><\/td>\n<\/tr>\n<tr>\n<td width=\"629\">Technical University of Cluj-Napoca, Romania<\/td>\n<\/tr>\n<tr>\n<td width=\"629\"><strong>Prof. Dr. Stanislaw Adamczak<\/strong><\/td>\n<\/tr>\n<tr>\n<td width=\"629\">Kielce University of Technology, Poland<\/td>\n<\/tr>\n<tr>\n<td width=\"629\"><strong>Prof. Dr.\u00a0Vidosav Majstorovic<\/strong><\/td>\n<\/tr>\n<tr>\n<td width=\"629\">University of\u00a0Belgrade, Serbia<\/td>\n<\/tr>\n<tr>\n<td width=\"629\"><\/td>\n<\/tr>\n<tr>\n<td width=\"629\">\n<h2><strong>International Scientific Committee<\/strong><\/h2>\n<\/td>\n<\/tr>\n<tr>\n<td width=\"629\"><\/td>\n<\/tr>\n<tr>\n<td width=\"629\"><strong>Stanislaw ADAMCZAK\u00a0\u00a0<\/strong>Poland<\/td>\n<\/tr>\n<tr>\n<td width=\"629\"><\/td>\n<\/tr>\n<tr>\n<td width=\"629\"><strong>Hatice CAMG\u00d6Z AKDA\u011e\u00a0 <\/strong>T\u00fcrkiye<\/td>\n<\/tr>\n<tr>\n<td width=\"629\"><strong>An\u0131l AKDO\u011eAN\u00a0 <\/strong>T\u00fcrkiye<\/td>\n<\/tr>\n<tr>\n<td width=\"629\"><strong>Kuban\u00a0 ALTINEL\u00a0 <\/strong>T\u00fcrkiye<\/td>\n<\/tr>\n<tr>\n<td width=\"629\"><strong>\u0130lker AR\u00a0 <\/strong>T\u00fcrkiye<\/td>\n<\/tr>\n<tr>\n<td width=\"629\"><strong>Birdo\u011fan BAK\u0130 <\/strong>T\u00fcrkiye<\/td>\n<\/tr>\n<tr>\n<td width=\"629\"><strong>Erdal BALABAN<\/strong> T\u00fcrkiye<\/td>\n<\/tr>\n<tr>\n<td width=\"629\"><strong>\u015e\u00fckr\u00fc Alp\u00a0 BARAY\u00a0 <\/strong>T\u00fcrkiye<\/td>\n<\/tr>\n<tr>\n<td width=\"629\"><strong>G\u00f6k\u00e7en BA\u015e\u00a0\u00a0<\/strong>Austria<\/td>\n<\/tr>\n<tr>\n<td width=\"629\"><strong>Nuri BA\u015eO\u011eLU <\/strong>T\u00fcrkiye<\/td>\n<\/tr>\n<tr>\n<td width=\"629\"><strong>Jorge BAUER\u00a0<\/strong>Argentina<\/td>\n<\/tr>\n<tr>\n<td width=\"629\"><strong>Adil\u00a0 BAYKASO\u011eLU <\/strong>T\u00fcrkiye<\/td>\n<\/tr>\n<tr>\n<td width=\"629\"><strong>Erkan\u00a0 BAYRAKTAR\u00a0<\/strong>Kuwait<\/td>\n<\/tr>\n<tr>\n<td width=\"629\"><strong>Filippo BERTO\u00a0<\/strong>Norway<\/td>\n<\/tr>\n<tr>\n<td width=\"629\"><strong>Ahmet Korhan B\u0130NARK<\/strong> T\u00fcrkiye<\/td>\n<\/tr>\n<tr>\n<td width=\"629\"><strong>Semra\u00a0 B\u0130RG\u00dcN <\/strong>T\u00fcrkiye<\/td>\n<\/tr>\n<tr>\n<td width=\"629\"><strong>Petr\u00a0 BLECHA\u00a0<\/strong>Czechia<\/td>\n<\/tr>\n<tr>\n<td width=\"629\"><strong>Friedrich\u00a0 BLEICHER\u00a0<\/strong>Austria<\/td>\n<\/tr>\n<tr>\n<td width=\"629\"><strong>H\u00fcr Bersam BOLAT <\/strong>T\u00fcrkiye<\/td>\n<\/tr>\n<tr>\n<td width=\"629\"><strong>Faik Tun\u00e7\u00a0 BOZBURA <\/strong>T\u00fcrkiye<\/td>\n<\/tr>\n<tr>\n<td width=\"629\"><strong>\u0130smail B\u00d6\u011eREKC\u0130\u00a0 <\/strong>T\u00fcrkiye<\/td>\n<\/tr>\n<tr>\n<td width=\"629\"><strong>Igor\u00a0 BUDAK\u00a0<\/strong>Serbia<\/td>\n<\/tr>\n<tr>\n<td width=\"629\"><strong>Akif A. BULGAK\u00a0<\/strong>Canada<\/td>\n<\/tr>\n<tr>\n<td width=\"629\"><strong>Liviu Adrian CRISAN\u00a0<\/strong>Romania<\/td>\n<\/tr>\n<tr>\n<td width=\"629\"><strong>Franci CUS\u00a0<\/strong>Slovenia<\/td>\n<\/tr>\n<tr>\n<td width=\"629\"><strong>\u0130lknur \u00c7AVU\u015eO\u011eLU \u00a0 <\/strong>T\u00fcrkiye<\/td>\n<\/tr>\n<tr>\n<td width=\"629\"><strong>Ferhan\u00a0 \u00c7EB\u0130 <\/strong>T\u00fcrkiye<\/td>\n<\/tr>\n<tr>\n<td width=\"629\"><strong>Dursun DELEN\u00a0<\/strong>USA<\/td>\n<\/tr>\n<tr>\n<td width=\"629\"><strong>Mehmet DEM\u0130RBA\u011e\u00a0<\/strong>United Kingdom<\/td>\n<\/tr>\n<tr>\n<td width=\"629\"><strong>P\u0131nar DEM\u0130RC\u0130O\u011eLU\u00a0 <\/strong>T\u00fcrkiye<\/td>\n<\/tr>\n<tr>\n<td width=\"629\"><strong>Berna\u00a0 DENG\u0130Z <\/strong>T\u00fcrkiye<\/td>\n<\/tr>\n<tr>\n<td width=\"629\"><strong>T\u00fcrkay\u00a0 DEREL\u0130\u00a0<\/strong>T\u00fcrkiye<\/td>\n<\/tr>\n<tr>\n<td width=\"629\"><strong>Murat D\u0130N\u00c7MEN <\/strong>T\u00fcrkiye<\/td>\n<\/tr>\n<tr>\n<td width=\"629\"><strong>Mihai DRAGOMIR <\/strong>Romania<\/td>\n<\/tr>\n<tr>\n<td width=\"629\"><strong>\u00c1gota DR\u00c9GELYI-KISS\u00a0<\/strong>Hungary<\/td>\n<\/tr>\n<tr>\n<td width=\"629\"><strong>Numan\u00a0 DURAKBA\u015eA\u00a0<\/strong>Austria<\/td>\n<\/tr>\n<tr>\n<td width=\"629\"><strong>B\u00fclent\u00a0 DURMU\u015eO\u011eLU <\/strong>T\u00fcrkiye<\/td>\n<\/tr>\n<tr>\n<td width=\"629\"><strong>Alptekin\u00a0 ERKOLLAR\u00a0<\/strong>Switzerland<\/td>\n<\/tr>\n<tr>\n<td width=\"629\"><strong>Serpil\u00a0 EROL <\/strong>T\u00fcrkiye<\/td>\n<\/tr>\n<tr>\n<td width=\"629\"><strong>Ahmet H.\u00a0 ERTA\u015e <\/strong>T\u00fcrkiye<\/td>\n<\/tr>\n<tr>\n<td width=\"629\"><strong>\u015eakir\u00a0 ESNAF <\/strong>T\u00fcrkiye<\/td>\n<\/tr>\n<tr>\n<td width=\"629\"><strong>S. \u00dcmit Oktay\u00a0 FIRAT <\/strong>T\u00fcrkiye<\/td>\n<\/tr>\n<tr>\n<td width=\"629\"><strong>William P., Jr FISHER\u00a0<\/strong>U.S.A.<\/td>\n<\/tr>\n<tr>\n<td width=\"629\"><strong>\u00d6mer Sahin GANIYUSUFOGLU\u00a0<\/strong>Germany-China<\/td>\n<\/tr>\n<tr>\n<td width=\"629\"><strong>G\u00fcne\u015f\u00a0 GENCYILMAZ <\/strong>T\u00fcrkiye<\/td>\n<\/tr>\n<tr>\n<td width=\"629\"><strong>Detlef\u00a0 GERHARD\u00a0<\/strong>Germany<\/td>\n<\/tr>\n<tr>\n<td width=\"629\"><strong>S\u0131tk\u0131\u00a0 G\u00d6ZL\u00dc <\/strong>T\u00fcrkiye<\/td>\n<\/tr>\n<tr>\n<td width=\"629\"><strong>Sorin\u00a0 GROZAV\u00a0<\/strong>Romania<\/td>\n<\/tr>\n<tr>\n<td width=\"629\"><strong>Kemal G\u00fcven G\u00dcLEN <\/strong>T\u00fcrkiye<\/td>\n<\/tr>\n<tr>\n<td width=\"629\"><strong>A\u015fk\u0131ner G\u00dcNG\u00d6R <\/strong>T\u00fcrkiye<\/td>\n<\/tr>\n<tr>\n<td width=\"629\"><strong>Edita HEKELOV\u00c1\u00a0<\/strong>Slovakia<\/td>\n<\/tr>\n<tr>\n<td width=\"629\"><strong>Frantisek HOLESOVSKY\u00a0<\/strong>Czechia<\/td>\n<\/tr>\n<tr>\n<td width=\"629\"><strong>Veysi\u00a0 \u0130\u015eLER <\/strong>T\u00fcrkiye<\/td>\n<\/tr>\n<tr>\n<td width=\"629\"><strong>Cengiz\u00a0 KAHRAMAN <\/strong>T\u00fcrkiye<\/td>\n<\/tr>\n<tr>\n<td width=\"629\"><strong>\u0130mdat KARA <\/strong>T\u00fcrkiye<\/td>\n<\/tr>\n<tr>\n<td width=\"629\"><strong>Takayuki KATOKA\u00a0<\/strong>Japan<\/td>\n<\/tr>\n<tr>\n<td width=\"629\"><strong>Matthias\u00a0 KLUMPP\u00a0<\/strong>Germany<\/td>\n<\/tr>\n<tr>\n<td width=\"629\"><strong>D\u00fcndar\u00a0 KOCAO\u011eLU\u00a0<\/strong>USA<\/td>\n<\/tr>\n<tr>\n<td width=\"629\"><strong>Tufan Vehbi KO\u00c7\u00a0<\/strong>T\u00fcrkiye<\/td>\n<\/tr>\n<tr>\n<td width=\"629\"><strong>Peter KOPACEK\u00a0<\/strong>Austria<\/td>\n<\/tr>\n<tr>\n<td width=\"629\"><strong>Pavel KOVAC <\/strong>Serbia<\/td>\n<\/tr>\n<tr>\n<td width=\"629\"><strong>Marian KR\u00c1LIK\u00a0<\/strong>Slovakia<\/td>\n<\/tr>\n<tr>\n<td width=\"629\"><strong>Lukas\u00a0 KR\u00c4UTER\u00a0<\/strong>Austria<\/td>\n<\/tr>\n<tr>\n<td width=\"629\"><strong>G\u00fcl E. KREMER <\/strong>USA<\/td>\n<\/tr>\n<tr>\n<td width=\"629\"><strong>Cemalettin\u00a0 KUBAT <\/strong>T\u00fcrkiye<\/td>\n<\/tr>\n<tr>\n<td width=\"629\"><strong>Ufuk KULA\u00a0<\/strong>Kuwait<\/td>\n<\/tr>\n<tr>\n<td width=\"629\"><strong>Atik KULAKLI\u00a0<\/strong>Kuwait<\/td>\n<\/tr>\n<tr>\n<td width=\"629\"><strong>Janos KUNDRAK\u00a0<\/strong>Hungary<\/td>\n<\/tr>\n<tr>\n<td width=\"629\"><strong>Andrew KUSIAK\u00a0<\/strong>USA<\/td>\n<\/tr>\n<tr>\n<td width=\"629\"><\/td>\n<\/tr>\n<tr>\n<td width=\"629\"><strong>Vidosav D. MAJSTOROVIC\u00a0<\/strong>Serbia<\/td>\n<\/tr>\n<tr>\n<td width=\"629\"><strong>Ildiko MANKOVA\u00a0<\/strong>Slovakia<\/td>\n<\/tr>\n<tr>\n<td width=\"629\"><strong>Angelos MARKOPOULOS\u00a0<\/strong>Greece<\/td>\n<\/tr>\n<tr>\n<td width=\"629\"><strong>Kurt\u00a0 MATYAS\u00a0<\/strong>Austria<\/td>\n<\/tr>\n<tr>\n<td width=\"629\"><strong>Martin NOV\u00c1K\u00a0<\/strong>Czechia<\/td>\n<\/tr>\n<tr>\n<td width=\"629\"><strong>Birgit OBERER <\/strong>Austria<\/td>\n<\/tr>\n<tr>\n<td width=\"629\"><strong>Y\u0131ld\u0131r\u0131m\u00a0 OMURTAG\u00a0<\/strong>USA<\/td>\n<\/tr>\n<tr>\n<td width=\"629\"><strong>Necdet\u00a0 \u00d6Z\u00c7AKAR <\/strong>T\u00fcrkiye<\/td>\n<\/tr>\n<tr>\n<td width=\"629\"><strong>Deniz \u00d6ZDEM\u0130R <\/strong>T\u00fcrkiye<\/td>\n<\/tr>\n<tr>\n<td width=\"629\"><strong>Ahmet Fahri\u00a0 \u00d6ZOK <\/strong>T\u00fcrkiye<\/td>\n<\/tr>\n<tr>\n<td width=\"629\"><strong>Ercan\u00a0 \u00d6ZTEMEL <\/strong>T\u00fcrkiye<\/td>\n<\/tr>\n<tr>\n<td width=\"629\"><strong>Jozef PETERKA\u00a0<\/strong>Slovakia<\/td>\n<\/tr>\n<tr>\n<td width=\"629\"><strong>Duc Truong PHAM\u00a0<\/strong>United Kingdom<\/td>\n<\/tr>\n<tr>\n<td width=\"629\"><strong>Marcela POKUSOV\u00c1\u00a0<\/strong>Slovakia<\/td>\n<\/tr>\n<tr>\n<td width=\"629\"><strong>Sorin POPESCU\u00a0<\/strong>Romania<\/td>\n<\/tr>\n<tr>\n<td width=\"629\"><strong>Daniela POPESCU\u00a0<\/strong>Romania<\/td>\n<\/tr>\n<tr>\n<td width=\"629\"><strong>Ernst PUCHER\u00a0<\/strong>Austria<\/td>\n<\/tr>\n<tr>\n<td width=\"629\"><strong>Aysun SA\u011eBA\u015e <\/strong>T\u00fcrkiye<\/td>\n<\/tr>\n<tr>\n<td width=\"629\"><strong>Binnur SA\u011eBA\u015e <\/strong>T\u00fcrkiye<\/td>\n<\/tr>\n<tr>\n<td width=\"629\"><strong>Jose Maria SANZ JUAN\u00a0<\/strong>Spain<\/td>\n<\/tr>\n<tr>\n<td width=\"629\"><strong>Amir M.\u00a0 SHARIF\u00a0<\/strong>United Kingdom<\/td>\n<\/tr>\n<tr>\n<td width=\"629\"><strong>Alice\u00a0 SMITH\u00a0<\/strong>USA<\/td>\n<\/tr>\n<tr>\n<td width=\"629\"><strong>\u013dubom\u00edr \u0160OO\u0160\u00a0<\/strong>Slovakia<\/td>\n<\/tr>\n<tr>\n<td width=\"629\"><strong>Arzu G\u00f6nen\u00e7\u00a0 SORGU\u00c7 <\/strong>T\u00fcrkiye<\/td>\n<\/tr>\n<tr>\n<td width=\"629\"><strong>Haluk\u00a0 SOYUER <\/strong>T\u00fcrkiye<\/td>\n<\/tr>\n<tr>\n<td width=\"629\"><strong>Krzysztof\u00a0 STEPIEN\u00a0<\/strong>Poland<\/td>\n<\/tr>\n<tr>\n<td width=\"629\"><strong>P\u00e9ter TAM\u00c1S\u00a0<\/strong>Hungary<\/td>\n<\/tr>\n<tr>\n<td width=\"629\"><strong>Bar\u0131\u015f\u00a0 TAN <\/strong>T\u00fcrkiye<\/td>\n<\/tr>\n<tr>\n<td width=\"629\"><strong>Mehmet\u00a0 TANYA\u015e <\/strong>T\u00fcrkiye<\/td>\n<\/tr>\n<tr>\n<td width=\"629\"><\/td>\n<\/tr>\n<tr>\n<td width=\"629\"><strong>Harun\u00a0 TA\u015eKIN <\/strong>T\u00fcrkiye<\/td>\n<\/tr>\n<tr>\n<td width=\"629\"><strong>Jan TORGERSEN\u00a0<\/strong>Norway<\/td>\n<\/tr>\n<tr>\n<td width=\"629\"><strong>Orhan\u00a0 TORKUL <\/strong>T\u00fcrkiye<\/td>\n<\/tr>\n<tr>\n<td width=\"629\"><strong>Bahad\u0131r\u00a0 TUNABOYLU <\/strong>T\u00fcrkiye<\/td>\n<\/tr>\n<tr>\n<td width=\"629\"><strong>G\u00fcnd\u00fcz\u00a0 ULUSOY <\/strong>T\u00fcrkiye<\/td>\n<\/tr>\n<tr>\n<td width=\"629\"><strong>Gyula\u00a0VARGA <\/strong>Hungary<\/td>\n<\/tr>\n<tr>\n<td width=\"629\"><strong>Karol VEL\u00cd\u0160EK\u00a0<\/strong>Slovakia<\/td>\n<\/tr>\n<tr>\n<td width=\"629\"><strong>John\u00a0 WANG\u00a0<\/strong>USA<\/td>\n<\/tr>\n<tr>\n<td width=\"629\"><strong>Albert\u00a0 WECKENMANN\u00a0<\/strong>Germany<\/td>\n<\/tr>\n<tr>\n<td width=\"629\"><strong>Murat YAL\u00c7INTA\u015e <\/strong>T\u00fcrkiye<\/td>\n<\/tr>\n<tr>\n<td width=\"629\"><strong>Mehmet Mutlu\u00a0 YEN\u0130SEY <\/strong>T\u00fcrkiye<\/td>\n<\/tr>\n<tr>\n<td width=\"629\"><strong>Mehmet Emin YURCI <\/strong>T\u00fcrkiye<\/td>\n<\/tr>\n<tr>\n<td width=\"629\"><strong>Hilmi Y\u00dcKSEL <\/strong>T\u00fcrkiye<\/td>\n<\/tr>\n<tr>\n<td width=\"629\"><strong>Selim ZA\u0130M <\/strong>T\u00fcrkiye<\/td>\n<\/tr>\n<tr>\n<td width=\"629\"><strong>Wojciech ZEBALA\u00a0<\/strong>Poland<\/td>\n<\/tr>\n<tr>\n<td width=\"629\"><strong>Muammer ZERENLER <\/strong>T\u00fcrkiye<\/td>\n<\/tr>\n<\/tbody>\n<\/table>\n","protected":false},"excerpt":{"rendered":"<p>Honorary Chair Prof.Dr.Kurt Matyas Vice Rector for Academic Affairs TU Wien, Austria Symposium Chairs Numan M. Durakba\u015fa \u00a0 Austria M. G\u00fcne\u015f Gen\u00e7y\u0131lmaz \u00a0 T\u00fcrkiye International Honorary Committee Prof. Dr. Albert Weckenmann Friedrich-Alexander-Universit\u00e4t Erlangen-N\u00fcrnberg, Germany Prof. Dr. Alice E. Smith Joe W. Forehand\/Accenture Distinguished ProfessorDepartment of Industrial and Systems Engineering andDepartment of Computer Science and Software [&hellip;]<\/p>\n","protected":false},"author":1,"featured_media":0,"parent":38,"menu_order":1,"comment_status":"closed","ping_status":"closed","template":"","meta":{"footnotes":""},"class_list":["post-40","page","type-page","status-publish","hentry"],"_links":{"self":[{"href":"https:\/\/ispr.academy\/2023\/wp-json\/wp\/v2\/pages\/40","targetHints":{"allow":["GET"]}}],"collection":[{"href":"https:\/\/ispr.academy\/2023\/wp-json\/wp\/v2\/pages"}],"about":[{"href":"https:\/\/ispr.academy\/2023\/wp-json\/wp\/v2\/types\/page"}],"author":[{"embeddable":true,"href":"https:\/\/ispr.academy\/2023\/wp-json\/wp\/v2\/users\/1"}],"replies":[{"embeddable":true,"href":"https:\/\/ispr.academy\/2023\/wp-json\/wp\/v2\/comments?post=40"}],"version-history":[{"count":13,"href":"https:\/\/ispr.academy\/2023\/wp-json\/wp\/v2\/pages\/40\/revisions"}],"predecessor-version":[{"id":423,"href":"https:\/\/ispr.academy\/2023\/wp-json\/wp\/v2\/pages\/40\/revisions\/423"}],"up":[{"embeddable":true,"href":"https:\/\/ispr.academy\/2023\/wp-json\/wp\/v2\/pages\/38"}],"wp:attachment":[{"href":"https:\/\/ispr.academy\/2023\/wp-json\/wp\/v2\/media?parent=40"}],"curies":[{"name":"wp","href":"https:\/\/api.w.org\/{rel}","templated":true}]}}