{"id":39,"date":"2023-01-08T10:04:17","date_gmt":"2023-01-08T10:04:17","guid":{"rendered":"https:\/\/ispr.academy\/2023\/?page_id=39"},"modified":"2023-01-15T19:57:49","modified_gmt":"2023-01-15T19:57:49","slug":"organizing-committee","status":"publish","type":"page","link":"https:\/\/ispr.academy\/2023\/programme\/committees\/organizing-committee\/","title":{"rendered":"Organizing Committee"},"content":{"rendered":"\r\n<p><strong>Selim ZA\u0130M<\/strong> T\u00fcrkiye<br \/><strong>G\u00fcne\u015f GEN\u00c7YILMAZ<\/strong> T\u00fcrkiye<br \/><strong>Erol G\u00dc\u00c7L\u00dc<\/strong> Austria<br \/><strong>Semra B\u0130RG\u00dcN<\/strong> T\u00fcrkiye<br \/><strong>Berna DENG\u0130Z<\/strong> T\u00fcrkiye<br \/><strong>Serpil EROL<\/strong> T\u00fcrkiye<br \/><strong>Kemal G\u00fcven G\u00dcLEN<\/strong> T\u00fcrkiye<br \/><strong>Alptekin ERKOLLAR<\/strong> T\u00fcrkiye<br \/><strong>G\u00fcl E. KREMER<\/strong> USA<br \/><strong>Eva WALCHER<\/strong> Austria<br \/><strong>Ferhan \u00c7EB\u0130<\/strong> T\u00fcrkiye<br \/><strong>Dursun DELEN\u00a0 <\/strong>USA<br \/><strong>G\u00fcnther POSZVEK<\/strong>\u00a0 Austria<br \/><strong>\u015eakir ESNAF<\/strong>\u00a0T\u00fcrkiye<br \/><strong>Alp BARAY<\/strong>\u00a0\u00a0 T\u00fcrkiye<br \/><strong>Bahad\u0131r TUNABOYLU<\/strong> T\u00fcrkiye<br \/><strong>Hatice CAMG\u00d6Z AKDA\u011e\u00a0<\/strong> T\u00fcrkiye<br \/><strong>Haluk SOYUER<\/strong> T\u00fcrkiye<br \/><strong>H\u00fcr Bersam BOLAT\u00a0<\/strong>\u00a0 T\u00fcrkiye<br \/><strong>N\u00fckhet TUN\u00c7B\u0130LEK\u00a0<\/strong>\u00a0 Canada<br \/><strong>Tufan TUN\u00c7B\u0130LEK<\/strong>\u00a0 Canada<br \/><strong>Ece SOYUER<\/strong> Austria<br \/><strong>Jorge BAUER<\/strong> Austria<br \/><strong>Tu\u011f\u00e7e BELDEK<\/strong> T\u00fcrkiye<br \/><strong>Kemal KONYALIO\u011eLU<\/strong> UK<br \/><strong>Lukas KR\u00c4UTER<\/strong> Austria<br \/><strong>G\u00f6k\u00e7en BA\u015e<\/strong> Austria<br \/><strong>Emine Elif NEBAT\u0130<\/strong> T\u00fcrkiye<br \/><strong>Gamze U\u011eUR TUNCER<\/strong>\u00a0\u00a0\u00a0 Austria<br \/><strong>Oskar MAYER<\/strong> Austria<br \/><strong>Biset TOPRAK<\/strong> T\u00fcrkiye<br \/><strong>Osman BODUR<\/strong> Austria<br \/><strong>Pa\u015fa \u00c7\u0130\u00c7EKL\u0130DA\u011e<\/strong> T\u00fcrkiye<br \/><strong>David RIEPL<\/strong> Austria<br \/><strong>Mehmet G\u00dcDELEK<\/strong> T\u00fcrkiye<\/p>\r\n","protected":false},"excerpt":{"rendered":"<p>Selim ZA\u0130M T\u00fcrkiyeG\u00fcne\u015f GEN\u00c7YILMAZ T\u00fcrkiyeErol G\u00dc\u00c7L\u00dc AustriaSemra B\u0130RG\u00dcN T\u00fcrkiyeBerna DENG\u0130Z T\u00fcrkiyeSerpil EROL T\u00fcrkiyeKemal G\u00fcven G\u00dcLEN T\u00fcrkiyeAlptekin ERKOLLAR T\u00fcrkiyeG\u00fcl E. KREMER USAEva WALCHER AustriaFerhan \u00c7EB\u0130 T\u00fcrkiyeDursun DELEN\u00a0 USAG\u00fcnther POSZVEK\u00a0 Austria\u015eakir ESNAF\u00a0T\u00fcrkiyeAlp BARAY\u00a0\u00a0 T\u00fcrkiyeBahad\u0131r TUNABOYLU T\u00fcrkiyeHatice CAMG\u00d6Z AKDA\u011e\u00a0 T\u00fcrkiyeHaluk SOYUER T\u00fcrkiyeH\u00fcr Bersam BOLAT\u00a0\u00a0 T\u00fcrkiyeN\u00fckhet TUN\u00c7B\u0130LEK\u00a0\u00a0 CanadaTufan TUN\u00c7B\u0130LEK\u00a0 CanadaEce SOYUER AustriaJorge BAUER AustriaTu\u011f\u00e7e BELDEK T\u00fcrkiyeKemal KONYALIO\u011eLU UKLukas KR\u00c4UTER [&hellip;]<\/p>\n","protected":false},"author":1,"featured_media":0,"parent":38,"menu_order":2,"comment_status":"closed","ping_status":"closed","template":"","meta":{"footnotes":""},"class_list":["post-39","page","type-page","status-publish","hentry"],"_links":{"self":[{"href":"https:\/\/ispr.academy\/2023\/wp-json\/wp\/v2\/pages\/39","targetHints":{"allow":["GET"]}}],"collection":[{"href":"https:\/\/ispr.academy\/2023\/wp-json\/wp\/v2\/pages"}],"about":[{"href":"https:\/\/ispr.academy\/2023\/wp-json\/wp\/v2\/types\/page"}],"author":[{"embeddable":true,"href":"https:\/\/ispr.academy\/2023\/wp-json\/wp\/v2\/users\/1"}],"replies":[{"embeddable":true,"href":"https:\/\/ispr.academy\/2023\/wp-json\/wp\/v2\/comments?post=39"}],"version-history":[{"count":8,"href":"https:\/\/ispr.academy\/2023\/wp-json\/wp\/v2\/pages\/39\/revisions"}],"predecessor-version":[{"id":376,"href":"https:\/\/ispr.academy\/2023\/wp-json\/wp\/v2\/pages\/39\/revisions\/376"}],"up":[{"embeddable":true,"href":"https:\/\/ispr.academy\/2023\/wp-json\/wp\/v2\/pages\/38"}],"wp:attachment":[{"href":"https:\/\/ispr.academy\/2023\/wp-json\/wp\/v2\/media?parent=39"}],"curies":[{"name":"wp","href":"https:\/\/api.w.org\/{rel}","templated":true}]}}