{"id":15,"date":"2023-01-08T09:41:24","date_gmt":"2023-01-08T09:41:24","guid":{"rendered":"https:\/\/ispr.academy\/2023\/?page_id=15"},"modified":"2023-01-13T23:31:14","modified_gmt":"2023-01-13T23:31:14","slug":"past-events","status":"publish","type":"page","link":"https:\/\/ispr.academy\/2023\/ispr\/past-events\/","title":{"rendered":"Past Events"},"content":{"rendered":"\r\n<p><strong>Previous Symposiums for Production Research<\/strong><\/p>\r\n\r\n\r\n\r\n<figure class=\"wp-block-table\">\r\n<table>\r\n<tbody>\r\n<tr>\r\n<td><strong>Symp<\/strong><\/td>\r\n<td><strong>Date<\/strong><\/td>\r\n<td><strong>Hosting University(ies)<\/strong><\/td>\r\n<td><strong>Symposium Chair(s)<\/strong><\/td>\r\n<\/tr>\r\n<tr>\r\n<td>1<\/td>\r\n<td>Oct.30-31 1997<\/td>\r\n<td>\u0130st. Teknik Univ.<br \/>\u0130stanbul Univ.<\/td>\r\n<td>A.Toraman (ITU) G.Gen\u00e7y\u0131lmaz (IU)<\/td>\r\n<\/tr>\r\n<tr>\r\n<td>2<\/td>\r\n<td>Nov. 8-9 2001<\/td>\r\n<td>\u0130st. Teknik Univ.<br \/>\u0130stanbul Univ.<\/td>\r\n<td>A.Toraman (ITU) G.Gen\u00e7y\u0131lmaz (IU)<\/td>\r\n<\/tr>\r\n<tr>\r\n<td>3<\/td>\r\n<td>Apr. 19-20 2003<\/td>\r\n<td>\u0130st. Kultur Univ.<\/td>\r\n<td>G.Gen\u00e7y\u0131lmaz (IKU)<\/td>\r\n<\/tr>\r\n<tr>\r\n<td>4<\/td>\r\n<td>Oct. 8-10 2004<\/td>\r\n<td>Konya Sel\u00e7uk Univ.<\/td>\r\n<td>M.Tekin (SU)<\/td>\r\n<\/tr>\r\n<tr>\r\n<td>5<\/td>\r\n<td>Nov. 25-27 2005<\/td>\r\n<td>\u0130st. Ticaret Univ.<\/td>\r\n<td>S.Birg\u00fcn (ITICU)<\/td>\r\n<\/tr>\r\n<tr>\r\n<td>6<\/td>\r\n<td>Sep. 22-23 2006<\/td>\r\n<td>\u0130st. Kultur Univ.<\/td>\r\n<td>G.Gen\u00e7y\u0131lmaz (IKU)<\/td>\r\n<\/tr>\r\n<tr>\r\n<td>7<\/td>\r\n<td>Nov. 15-17 2007<\/td>\r\n<td>Gazi Univ.<\/td>\r\n<td>S.Erol (GU)<\/td>\r\n<\/tr>\r\n<tr>\r\n<td>8<\/td>\r\n<td>Oct. 24-25 2008<\/td>\r\n<td>\u0130st. Kultur Univ. Istanbul Univ.<\/td>\r\n<td>G.Gen\u00e7y\u0131lmaz (IKU) \u015e.Esnaf (IU)<\/td>\r\n<\/tr>\r\n<tr>\r\n<td>9<\/td>\r\n<td>Oct. 15-17 2009<\/td>\r\n<td>Eski\u015fehir Osmangazi \u00dcniv.<\/td>\r\n<td>N.Y\u00fcz\u00fcg\u00fcll\u00fc (EOU)<\/td>\r\n<\/tr>\r\n<tr>\r\n<td>10<\/td>\r\n<td>Sep. 15-17 2010<\/td>\r\n<td>Girne American Univ.<br \/>\u00dcretim Ara\u015ft\u0131rmalar\u0131 Derne\u011fi (\u00dcAD)<\/td>\r\n<td>Y.\u00d6ner (GAU) A.Toraman (ITU) G.Gen\u00e7y\u0131lmaz (UAD)<\/td>\r\n<\/tr>\r\n<tr>\r\n<td>11<\/td>\r\n<td>Jun. 23-24 2011<\/td>\r\n<td>\u0130st. Ticaret Univ.<\/td>\r\n<td>S.Birg\u00fcn (\u0130T\u0130CU)<\/td>\r\n<\/tr>\r\n<tr>\r\n<td>12<\/td>\r\n<td>Sep. 27-29 2012<\/td>\r\n<td>Gediz Univ.<\/td>\r\n<td>M.G\u00fcne\u015f (GU)<\/td>\r\n<\/tr>\r\n<tr>\r\n<td>13<\/td>\r\n<td>Sep. 25-27 2013<\/td>\r\n<td>Sakarya Univ.<br \/>Marmara Univ.<\/td>\r\n<td>O.Torkul (SAU) S.\u00dcmit F\u0131rat (MU)<\/td>\r\n<\/tr>\r\n<tr>\r\n<td>14<\/td>\r\n<td>Sep. 03-04 2014<\/td>\r\n<td>Bah\u00e7e\u015fehir Univ.<\/td>\r\n<td>S.G\u00f6zl\u00fc (BAU)<\/td>\r\n<\/tr>\r\n<tr>\r\n<td>15<\/td>\r\n<td>Oct. 14-16 2015<\/td>\r\n<td>Ege Univ.<br \/>\u00dcretim Ara\u015ft\u0131rmalar\u0131 Derne\u011fi (\u00dcAD)<\/td>\r\n<td>H. Soyuer (EU) G.Gen\u00e7y\u0131lmaz (UAD)<\/td>\r\n<\/tr>\r\n<tr>\r\n<td>16<\/td>\r\n<td>Oct. 12-14 2016<\/td>\r\n<td>\u0130st. Teknik Univ.<br \/>\u00dcretim Ara\u015ft\u0131rmalar\u0131 Derne\u011fi (\u00dcAD)<\/td>\r\n<td>F.\u00c7ebi (ITU) G.Gen\u00e7y\u0131lmaz (UAD)<\/td>\r\n<\/tr>\r\n<tr>\r\n<td>17<\/td>\r\n<td>Sept. 13-15 2017<\/td>\r\n<td>TU Wien<br \/>Society for Production Research (SPR)<\/td>\r\n<td>Numan M. Durakba\u015fa (TU Wien) M. G\u00fcne\u015f Gen\u00e7y\u0131lmaz (SPR)<\/td>\r\n<\/tr>\r\n<tr>\r\n<td>18<\/td>\r\n<td>Aug. 28-31 2018<\/td>\r\n<td>TU Wien<br \/>Society for Production Research (SPR)<\/td>\r\n<td>Numan M. Durakba\u015fa (TU Wien) M. G\u00fcne\u015f Gen\u00e7y\u0131lmaz (SPR)<\/td>\r\n<\/tr>\r\n<tr>\r\n<td>19<\/td>\r\n<td>Aug. 28-30 2019<\/td>\r\n<td>TU Wien<br \/>Society for Production Research (SPR)<\/td>\r\n<td>Numan M. Durakba\u015fa (TU Wien) M. G\u00fcne\u015f Gen\u00e7y\u0131lmaz (SPR)<\/td>\r\n<\/tr>\r\n<tr>\r\n<td>20<\/td>\r\n<td>Sep. 24-27 2020<\/td>\r\n<td>TU Wien<br \/>Society for Production Research (SPR)<\/td>\r\n<td>Numan M. Durakba\u015fa (TU Wien) M. G\u00fcne\u015f Gen\u00e7y\u0131lmaz (SPR)<\/td>\r\n<\/tr>\r\n<tr>\r\n<td>21<\/td>\r\n<td>Oct. 7-9 2021<\/td>\r\n<td>TU Wien<br \/>Society for Production Research (SPR)<\/td>\r\n<td>Numan M. Durakba\u015fa (TU Wien) M. G\u00fcne\u015f Gen\u00e7y\u0131lmaz (SPR)<\/td>\r\n<\/tr>\r\n<tr>\r\n<td>22<\/td>\r\n<td>Oct. 6-8 2022<\/td>\r\n<td>TU Wien<br \/>Society for Production Research (SPR)<\/td>\r\n<td>Numan M. Durakba\u015fa (TU Wien) M. G\u00fcne\u015f Gen\u00e7y\u0131lmaz (SPR)<\/td>\r\n<\/tr>\r\n<\/tbody>\r\n<\/table>\r\n<\/figure>\r\n","protected":false},"excerpt":{"rendered":"<p>Previous Symposiums for Production Research Symp Date Hosting University(ies) Symposium Chair(s) 1 Oct.30-31 1997 \u0130st. Teknik Univ.\u0130stanbul Univ. A.Toraman (ITU) G.Gen\u00e7y\u0131lmaz (IU) 2 Nov. 8-9 2001 \u0130st. Teknik Univ.\u0130stanbul Univ. A.Toraman (ITU) G.Gen\u00e7y\u0131lmaz (IU) 3 Apr. 19-20 2003 \u0130st. Kultur Univ. G.Gen\u00e7y\u0131lmaz (IKU) 4 Oct. 8-10 2004 Konya Sel\u00e7uk Univ. M.Tekin (SU) 5 Nov. 25-27 [&hellip;]<\/p>\n","protected":false},"author":1,"featured_media":0,"parent":27,"menu_order":1,"comment_status":"closed","ping_status":"closed","template":"","meta":{"footnotes":""},"class_list":["post-15","page","type-page","status-publish","hentry"],"_links":{"self":[{"href":"https:\/\/ispr.academy\/2023\/wp-json\/wp\/v2\/pages\/15","targetHints":{"allow":["GET"]}}],"collection":[{"href":"https:\/\/ispr.academy\/2023\/wp-json\/wp\/v2\/pages"}],"about":[{"href":"https:\/\/ispr.academy\/2023\/wp-json\/wp\/v2\/types\/page"}],"author":[{"embeddable":true,"href":"https:\/\/ispr.academy\/2023\/wp-json\/wp\/v2\/users\/1"}],"replies":[{"embeddable":true,"href":"https:\/\/ispr.academy\/2023\/wp-json\/wp\/v2\/comments?post=15"}],"version-history":[{"count":3,"href":"https:\/\/ispr.academy\/2023\/wp-json\/wp\/v2\/pages\/15\/revisions"}],"predecessor-version":[{"id":298,"href":"https:\/\/ispr.academy\/2023\/wp-json\/wp\/v2\/pages\/15\/revisions\/298"}],"up":[{"embeddable":true,"href":"https:\/\/ispr.academy\/2023\/wp-json\/wp\/v2\/pages\/27"}],"wp:attachment":[{"href":"https:\/\/ispr.academy\/2023\/wp-json\/wp\/v2\/media?parent=15"}],"curies":[{"name":"wp","href":"https:\/\/api.w.org\/{rel}","templated":true}]}}